{"id":152,"date":"2010-08-05T19:41:22","date_gmt":"2010-08-05T17:41:22","guid":{"rendered":"http:\/\/www.weinfreunde-vom-hellweg.de\/alex\/wordpress\/?page_id=152"},"modified":"2026-02-18T18:11:22","modified_gmt":"2026-02-18T17:11:22","slug":"links","status":"publish","type":"page","link":"https:\/\/www.weinfreunde-vom-hellweg.de\/alex\/wordpress\/?page_id=152","title":{"rendered":"Links"},"content":{"rendered":"\n<figure class=\"wp-block-table\"><table class=\"has-fixed-layout\"><thead><tr><th>Beschreibung<\/th><th>Link<\/th><\/tr><\/thead><tbody><tr><td>Wir sind Mitglied der Gemeinschaft Deutschsprachiger Weinbruderschaften<\/td><td><a href=\"https:\/\/weinbruderschaften.org\/\" target=\"_blank\" rel=\"noreferrer noopener\">Weinbruderschaften<\/a><\/td><\/tr><tr><td>Informationen und Aktuelles rund um den Deutschen Wein<\/td><td><a href=\"https:\/\/www.deutscheweine.de\/\" target=\"_blank\" rel=\"noreferrer noopener\">Deutsches Weininstitut<\/a><\/td><\/tr><tr><td>Liste der 307 in Deutschland klassifizierten Rebsorten<\/td><td><a href=\"https:\/\/www.weinfreunde-vom-hellweg.de\/alex\/wordpress\/wp-content\/uploads\/2023-08-04-Rebsorten-Deutschland.pdf\" target=\"_blank\" rel=\"noreferrer noopener\">Rebsorten Deutschland<\/a> (PDF)<\/td><\/tr><tr><td>Weinregionen in Deutschland<\/td><td><a href=\"https:\/\/www.deutscheweine.de\/regionen\" target=\"_blank\" rel=\"noreferrer noopener\">DWI \/ Regionen<\/a><\/td><\/tr><tr><td>Weinregionen in Frankreich<\/td><td><a href=\"https:\/\/de.wikipedia.org\/wiki\/Weinbau_in_Frankreich\" target=\"_blank\" rel=\"noreferrer noopener\">Wikipedia \/ WeinanbauFrankreich<\/a><\/td><\/tr><tr><td>Bundesanstalt f\u00fcr Landwirtschaft und Ern\u00e4hrung, &#8222;Das Weinrecht&#8220;, 30. Auflage zum kostenlosen Download<\/td><td><a href=\"https:\/\/www.ble-medienservice.de\/das-weinrecht-5867.html\" target=\"_blank\" rel=\"noreferrer noopener\">Das Weinrecht<\/a><\/td><\/tr><tr><td>Ein Artikel aus der Frankfurter Rundschau, der sich kritisch mit der Kennzeichnungspflicht f\u00fcr Wein ab dem Jahrgang 2026 auseinandersetzt.<\/td><td><a href=\"https:\/\/www.weinfreunde-vom-hellweg.de\/alex\/wordpress\/wp-content\/uploads\/2021-11-01-Weingesetz-FR.pdf\" target=\"_blank\" rel=\"noreferrer noopener\">Weingesetz 2026 FrRu<\/a><\/td><\/tr><tr><td>Viele Informationen rund um den Wein<\/td><td><a href=\"https:\/\/glossar.wein.plus\/\" target=\"_blank\" rel=\"noreferrer noopener\">Weinlexikon<\/a><\/td><\/tr><tr><td><strong>Wuppertaler Weinkonvent<\/strong><br>Weinfreunde, die seit 1991 zu Veranstaltungen rund um den Wein einladen.<\/td><td><a href=\"https:\/\/www.weinkonvent.de\/index.html\" target=\"_blank\" rel=\"noreferrer noopener\">Wuppertaler Weinkonvent<\/a><\/td><\/tr><tr><td><strong>M\u00fclheimer Weinbruderschaft<\/strong><br>Die Weinbruderschaft St. Martin zu M\u00fclheim an der Ruhr e.V. ist eine unabh\u00e4ngige&nbsp;Vereinigung Gleichgesinnter mit Interesse am Wein und der Weinkultur.<br>Die Bruderschaft gibt es seit Dezember 1970.<\/td><td><a href=\"https:\/\/weinbruderschaft-muelheim.de\/\" target=\"_blank\" rel=\"noreferrer noopener\">M\u00fchlheimer Weinbruderschaft<\/a><\/td><\/tr><tr><td><strong>Weingef\u00e4hrten in Werne<\/strong><br>Die Weingef\u00e4hrten sind Pauline, Sabrina und Frank, die hoffen noch viele gleichgesinnte Weinliebhaber in den Kreis der Weingef\u00e4hrten aufnehmen zu k\u00f6nnen, denn Wein ist f\u00fcr uns das faszinierendste Getr\u00e4nk der Welt.<\/td><td><a href=\"https:\/\/weingefaehrten.de\/\" target=\"_blank\" rel=\"noreferrer noopener\">Weingef\u00e4hrten in Werne<\/a><\/td><\/tr><tr><td><strong>Weinorden Pfeddersheim<\/strong><br>Die Interessengemeinschaft Pfeddersheimer Winzer, die im Jahr 1960 als eine der ersten rheinhessischen Interessengemeinschaften ins Leben gerufen wurde, gr\u00fcndete am 26. Mai 1974 den \u201eOrden der Freunde des Pfeddersheimer Weins\u201c. Die Idee zu dieser Ordensgr\u00fcndung ging von Werner Egelhof, dem damaligen Vorsitzenden der IG Pfeddersheimer Winzer, aus, dessen Zielsetzung darin bestand, den Pfeddersheimer Wein \u00fcber die \u00f6rtlichen Grenzen st\u00e4rker ins \u00f6ffentliche Bewusstsein zu r\u00fccken. Dazu sollte der neue Weinorden beitragen.<\/td><td><a href=\"https:\/\/www.weinorden-pfeddersheim.de\/\" target=\"_blank\" rel=\"noreferrer noopener\">Weinorden Pfeddersheim<\/a><\/td><\/tr><\/tbody><\/table><\/figure>\n","protected":false},"excerpt":{"rendered":"<p>Beschreibung Link Wir sind Mitglied der Gemeinschaft Deutschsprachiger Weinbruderschaften Weinbruderschaften Informationen und Aktuelles rund um den Deutschen Wein Deutsches Weininstitut Liste der 307 in Deutschland klassifizierten Rebsorten Rebsorten Deutschland (PDF) Weinregionen in Deutschland DWI \/ Regionen Weinregionen in Frankreich Wikipedia &hellip; <a href=\"https:\/\/www.weinfreunde-vom-hellweg.de\/alex\/wordpress\/?page_id=152\">Weiterlesen <span class=\"meta-nav\">&rarr;<\/span><\/a><\/p>\n","protected":false},"author":12,"featured_media":0,"parent":0,"menu_order":7,"comment_status":"closed","ping_status":"open","template":"","meta":{"ngg_post_thumbnail":0,"footnotes":""},"class_list":["post-152","page","type-page","status-publish","hentry"],"_links":{"self":[{"href":"https:\/\/www.weinfreunde-vom-hellweg.de\/alex\/wordpress\/index.php?rest_route=\/wp\/v2\/pages\/152","targetHints":{"allow":["GET"]}}],"collection":[{"href":"https:\/\/www.weinfreunde-vom-hellweg.de\/alex\/wordpress\/index.php?rest_route=\/wp\/v2\/pages"}],"about":[{"href":"https:\/\/www.weinfreunde-vom-hellweg.de\/alex\/wordpress\/index.php?rest_route=\/wp\/v2\/types\/page"}],"author":[{"embeddable":true,"href":"https:\/\/www.weinfreunde-vom-hellweg.de\/alex\/wordpress\/index.php?rest_route=\/wp\/v2\/users\/12"}],"replies":[{"embeddable":true,"href":"https:\/\/www.weinfreunde-vom-hellweg.de\/alex\/wordpress\/index.php?rest_route=%2Fwp%2Fv2%2Fcomments&post=152"}],"version-history":[{"count":23,"href":"https:\/\/www.weinfreunde-vom-hellweg.de\/alex\/wordpress\/index.php?rest_route=\/wp\/v2\/pages\/152\/revisions"}],"predecessor-version":[{"id":6085,"href":"https:\/\/www.weinfreunde-vom-hellweg.de\/alex\/wordpress\/index.php?rest_route=\/wp\/v2\/pages\/152\/revisions\/6085"}],"wp:attachment":[{"href":"https:\/\/www.weinfreunde-vom-hellweg.de\/alex\/wordpress\/index.php?rest_route=%2Fwp%2Fv2%2Fmedia&parent=152"}],"curies":[{"name":"wp","href":"https:\/\/api.w.org\/{rel}","templated":true}]}}