{"id":2969,"date":"2024-11-15T23:14:09","date_gmt":"2024-11-15T21:14:09","guid":{"rendered":"https:\/\/www.weinfreunde-vom-hellweg.de\/alex\/wordpress\/?page_id=2969"},"modified":"2024-11-20T18:36:12","modified_gmt":"2024-11-20T16:36:12","slug":"05-01-2012-neujahrsempfang","status":"publish","type":"page","link":"https:\/\/www.weinfreunde-vom-hellweg.de\/alex\/wordpress\/?page_id=2969","title":{"rendered":"Neujahrsempfang"},"content":{"rendered":"\n<p>Donnerstag, 05.01.2012, 19:00 Uhr im Kunstverein Unna<\/p>\n\n\n\n<p>Wir Weinfreunde wollen das neue Jahr mit einem Umtrunk begr\u00fc\u00dfen. Zu einem rustikalen Imbiss wird der Kellermeister ausgew\u00e4hlte Sch\u00e4tze aus unserem Weinkeller holen. Nat\u00fcrlich wird wieder ein Quiz rund um den Wein veranstaltet und au\u00dferdem werden kostbare Weine versteigert.<\/p>\n\n\n\n<p><a href=\"https:\/\/www.weinfreunde-vom-hellweg.de\/alex\/wordpress\/wp-content\/uploads\/2024\/11\/2012-01-05-Weinliste-Neujahrsempfang.pdf\" target=\"_blank\" rel=\"noreferrer noopener\">Weinliste<\/a> (PDF)<\/p>\n","protected":false},"excerpt":{"rendered":"<p>Donnerstag, 05.01.2012, 19:00 Uhr im Kunstverein Unna Wir Weinfreunde wollen das neue Jahr mit einem Umtrunk begr\u00fc\u00dfen. Zu einem rustikalen Imbiss wird der Kellermeister ausgew\u00e4hlte Sch\u00e4tze aus unserem Weinkeller holen. Nat\u00fcrlich wird wieder ein Quiz rund um den Wein veranstaltet &hellip; <a href=\"https:\/\/www.weinfreunde-vom-hellweg.de\/alex\/wordpress\/?page_id=2969\">Weiterlesen <span class=\"meta-nav\">&rarr;<\/span><\/a><\/p>\n","protected":false},"author":14,"featured_media":0,"parent":2960,"menu_order":1,"comment_status":"closed","ping_status":"closed","template":"","meta":{"ngg_post_thumbnail":0,"footnotes":""},"class_list":["post-2969","page","type-page","status-publish","hentry"],"_links":{"self":[{"href":"https:\/\/www.weinfreunde-vom-hellweg.de\/alex\/wordpress\/index.php?rest_route=\/wp\/v2\/pages\/2969","targetHints":{"allow":["GET"]}}],"collection":[{"href":"https:\/\/www.weinfreunde-vom-hellweg.de\/alex\/wordpress\/index.php?rest_route=\/wp\/v2\/pages"}],"about":[{"href":"https:\/\/www.weinfreunde-vom-hellweg.de\/alex\/wordpress\/index.php?rest_route=\/wp\/v2\/types\/page"}],"author":[{"embeddable":true,"href":"https:\/\/www.weinfreunde-vom-hellweg.de\/alex\/wordpress\/index.php?rest_route=\/wp\/v2\/users\/14"}],"replies":[{"embeddable":true,"href":"https:\/\/www.weinfreunde-vom-hellweg.de\/alex\/wordpress\/index.php?rest_route=%2Fwp%2Fv2%2Fcomments&post=2969"}],"version-history":[{"count":3,"href":"https:\/\/www.weinfreunde-vom-hellweg.de\/alex\/wordpress\/index.php?rest_route=\/wp\/v2\/pages\/2969\/revisions"}],"predecessor-version":[{"id":3175,"href":"https:\/\/www.weinfreunde-vom-hellweg.de\/alex\/wordpress\/index.php?rest_route=\/wp\/v2\/pages\/2969\/revisions\/3175"}],"up":[{"embeddable":true,"href":"https:\/\/www.weinfreunde-vom-hellweg.de\/alex\/wordpress\/index.php?rest_route=\/wp\/v2\/pages\/2960"}],"wp:attachment":[{"href":"https:\/\/www.weinfreunde-vom-hellweg.de\/alex\/wordpress\/index.php?rest_route=%2Fwp%2Fv2%2Fmedia&parent=2969"}],"curies":[{"name":"wp","href":"https:\/\/api.w.org\/{rel}","templated":true}]}}