{"id":2972,"date":"2024-11-15T23:18:49","date_gmt":"2024-11-15T21:18:49","guid":{"rendered":"https:\/\/www.weinfreunde-vom-hellweg.de\/alex\/wordpress\/?page_id=2972"},"modified":"2024-11-20T18:36:48","modified_gmt":"2024-11-20T16:36:48","slug":"09-02-2012-frankreichs-suedwesten","status":"publish","type":"page","link":"https:\/\/www.weinfreunde-vom-hellweg.de\/alex\/wordpress\/?page_id=2972","title":{"rendered":"Frankreichs S\u00fcdwesten"},"content":{"rendered":"\n<p>Donnerstag, 09.02.2012, 19:00 Uhr im Kunstverein Unna<\/p>\n\n\n\n<p>Obwohl die unter der Bezeichnung \u201eSud-Ouest\u201c zusammengefasste franz\u00f6sische Weinbauregion \u00fcber fast 15,000 Hektar Rebfl\u00e4chen verf\u00fcgt, sind die Weine hierzulande nur einem kleinen Kreis interessierter Weinliebhaber bekannt. Ursachen sind einerseits die \u00fcberm\u00e4chtig erscheinende Nachbarregion des Bordelais und andererseits die sehr weit gestreuten unterschiedlichen Einzelappelationen. Aber gerade darin liegt der Reiz der Region, nicht zuletzt weil sich dort im Gegensatz zu anderen Gebieten \u00fcber die Jahrhunderte eine F\u00fclle an autochthonen Rebsorten gehalten hat. Wer kennt schon Negrette, Fer-Servadou, Arrufiac usw.? Sie haben die seltene M\u00f6glichkeit, diese kennenzulernen!<\/p>\n\n\n\n<p>Moderation : Ralph Tegethoff<\/p>\n\n\n\n<p><a href=\"https:\/\/www.weinfreunde-vom-hellweg.de\/alex\/wordpress\/wp-content\/uploads\/2024\/11\/2012-02-09-Weinliste-Frankreichs-Suedwesten.pdf\" target=\"_blank\" rel=\"noreferrer noopener\">Weinliste<\/a> (PDF)<\/p>\n","protected":false},"excerpt":{"rendered":"<p>Donnerstag, 09.02.2012, 19:00 Uhr im Kunstverein Unna Obwohl die unter der Bezeichnung \u201eSud-Ouest\u201c zusammengefasste franz\u00f6sische Weinbauregion \u00fcber fast 15,000 Hektar Rebfl\u00e4chen verf\u00fcgt, sind die Weine hierzulande nur einem kleinen Kreis interessierter Weinliebhaber bekannt. Ursachen sind einerseits die \u00fcberm\u00e4chtig erscheinende Nachbarregion &hellip; <a href=\"https:\/\/www.weinfreunde-vom-hellweg.de\/alex\/wordpress\/?page_id=2972\">Weiterlesen <span class=\"meta-nav\">&rarr;<\/span><\/a><\/p>\n","protected":false},"author":14,"featured_media":0,"parent":2960,"menu_order":2,"comment_status":"closed","ping_status":"closed","template":"","meta":{"ngg_post_thumbnail":0,"footnotes":""},"class_list":["post-2972","page","type-page","status-publish","hentry"],"_links":{"self":[{"href":"https:\/\/www.weinfreunde-vom-hellweg.de\/alex\/wordpress\/index.php?rest_route=\/wp\/v2\/pages\/2972","targetHints":{"allow":["GET"]}}],"collection":[{"href":"https:\/\/www.weinfreunde-vom-hellweg.de\/alex\/wordpress\/index.php?rest_route=\/wp\/v2\/pages"}],"about":[{"href":"https:\/\/www.weinfreunde-vom-hellweg.de\/alex\/wordpress\/index.php?rest_route=\/wp\/v2\/types\/page"}],"author":[{"embeddable":true,"href":"https:\/\/www.weinfreunde-vom-hellweg.de\/alex\/wordpress\/index.php?rest_route=\/wp\/v2\/users\/14"}],"replies":[{"embeddable":true,"href":"https:\/\/www.weinfreunde-vom-hellweg.de\/alex\/wordpress\/index.php?rest_route=%2Fwp%2Fv2%2Fcomments&post=2972"}],"version-history":[{"count":4,"href":"https:\/\/www.weinfreunde-vom-hellweg.de\/alex\/wordpress\/index.php?rest_route=\/wp\/v2\/pages\/2972\/revisions"}],"predecessor-version":[{"id":3176,"href":"https:\/\/www.weinfreunde-vom-hellweg.de\/alex\/wordpress\/index.php?rest_route=\/wp\/v2\/pages\/2972\/revisions\/3176"}],"up":[{"embeddable":true,"href":"https:\/\/www.weinfreunde-vom-hellweg.de\/alex\/wordpress\/index.php?rest_route=\/wp\/v2\/pages\/2960"}],"wp:attachment":[{"href":"https:\/\/www.weinfreunde-vom-hellweg.de\/alex\/wordpress\/index.php?rest_route=%2Fwp%2Fv2%2Fmedia&parent=2972"}],"curies":[{"name":"wp","href":"https:\/\/api.w.org\/{rel}","templated":true}]}}