{"id":2979,"date":"2024-11-15T23:26:00","date_gmt":"2024-11-15T21:26:00","guid":{"rendered":"https:\/\/www.weinfreunde-vom-hellweg.de\/alex\/wordpress\/?page_id=2979"},"modified":"2024-11-20T18:37:24","modified_gmt":"2024-11-20T16:37:24","slug":"19-04-2012-reisebericht-suedamerika","status":"publish","type":"page","link":"https:\/\/www.weinfreunde-vom-hellweg.de\/alex\/wordpress\/?page_id=2979","title":{"rendered":"Reisebericht S\u00fcdamerika"},"content":{"rendered":"\n<p>Donnerstag, 19.04.2012, 19:30 Uhr im Kunstverein Unna<\/p>\n\n\n\n<p>S\u00fcdamerika, besonders Argentinien und Chile finden heute bei einer Verkostung internationaler Weine zunehmende Beachtung. W\u00e4hrend e\u0131ner umfangreichen Studienreise durch diese lateinamerikanischen L\u00e4nder wollen sich die Referenten beim Besuch vieler Weing\u00fcter von der Qualit\u00e4t der Weine \u00fcberzeugen, aber auch die beeindruckenden Natur- und Kulturdenkm\u00e4ler bestaunen.<\/p>\n\n\n\n<p>Moderation: Heidi und Reiner Sch\u00e4fer<\/p>\n\n\n\n<p><a href=\"https:\/\/www.weinfreunde-vom-hellweg.de\/alex\/wordpress\/wp-content\/uploads\/2024\/11\/2012-04-19-Weinliste-Suedamerika.pdf\" target=\"_blank\" rel=\"noreferrer noopener\">Weinliste<\/a> (PDF)<\/p>\n\n\n\n<p><a href=\"https:\/\/www.weinfreunde-vom-hellweg.de\/alex\/wordpress\/wp-content\/uploads\/2024\/11\/2012-04-19-Weinbewertung-Suedamerika.pdf\" target=\"_blank\" rel=\"noreferrer noopener\">Weinbewertung<\/a> (PDF)<\/p>\n","protected":false},"excerpt":{"rendered":"<p>Donnerstag, 19.04.2012, 19:30 Uhr im Kunstverein Unna S\u00fcdamerika, besonders Argentinien und Chile finden heute bei einer Verkostung internationaler Weine zunehmende Beachtung. W\u00e4hrend e\u0131ner umfangreichen Studienreise durch diese lateinamerikanischen L\u00e4nder wollen sich die Referenten beim Besuch vieler Weing\u00fcter von der Qualit\u00e4t &hellip; <a href=\"https:\/\/www.weinfreunde-vom-hellweg.de\/alex\/wordpress\/?page_id=2979\">Weiterlesen <span class=\"meta-nav\">&rarr;<\/span><\/a><\/p>\n","protected":false},"author":14,"featured_media":0,"parent":2960,"menu_order":4,"comment_status":"closed","ping_status":"closed","template":"","meta":{"ngg_post_thumbnail":0,"footnotes":""},"class_list":["post-2979","page","type-page","status-publish","hentry"],"_links":{"self":[{"href":"https:\/\/www.weinfreunde-vom-hellweg.de\/alex\/wordpress\/index.php?rest_route=\/wp\/v2\/pages\/2979","targetHints":{"allow":["GET"]}}],"collection":[{"href":"https:\/\/www.weinfreunde-vom-hellweg.de\/alex\/wordpress\/index.php?rest_route=\/wp\/v2\/pages"}],"about":[{"href":"https:\/\/www.weinfreunde-vom-hellweg.de\/alex\/wordpress\/index.php?rest_route=\/wp\/v2\/types\/page"}],"author":[{"embeddable":true,"href":"https:\/\/www.weinfreunde-vom-hellweg.de\/alex\/wordpress\/index.php?rest_route=\/wp\/v2\/users\/14"}],"replies":[{"embeddable":true,"href":"https:\/\/www.weinfreunde-vom-hellweg.de\/alex\/wordpress\/index.php?rest_route=%2Fwp%2Fv2%2Fcomments&post=2979"}],"version-history":[{"count":7,"href":"https:\/\/www.weinfreunde-vom-hellweg.de\/alex\/wordpress\/index.php?rest_route=\/wp\/v2\/pages\/2979\/revisions"}],"predecessor-version":[{"id":3178,"href":"https:\/\/www.weinfreunde-vom-hellweg.de\/alex\/wordpress\/index.php?rest_route=\/wp\/v2\/pages\/2979\/revisions\/3178"}],"up":[{"embeddable":true,"href":"https:\/\/www.weinfreunde-vom-hellweg.de\/alex\/wordpress\/index.php?rest_route=\/wp\/v2\/pages\/2960"}],"wp:attachment":[{"href":"https:\/\/www.weinfreunde-vom-hellweg.de\/alex\/wordpress\/index.php?rest_route=%2Fwp%2Fv2%2Fmedia&parent=2979"}],"curies":[{"name":"wp","href":"https:\/\/api.w.org\/{rel}","templated":true}]}}