{"id":2983,"date":"2024-11-15T23:29:45","date_gmt":"2024-11-15T21:29:45","guid":{"rendered":"https:\/\/www.weinfreunde-vom-hellweg.de\/alex\/wordpress\/?page_id=2983"},"modified":"2024-11-20T18:37:07","modified_gmt":"2024-11-20T16:37:07","slug":"03-03-2012-junge-schwaben","status":"publish","type":"page","link":"https:\/\/www.weinfreunde-vom-hellweg.de\/alex\/wordpress\/?page_id=2983","title":{"rendered":"&#8222;Junge Schwaben&#8220;"},"content":{"rendered":"\n<p>Donnerstag, 03.03.2012, 19:30 Uhr im Kunstverein Unna<\/p>\n\n\n\n<p>Im Jahre 2002 gr\u00fcndeten in W\u00fcrttemberg 5 junge, engag\u0131erte M\u00e4nner die Winzergruppe \u201eJunge Schwaben\u201c. Dieses Logo wird heute von vielen Weinfreunden einer Qualit\u00e4tsgarantie gleichgesetzt.<\/p>\n\n\n\n<p>Diese schw\u00e4bischen Winzer bekennen sich zur traditionellen Weinbereitung. Vielfalt und Urspr\u00fcnglichkeit der eigenen Weine sind ihr Hauptanliegen. Davon wollen wir uns bei einer Verkostung m\u0131t Weinen der Gruppe \u00fcberzeugen lassen.<\/p>\n\n\n\n<p>Moderation : Rainer Wachtstetter<\/p>\n\n\n\n<p><a href=\"https:\/\/www.weinfreunde-vom-hellweg.de\/alex\/wordpress\/wp-content\/uploads\/2024\/11\/2012-03-03-Weinliste-Junges-Schwaben.pdf\" target=\"_blank\" rel=\"noreferrer noopener\">Weinliste<\/a> (PDF)<\/p>\n\n\n\n<p><a href=\"https:\/\/www.weinfreunde-vom-hellweg.de\/alex\/wordpress\/wp-content\/uploads\/2024\/11\/2012-03-03-Weinbewertung-Junges-Schwaben.pdf\" target=\"_blank\" rel=\"noreferrer noopener\">Weinbewertung<\/a> (PDF)<\/p>\n","protected":false},"excerpt":{"rendered":"<p>Donnerstag, 03.03.2012, 19:30 Uhr im Kunstverein Unna Im Jahre 2002 gr\u00fcndeten in W\u00fcrttemberg 5 junge, engag\u0131erte M\u00e4nner die Winzergruppe \u201eJunge Schwaben\u201c. Dieses Logo wird heute von vielen Weinfreunden einer Qualit\u00e4tsgarantie gleichgesetzt. Diese schw\u00e4bischen Winzer bekennen sich zur traditionellen Weinbereitung. Vielfalt &hellip; <a href=\"https:\/\/www.weinfreunde-vom-hellweg.de\/alex\/wordpress\/?page_id=2983\">Weiterlesen <span class=\"meta-nav\">&rarr;<\/span><\/a><\/p>\n","protected":false},"author":14,"featured_media":0,"parent":2960,"menu_order":3,"comment_status":"closed","ping_status":"closed","template":"","meta":{"ngg_post_thumbnail":0,"footnotes":""},"class_list":["post-2983","page","type-page","status-publish","hentry"],"_links":{"self":[{"href":"https:\/\/www.weinfreunde-vom-hellweg.de\/alex\/wordpress\/index.php?rest_route=\/wp\/v2\/pages\/2983","targetHints":{"allow":["GET"]}}],"collection":[{"href":"https:\/\/www.weinfreunde-vom-hellweg.de\/alex\/wordpress\/index.php?rest_route=\/wp\/v2\/pages"}],"about":[{"href":"https:\/\/www.weinfreunde-vom-hellweg.de\/alex\/wordpress\/index.php?rest_route=\/wp\/v2\/types\/page"}],"author":[{"embeddable":true,"href":"https:\/\/www.weinfreunde-vom-hellweg.de\/alex\/wordpress\/index.php?rest_route=\/wp\/v2\/users\/14"}],"replies":[{"embeddable":true,"href":"https:\/\/www.weinfreunde-vom-hellweg.de\/alex\/wordpress\/index.php?rest_route=%2Fwp%2Fv2%2Fcomments&post=2983"}],"version-history":[{"count":3,"href":"https:\/\/www.weinfreunde-vom-hellweg.de\/alex\/wordpress\/index.php?rest_route=\/wp\/v2\/pages\/2983\/revisions"}],"predecessor-version":[{"id":3177,"href":"https:\/\/www.weinfreunde-vom-hellweg.de\/alex\/wordpress\/index.php?rest_route=\/wp\/v2\/pages\/2983\/revisions\/3177"}],"up":[{"embeddable":true,"href":"https:\/\/www.weinfreunde-vom-hellweg.de\/alex\/wordpress\/index.php?rest_route=\/wp\/v2\/pages\/2960"}],"wp:attachment":[{"href":"https:\/\/www.weinfreunde-vom-hellweg.de\/alex\/wordpress\/index.php?rest_route=%2Fwp%2Fv2%2Fmedia&parent=2983"}],"curies":[{"name":"wp","href":"https:\/\/api.w.org\/{rel}","templated":true}]}}