{"id":2987,"date":"2024-11-15T23:35:00","date_gmt":"2024-11-15T21:35:00","guid":{"rendered":"https:\/\/www.weinfreunde-vom-hellweg.de\/alex\/wordpress\/?page_id=2987"},"modified":"2024-11-20T18:37:46","modified_gmt":"2024-11-20T16:37:46","slug":"28-04-2012-05-05-2012-weinreise-oesterreich","status":"publish","type":"page","link":"https:\/\/www.weinfreunde-vom-hellweg.de\/alex\/wordpress\/?page_id=2987","title":{"rendered":"Weinreise \u00d6sterreich"},"content":{"rendered":"\n<p>Samstag, 28.04.2012 bis Samstag 05.05.2012<\/p>\n\n\n\n<p>Auf der n\u00e4chsten Weinreise zu unseren deutschsprachigen Nachbarn wollen wir zur sch\u00f6nsten Jahreszeit die Vielfalt der unterschiedlichen Weinlandschaften bereisen und dabei die Philosophie vieler Winzer und \u0131hre Weine kennenlernen. Ein weiterer Schwerpunkt soll der Besuch der Hauptstadt Wien werden, wo auch unser Hotel ist.<\/p>\n\n\n\n<p>Reiseleitung: Reiner Sch\u00e4fer.<\/p>\n\n\n\n<hr class=\"wp-block-separator has-alpha-channel-opacity is-style-wide\"\/>\n\n\n\n<p><strong>Samstag 28.04.2012<\/strong><\/p>\n\n\n\n<p>Bei starkem Regen, 11\u00b0C Au\u00dfentemperatur, traten am 28.04., p\u00fcnktlich um 6 Uhr ab Unna, 24 Weinfreundinnen Weinfreunde eine erlebnisreiche Reise in die \u00f6sterreichische Landeshauptstadt Wien an.<br>Auf einem Rastplatz im Spessart, bei Sonnenschein und 18\u00b0C, wurde uns ein von Heidi und Reiner Sch\u00e4fer sehr gut vorbereitetes Fr\u00fchst\u00fcck serviert, Wein fehlte auch nicht.<br>Nach einer angenehmen Weiterfahrt in einem modernen Reisebus der Firma Reimann und dem allseits bekannten Fahrer G\u00fcnter, erreichten wir unser Ziel bei 31\u00b0C gegen 18 Uhr.<br>Die gesamte Reisegruppe wurde im sehr zentral gelegenen Seminarhotel \u201eSpringer Schl\u00f6\u00dfl\u201c untergebracht. Um 20 Uhr trafen wir uns zum gemeinsamen Abendessen im S\u00fcdtiroler Wirtshaus Stafler.<\/p>\n\n\n\n<p><strong>Sonntag 29.04.2012<\/strong><\/p>\n\n\n\n<p>Der Sonntag begann mit einem guten Fr\u00fchst\u00fcck, unter hohen Schwarzkiefern, bei strahlend blauem Himmel und hohen Temperaturen, Um 09:30 Uhr trafen wir uns in der romantischen Altstadt mit einer sympathischen Stadtf\u00fchrerin. Es gab Erl\u00e4uterungen zur Kaisergruft, zum Neumarkt, zum \u00e4ltesten Kaffeehaus Frauenhuber (hier verbringen die Wiener viel Zeit, sie nennen es auch ihr Wohn- und Arbeitszimmer, sie sind nicht daheim und doch zu Hause), zum Mozart-Haus (hier entstand die Zauberfl\u00f6te), zur Franziskaner Kirche, zum Franz Grillparzer-Haus, zur Blutgasse, zum Kaffeehaus Koschitzki, zum Zw\u00f6lf-Apostelkeller-Stadtheurigen und zum Lokal \u201eZum lieben Augustin\u201c.<br>Um 16 Uhr trafen wir uns zur Besichtigung und F\u00fchrung im Schloss Sch\u00f6nbrunn, der ehemaligen Sommerresidenz der Habsburger. Anschlie\u00dfend wurde uns ein reichhaltiges Abendmen\u00fc im Restaurant Residenz Sch\u00f6nbrunn serviert. Um 20:30 Uhr erlebten wir in der Orangerie des Schlosses Sch\u00f6nbrunn ein hochwertiges Konzert mit Werken von W. A. Mozart und Johann Strauss.<\/p>\n\n\n\n<p><strong>Montag 30.04.2012<\/strong><\/p>\n\n\n\n<p>Besuch des Naschmarktes bei 31\u00b0C, Hat mit Naschen nichts zu tun. Der Name wird vom Aschenmarkt abgeleitet, so nannte man die Gef\u00e4\u00dfe, in denen im 18. Jahrhundert Milch eingekauft wurde.<br>Das Warenangebot des Marktes verbl\u00fcfft durch seine umwerfende Vielfalt, H\u00e4ndler aus aller Herren L\u00e4nder bieten exotische K\u00f6stlichkeiten aus ihren Heimatkulturen an.<br>Um 13 Uhr ging es weiter, am Hundertwasser Haus vorbei, zum Weingut Fritz Wieninger, ca. 45ha Rebfl\u00e4chen. Er produziert sehr hochwertige Qualit\u00e4tsweine und exportiert in 30 L\u00e4nder, Hier erhielten wir eine gute Einf\u00fchrung und Erl\u00e4uterung \u00fcber die neuen Ideen im Weinbau und der Bewirtschaftung nach biologisch-dynamischen Richtlinien. Wien hat eine Gesamtrebfl\u00e4che von ca. 700ha. Der bekannteste Wein ist der Gr\u00fcne Veltliner.<br>Weiter ging es zum Weingut Mayer am Pfarrplatz, 60ha Rebfl\u00e4che, ein gro\u00dfer Teil der Rebfl\u00e4che befindet sich in der ber\u00fchmten Wiener-Toplage \u201eNussberg\u201c. Hier, im Heurigen, wurden uns zum Abendessen erlesene Weine serviert.<\/p>\n\n\n\n<p><strong>Dienstag 01.05.2012<\/strong><\/p>\n\n\n\n<p>Der 1. Mai begr\u00fc\u00dfte uns mit strahlendem Sonnenschein. Es stand eine Fahrt in die abwechslungsreiche Region der Wachau auf dem Plan. Zun\u00e4chst besuchten wir das sehenswerte Benediktinerstift G\u00f6ttweig. Dem Stift geh\u00f6ren rund 45 M\u00f6nche an, von denen \u00fcber 30 in der Pfarrseelsorge und in Schulen der Di\u00f6zesen Wien und St. P\u00f6lten t\u00e4tig sind.<br>12:30 Uhr Weiterfahrt zum Weingut Holzapfel. Auf mineralhaltigen, kalkhaltigen und schieferdurchsetzten B\u00f6den gedeihen Trauben h\u00f6chster G\u00fcte. Nach einer Begr\u00fc\u00dfung mit einem prickelnden Sekt wurden uns erlesene Weine und ein tolles Men\u00fc geboten. Weiter ging es zu der Perle der Wachau, zum mittelalterlichen D\u00fcrnstein. Zwischen Donau und steil aufsteigenden Urgesteinsfelsen und Weinbergen erlebten wir hier eine Altstadt, wie eine Puppenstube der Renaissance.<\/p>\n\n\n\n<p><strong>Mittwoch 02.05.2012<\/strong><\/p>\n\n\n\n<p>Heute ging es in das Weinbaugebiet Kamptal zum Weingut Loimer, Langenlois. 65ha Rebfl\u00e4che werden hier nach biodynamischen, \u00f6kologischen Richtlinien bewirtschaftet. Nach einem Rundgang durch den ca. 450m langen Gew\u00f6lbekeller wurde uns eine Weinverkostung mit erlesenen Weinen geboten. Hier im Kamptal liefern die L\u00f6\u00df- und Schieferb\u00f6den, sowie die k\u00fchlen N\u00e4chte und hohen Tagestemperaturen, besondere Weine. Weiter ging es zur Loisium Weinerlebniswelt. Hier erlebten wir, bei einem spannenden Rundgang, wie die Traube zum Wein wird, wie sich Wetter, Mond und der Boden auf den Wein auswirken und die Winzer vor 100 Jahren gelebt und gearbeitet haben.<br>Bei unserm n\u00e4chsten Besuch auf dem \u00e4ltesten Weingut \u00d6sterreichs und fr\u00fcheren Bischofssitz dem Nikolaihof Wachau, 22ha Weinbaufl\u00e4che, wurde uns die biologische Bodenverbesserung durch das Kuhhornverfahren erl\u00e4utert. Im gro\u00dfen Innenhof unter einer bl\u00fchenden Linde wurden uns erlesene Weine zur Verkostung kredenzt. Auch das gemeinsame Abendessen war landestypisch und von hoher Qualit\u00e4t.<\/p>\n\n\n\n<p><strong>Donnerstag 03.05.2012<\/strong><\/p>\n\n\n\n<p>F\u00fcr heute hatte Reiner Sch\u00e4fer eine ausgezeichnete Winzerin angek\u00fcndigt.<br>Die Fahrt ging in das Weinbaugebiet Carnuntum zum Weingut Wiederstein in G\u00f6ttlesbrunn. Hier empfing uns die Winzerin Birgit Wiederstein.<br>Nach einem Sektempfang, Verkostung von guten Weinen und einem rustikalen Buffet erlebten wir eine Winzerin, die mit Freude und Herz ihre Produkte pr\u00e4sentierte. Ihre Weinphilosophie: \u201eWein ist f\u00fcr mich ein Traum, den ich t\u00e4glich mit Leidenschaft erlebe.\u201c<br>Um 14 Uhr wurde uns im Weingut Nittnaus die n\u00e4chste Weinprobe geboten. Auf einer Rebfl\u00e4che von 50ha Eigenbesitz und 30ha Zupacht werden hier Rot-, Wei\u00df- und S\u00fc\u00dfweine in h\u00f6chster Qualit\u00e4t gekeltert.<br>16:30 Uhr gab es beim Weingut Heiss, JIlmitz die n\u00e4chste Weinprobe. Am Ostufer des Neusiedlersees bewirtschaftet die Familie Heiss eine Rebfl\u00e4che von 9,5ha nach kontrolliertem integriertem Verfahren und keltert Rot- und Wei\u00dfweine in allen Pr\u00e4dikatsstufen. Die Weinproben und ein reichhaltiges Abendessen wurden uns im Heurigen Fasskeller Kroiss geboten.<\/p>\n\n\n\n<p><strong>Freitag 04.05.2012<\/strong><\/p>\n\n\n\n<p>Heute starteten wir eine Fahrt ins Burgenland zum Weingut Tinhof in Eisenstadt. Nach einer freundlichen Begr\u00fc\u00dfung durch Hermn Tinhof, erl\u00e4uterte er uns die Umstellung seiner 14ha Rebfl\u00e4che auf biologisch-organische Betriebsweise. Bepflanzt sind seine Weing\u00e4rten mit alten \u00d6sterreichischen Sorten, wie Neuburger, Wei\u00dfburgunder, Blaufr\u00e4nkisch, Zweigelt und Sankt Laurent. In dem sehr gepflegten Betrieb werden die Trauben nach sorgf\u00e4ltiger Handlese und schonender Verarbeitung, ohne technische Konzentrationsverfahren, gekeltert und die Weine abgef\u00fcllt. Diese hohe Qualit\u00e4t haben wir bei der anschlie\u00dfenden Weinprobe genossen.<br>Nach einem erholsamen Rundgang durch das historische Zentrum der Stadt Eisenstadt, versammelten wir uns um 13:30 Uhr im Innenhof des ungarischen F\u00fcrsten-Schlosses Esterh\u00e4zy zur Besichtigung und F\u00fchrung. Im Anschluss folgte die Fahrt zum Weingut Elfenhof in Rust am Neusiedler See. Dieses Gebiet z\u00e4hlt zu den besten Weinbaufl\u00e4chen der Welt mit den meisten Sonnenscheintagen Mitteleuropas. Hier wurde uns eine z\u00fcnftige Weinprobe kredenzt. Weiter ging es zum Weingut Freigut Thallern (Zisterzienser Kloster) in Gumpoldskirchen. Dieses ist eines der \u00e4ltesten und traditionsreichsten Weing\u00fcter \u00d6sterreichs.<br>In der angeschlossenen Vinothek mit mehr als 40 Weing\u00fctern der Thermenregion erlebten wir eine hervorragend Weinverkostung. Zum Abschluss wurde uns im zum Freigut Thallern geh\u00f6rende Klostergasthaus ein mehrg\u00e4ngiges, wohlschmeckendes Men\u00fc mit begleitenden Weinen serviert. In diesem w\u00fcrdigen Rahmen und der gem\u00fctlichen Atmosph\u00e4re wurde Heidi und Reiner Sch\u00e4fer f\u00fcr die gut Reisevorbereitung und Organisation herzlich gedankt.<\/p>\n\n\n\n<p><strong>Samstag 05.05.2012<\/strong><\/p>\n\n\n\n<p>Schon war der letzte Tag angebrochen und die R\u00fcckreise f\u00fcr 9:00 Uhr terminiert. Doch parkende Fahrzeuge im absoluten Halteverbot versperrten unsere Hotelausfahrt. Unserem sicheren Fahrer G\u00fcnter gelang es dennoch den Bus mit viel Fingerspitzengef\u00fchl auf die Bahn zu bringen. Bei einer zweiten Pause in W\u00f6rth\/Donau wurde uns ein rustikales zweites Fr\u00fchst\u00fcck mit passenden Weinen serviert. Reiner Sch\u00e4fer bedankte sich f\u00fcr die gute Stimmung und Harmonie in der Gruppe. Er habe sich bem\u00fcht, ein Programm auf die Beine zu stellen, die verschiedenen Winzer zu erleben, die regionalen Produkte au\u00dferhalb des Weins vorzustellen und Wien, die Wachau und das Burgenland kennenzulernen.<br>Reiner, das ist dir und Heidi voll gelungen &#8211; Danke! Wir verabschieden uns wienerisch mit \u201eServus\u201c,<br>Lieber Reiner mach so weiter, es bedankt sich<br>Friedhelm Scheiter<\/p>\n\n\n\n<p class=\"has-drop-cap\"><strong>Lieb-, Lied- und Weines Trunkenheit, ob&#8217;s nachtet oder tagt,<br>die g\u00f6ttlichste Betrunkenheit, die mich entz\u00fcckt und plagt.<\/strong><\/p>\n\n\n\n<p class=\"has-text-align-right\"><strong>Johann Wolfgang von Goethe<\/strong><\/p>\n","protected":false},"excerpt":{"rendered":"<p>Samstag, 28.04.2012 bis Samstag 05.05.2012 Auf der n\u00e4chsten Weinreise zu unseren deutschsprachigen Nachbarn wollen wir zur sch\u00f6nsten Jahreszeit die Vielfalt der unterschiedlichen Weinlandschaften bereisen und dabei die Philosophie vieler Winzer und \u0131hre Weine kennenlernen. Ein weiterer Schwerpunkt soll der Besuch &hellip; <a href=\"https:\/\/www.weinfreunde-vom-hellweg.de\/alex\/wordpress\/?page_id=2987\">Weiterlesen <span class=\"meta-nav\">&rarr;<\/span><\/a><\/p>\n","protected":false},"author":14,"featured_media":0,"parent":2960,"menu_order":5,"comment_status":"closed","ping_status":"closed","template":"","meta":{"ngg_post_thumbnail":0,"footnotes":""},"class_list":["post-2987","page","type-page","status-publish","hentry"],"_links":{"self":[{"href":"https:\/\/www.weinfreunde-vom-hellweg.de\/alex\/wordpress\/index.php?rest_route=\/wp\/v2\/pages\/2987","targetHints":{"allow":["GET"]}}],"collection":[{"href":"https:\/\/www.weinfreunde-vom-hellweg.de\/alex\/wordpress\/index.php?rest_route=\/wp\/v2\/pages"}],"about":[{"href":"https:\/\/www.weinfreunde-vom-hellweg.de\/alex\/wordpress\/index.php?rest_route=\/wp\/v2\/types\/page"}],"author":[{"embeddable":true,"href":"https:\/\/www.weinfreunde-vom-hellweg.de\/alex\/wordpress\/index.php?rest_route=\/wp\/v2\/users\/14"}],"replies":[{"embeddable":true,"href":"https:\/\/www.weinfreunde-vom-hellweg.de\/alex\/wordpress\/index.php?rest_route=%2Fwp%2Fv2%2Fcomments&post=2987"}],"version-history":[{"count":6,"href":"https:\/\/www.weinfreunde-vom-hellweg.de\/alex\/wordpress\/index.php?rest_route=\/wp\/v2\/pages\/2987\/revisions"}],"predecessor-version":[{"id":3179,"href":"https:\/\/www.weinfreunde-vom-hellweg.de\/alex\/wordpress\/index.php?rest_route=\/wp\/v2\/pages\/2987\/revisions\/3179"}],"up":[{"embeddable":true,"href":"https:\/\/www.weinfreunde-vom-hellweg.de\/alex\/wordpress\/index.php?rest_route=\/wp\/v2\/pages\/2960"}],"wp:attachment":[{"href":"https:\/\/www.weinfreunde-vom-hellweg.de\/alex\/wordpress\/index.php?rest_route=%2Fwp%2Fv2%2Fmedia&parent=2987"}],"curies":[{"name":"wp","href":"https:\/\/api.w.org\/{rel}","templated":true}]}}