{"id":3000,"date":"2024-11-16T16:40:16","date_gmt":"2024-11-16T14:40:16","guid":{"rendered":"https:\/\/www.weinfreunde-vom-hellweg.de\/alex\/wordpress\/?page_id=3000"},"modified":"2024-11-20T18:38:55","modified_gmt":"2024-11-20T16:38:55","slug":"16-08-2012-eine-uebung-zur-weinsensorik","status":"publish","type":"page","link":"https:\/\/www.weinfreunde-vom-hellweg.de\/alex\/wordpress\/?page_id=3000","title":{"rendered":"Eine \u00dcbung zur Weinsensorik"},"content":{"rendered":"\n<p>Donnerstag, 16.08.2012, 19:30 Uhr im Kunstverein Unna<\/p>\n\n\n\n<p>Der organoleptische Spa\u00df f\u00fcr Schwarzseher, eine Verkostung aus schwarzen Gl\u00e4sern! Es ist gar nicht so einfach, die richtige Weinerkenntnis zu finden, wenn erschwerte Bedingungen vorherrschen.<\/p>\n\n\n\n<p>Diese Weinprobe ist eine Schulung f\u00fcr die Sinne, interessant, reizvoll und lehrreich zugleich. Sie bietet eine wundervolle Methode, ein Genusserlebnis zu erfahren ohne den Inhalt im Glas zu erkennen.<\/p>\n\n\n\n<p>Moderation : Peter Schampera.<\/p>\n\n\n\n<p><a href=\"https:\/\/www.weinfreunde-vom-hellweg.de\/alex\/wordpress\/wp-content\/uploads\/2024\/11\/2012-08-16-Weinliste-Weinsensorik.pdf\" target=\"_blank\" rel=\"noreferrer noopener\">Weinliste<\/a> (PDF)<\/p>\n","protected":false},"excerpt":{"rendered":"<p>Donnerstag, 16.08.2012, 19:30 Uhr im Kunstverein Unna Der organoleptische Spa\u00df f\u00fcr Schwarzseher, eine Verkostung aus schwarzen Gl\u00e4sern! Es ist gar nicht so einfach, die richtige Weinerkenntnis zu finden, wenn erschwerte Bedingungen vorherrschen. Diese Weinprobe ist eine Schulung f\u00fcr die Sinne, &hellip; <a href=\"https:\/\/www.weinfreunde-vom-hellweg.de\/alex\/wordpress\/?page_id=3000\">Weiterlesen <span class=\"meta-nav\">&rarr;<\/span><\/a><\/p>\n","protected":false},"author":14,"featured_media":0,"parent":2960,"menu_order":9,"comment_status":"closed","ping_status":"closed","template":"","meta":{"ngg_post_thumbnail":0,"footnotes":""},"class_list":["post-3000","page","type-page","status-publish","hentry"],"_links":{"self":[{"href":"https:\/\/www.weinfreunde-vom-hellweg.de\/alex\/wordpress\/index.php?rest_route=\/wp\/v2\/pages\/3000","targetHints":{"allow":["GET"]}}],"collection":[{"href":"https:\/\/www.weinfreunde-vom-hellweg.de\/alex\/wordpress\/index.php?rest_route=\/wp\/v2\/pages"}],"about":[{"href":"https:\/\/www.weinfreunde-vom-hellweg.de\/alex\/wordpress\/index.php?rest_route=\/wp\/v2\/types\/page"}],"author":[{"embeddable":true,"href":"https:\/\/www.weinfreunde-vom-hellweg.de\/alex\/wordpress\/index.php?rest_route=\/wp\/v2\/users\/14"}],"replies":[{"embeddable":true,"href":"https:\/\/www.weinfreunde-vom-hellweg.de\/alex\/wordpress\/index.php?rest_route=%2Fwp%2Fv2%2Fcomments&post=3000"}],"version-history":[{"count":3,"href":"https:\/\/www.weinfreunde-vom-hellweg.de\/alex\/wordpress\/index.php?rest_route=\/wp\/v2\/pages\/3000\/revisions"}],"predecessor-version":[{"id":3183,"href":"https:\/\/www.weinfreunde-vom-hellweg.de\/alex\/wordpress\/index.php?rest_route=\/wp\/v2\/pages\/3000\/revisions\/3183"}],"up":[{"embeddable":true,"href":"https:\/\/www.weinfreunde-vom-hellweg.de\/alex\/wordpress\/index.php?rest_route=\/wp\/v2\/pages\/2960"}],"wp:attachment":[{"href":"https:\/\/www.weinfreunde-vom-hellweg.de\/alex\/wordpress\/index.php?rest_route=%2Fwp%2Fv2%2Fmedia&parent=3000"}],"curies":[{"name":"wp","href":"https:\/\/api.w.org\/{rel}","templated":true}]}}