{"id":3002,"date":"2024-11-16T16:42:11","date_gmt":"2024-11-16T14:42:11","guid":{"rendered":"https:\/\/www.weinfreunde-vom-hellweg.de\/alex\/wordpress\/?page_id=3002"},"modified":"2024-11-20T18:39:15","modified_gmt":"2024-11-20T16:39:15","slug":"20-09-2012-lieblingsweine-unserer-mitglieder","status":"publish","type":"page","link":"https:\/\/www.weinfreunde-vom-hellweg.de\/alex\/wordpress\/?page_id=3002","title":{"rendered":"Lieblingsweine unserer Mitglieder"},"content":{"rendered":"\n<p>Donnerstag, 20.09.2012, 19:30 Uhr im Kunstverein Unna<\/p>\n\n\n\n<p>Mit der Neuauflage eines unvergesslichen Weinabends m\u00f6chten wir auf vielfachen Wunsch unseren weinbegeisterten Mitgliedern erneut die M\u00f6glichkeit bieten, ihren pers\u00f6nlich erkorenen Weinfavoriten dem Publikum vorzustellen. Bei der Auswahl des jeweiligen Lieblingsweines sollte das besondere Genusserlebnis im Vordergrund stehen. Aber auch die besonderen Umst\u00e4nde und Begebenheiten bei der Entdeckung des schmackhaften Tr\u00f6pfchens bei einem Winzerbesuch, im Urlaub oder bei einer weinfr\u00f6hlichen Runde mit Freunden k\u00f6nnen die Entscheidung erleichtern.<\/p>\n\n\n\n<p>Moderation: Reiner Sch\u00e4fer<\/p>\n\n\n\n<p><a href=\"https:\/\/www.weinfreunde-vom-hellweg.de\/alex\/wordpress\/wp-content\/uploads\/2024\/11\/2012-09-12-Weinliste-Lieblingsweine.pdf\" target=\"_blank\" rel=\"noreferrer noopener\">Weinliste<\/a> (PDF)<\/p>\n","protected":false},"excerpt":{"rendered":"<p>Donnerstag, 20.09.2012, 19:30 Uhr im Kunstverein Unna Mit der Neuauflage eines unvergesslichen Weinabends m\u00f6chten wir auf vielfachen Wunsch unseren weinbegeisterten Mitgliedern erneut die M\u00f6glichkeit bieten, ihren pers\u00f6nlich erkorenen Weinfavoriten dem Publikum vorzustellen. Bei der Auswahl des jeweiligen Lieblingsweines sollte das &hellip; <a href=\"https:\/\/www.weinfreunde-vom-hellweg.de\/alex\/wordpress\/?page_id=3002\">Weiterlesen <span class=\"meta-nav\">&rarr;<\/span><\/a><\/p>\n","protected":false},"author":14,"featured_media":0,"parent":2960,"menu_order":10,"comment_status":"closed","ping_status":"closed","template":"","meta":{"ngg_post_thumbnail":0,"footnotes":""},"class_list":["post-3002","page","type-page","status-publish","hentry"],"_links":{"self":[{"href":"https:\/\/www.weinfreunde-vom-hellweg.de\/alex\/wordpress\/index.php?rest_route=\/wp\/v2\/pages\/3002","targetHints":{"allow":["GET"]}}],"collection":[{"href":"https:\/\/www.weinfreunde-vom-hellweg.de\/alex\/wordpress\/index.php?rest_route=\/wp\/v2\/pages"}],"about":[{"href":"https:\/\/www.weinfreunde-vom-hellweg.de\/alex\/wordpress\/index.php?rest_route=\/wp\/v2\/types\/page"}],"author":[{"embeddable":true,"href":"https:\/\/www.weinfreunde-vom-hellweg.de\/alex\/wordpress\/index.php?rest_route=\/wp\/v2\/users\/14"}],"replies":[{"embeddable":true,"href":"https:\/\/www.weinfreunde-vom-hellweg.de\/alex\/wordpress\/index.php?rest_route=%2Fwp%2Fv2%2Fcomments&post=3002"}],"version-history":[{"count":4,"href":"https:\/\/www.weinfreunde-vom-hellweg.de\/alex\/wordpress\/index.php?rest_route=\/wp\/v2\/pages\/3002\/revisions"}],"predecessor-version":[{"id":3184,"href":"https:\/\/www.weinfreunde-vom-hellweg.de\/alex\/wordpress\/index.php?rest_route=\/wp\/v2\/pages\/3002\/revisions\/3184"}],"up":[{"embeddable":true,"href":"https:\/\/www.weinfreunde-vom-hellweg.de\/alex\/wordpress\/index.php?rest_route=\/wp\/v2\/pages\/2960"}],"wp:attachment":[{"href":"https:\/\/www.weinfreunde-vom-hellweg.de\/alex\/wordpress\/index.php?rest_route=%2Fwp%2Fv2%2Fmedia&parent=3002"}],"curies":[{"name":"wp","href":"https:\/\/api.w.org\/{rel}","templated":true}]}}