{"id":3010,"date":"2024-11-16T16:56:59","date_gmt":"2024-11-16T14:56:59","guid":{"rendered":"https:\/\/www.weinfreunde-vom-hellweg.de\/alex\/wordpress\/?page_id=3010"},"modified":"2024-11-20T18:39:52","modified_gmt":"2024-11-20T16:39:52","slug":"25-10-2012-jahrgangsprobe","status":"publish","type":"page","link":"https:\/\/www.weinfreunde-vom-hellweg.de\/alex\/wordpress\/?page_id=3010","title":{"rendered":"Jahrgangsprobe"},"content":{"rendered":"\n<p>Donnerstag, 25.10.2012, 19:30 Uhr im Kunstverein Unna<\/p>\n\n\n\n<p>Im Gegensatz zu den klimatisch bedingten relativ kleinen Qualit\u00e4tsschwankungen zwischen den einzelnen Jahrg\u00e4ngen in vielen Teilen der neuen Welt stellt man sich in den weinbautechnischen Grenzregionen wie Deutschland am Ende der Lesezeit \u0131mmer wieder die Frage, wie der jeweilige Jahrgang qualitativ und quantitativ einzusch\u00e4tzen ist. Dabei wird aus nachvollziehbaren Marketinggr\u00fcnden oftmals eine pauschale, zu wohlwollende Bewertung abgegeben. Differenzierte Betrachtungen nach Weinbauregionen oder noch feiner sind hier vorzuziehen. In einer Querschnittsprobe des nun herangereiften Jahrgangs 2011 wollen wir gemeinsam erschmecken, was der Markt an Vielfalt zu bieten hat. Dabei werden auch, soviel kann schon verraten werden, einige durchaus seltene und \u00fcberraschende Weine zu verkosten sein.<\/p>\n\n\n\n<p>Moderation: Frank Schepp, Ralph Tegethoff.<\/p>\n\n\n\n<p><a href=\"https:\/\/www.weinfreunde-vom-hellweg.de\/alex\/wordpress\/wp-content\/uploads\/2024\/11\/2012-10-25-Weinliste-Jahrgangsprobe.pdf\" target=\"_blank\" rel=\"noreferrer noopener\">Weinliste<\/a> (PDF)<\/p>\n\n\n\n<p><a href=\"https:\/\/www.weinfreunde-vom-hellweg.de\/alex\/wordpress\/wp-content\/uploads\/2024\/11\/2012-10-25-Weinbewertung-Jahrgangsprobe.pdf\" target=\"_blank\" rel=\"noreferrer noopener\">Weinbewertung<\/a> (PDF)<\/p>\n","protected":false},"excerpt":{"rendered":"<p>Donnerstag, 25.10.2012, 19:30 Uhr im Kunstverein Unna Im Gegensatz zu den klimatisch bedingten relativ kleinen Qualit\u00e4tsschwankungen zwischen den einzelnen Jahrg\u00e4ngen in vielen Teilen der neuen Welt stellt man sich in den weinbautechnischen Grenzregionen wie Deutschland am Ende der Lesezeit \u0131mmer &hellip; <a href=\"https:\/\/www.weinfreunde-vom-hellweg.de\/alex\/wordpress\/?page_id=3010\">Weiterlesen <span class=\"meta-nav\">&rarr;<\/span><\/a><\/p>\n","protected":false},"author":14,"featured_media":0,"parent":2960,"menu_order":11,"comment_status":"closed","ping_status":"closed","template":"","meta":{"ngg_post_thumbnail":0,"footnotes":""},"class_list":["post-3010","page","type-page","status-publish","hentry"],"_links":{"self":[{"href":"https:\/\/www.weinfreunde-vom-hellweg.de\/alex\/wordpress\/index.php?rest_route=\/wp\/v2\/pages\/3010","targetHints":{"allow":["GET"]}}],"collection":[{"href":"https:\/\/www.weinfreunde-vom-hellweg.de\/alex\/wordpress\/index.php?rest_route=\/wp\/v2\/pages"}],"about":[{"href":"https:\/\/www.weinfreunde-vom-hellweg.de\/alex\/wordpress\/index.php?rest_route=\/wp\/v2\/types\/page"}],"author":[{"embeddable":true,"href":"https:\/\/www.weinfreunde-vom-hellweg.de\/alex\/wordpress\/index.php?rest_route=\/wp\/v2\/users\/14"}],"replies":[{"embeddable":true,"href":"https:\/\/www.weinfreunde-vom-hellweg.de\/alex\/wordpress\/index.php?rest_route=%2Fwp%2Fv2%2Fcomments&post=3010"}],"version-history":[{"count":4,"href":"https:\/\/www.weinfreunde-vom-hellweg.de\/alex\/wordpress\/index.php?rest_route=\/wp\/v2\/pages\/3010\/revisions"}],"predecessor-version":[{"id":3185,"href":"https:\/\/www.weinfreunde-vom-hellweg.de\/alex\/wordpress\/index.php?rest_route=\/wp\/v2\/pages\/3010\/revisions\/3185"}],"up":[{"embeddable":true,"href":"https:\/\/www.weinfreunde-vom-hellweg.de\/alex\/wordpress\/index.php?rest_route=\/wp\/v2\/pages\/2960"}],"wp:attachment":[{"href":"https:\/\/www.weinfreunde-vom-hellweg.de\/alex\/wordpress\/index.php?rest_route=%2Fwp%2Fv2%2Fmedia&parent=3010"}],"curies":[{"name":"wp","href":"https:\/\/api.w.org\/{rel}","templated":true}]}}