{"id":3072,"date":"2024-11-18T11:35:41","date_gmt":"2024-11-18T09:35:41","guid":{"rendered":"https:\/\/www.weinfreunde-vom-hellweg.de\/alex\/wordpress\/?page_id=3072"},"modified":"2024-11-20T18:32:24","modified_gmt":"2024-11-20T16:32:24","slug":"12-01-2013-neujahrsempfang","status":"publish","type":"page","link":"https:\/\/www.weinfreunde-vom-hellweg.de\/alex\/wordpress\/?page_id=3072","title":{"rendered":"Neujahrsempfang"},"content":{"rendered":"\n<p>Samstag 12.1.2013, 18 Uhr im Nicolaihaus Unna<\/p>\n\n\n\n<p>Wir wollen in das neue Jahr mit einem Spaziergang durch das winterliche Unna starten. An unserem Treffpunkt am Nicolaihaus erw\u00e4rmen wir uns zun\u00e4chst mit einem Gl\u00fchwein.<br>Eine kost\u00fcmierte G\u00e4stef\u00fchrerin begleitet anschlie\u00dfend die Weinfreunde durch winklige Gassen zur n\u00e4chsten Station auf dem Westfriedhof wo wieder ein w\u00e4rmender Schluck kredenzt wird.<br>Nach unserer Ankunft in der M\u00fchlenstra\u00dfe m\u00f6chte uns der Stadtheimatpfleger in einem Bildvortrag den geschichtlichen Hintergrund der alten M\u00fchle n\u00e4her bringen. Ein gem\u00fctliches Beisammensein bei deftiger Kost und Wein rundet diesen \u201eNeujahrsempfang\u201c ab.<\/p>\n","protected":false},"excerpt":{"rendered":"<p>Samstag 12.1.2013, 18 Uhr im Nicolaihaus Unna Wir wollen in das neue Jahr mit einem Spaziergang durch das winterliche Unna starten. An unserem Treffpunkt am Nicolaihaus erw\u00e4rmen wir uns zun\u00e4chst mit einem Gl\u00fchwein.Eine kost\u00fcmierte G\u00e4stef\u00fchrerin begleitet anschlie\u00dfend die Weinfreunde durch &hellip; <a href=\"https:\/\/www.weinfreunde-vom-hellweg.de\/alex\/wordpress\/?page_id=3072\">Weiterlesen <span class=\"meta-nav\">&rarr;<\/span><\/a><\/p>\n","protected":false},"author":14,"featured_media":0,"parent":3055,"menu_order":1,"comment_status":"closed","ping_status":"closed","template":"","meta":{"ngg_post_thumbnail":0,"footnotes":""},"class_list":["post-3072","page","type-page","status-publish","hentry"],"_links":{"self":[{"href":"https:\/\/www.weinfreunde-vom-hellweg.de\/alex\/wordpress\/index.php?rest_route=\/wp\/v2\/pages\/3072","targetHints":{"allow":["GET"]}}],"collection":[{"href":"https:\/\/www.weinfreunde-vom-hellweg.de\/alex\/wordpress\/index.php?rest_route=\/wp\/v2\/pages"}],"about":[{"href":"https:\/\/www.weinfreunde-vom-hellweg.de\/alex\/wordpress\/index.php?rest_route=\/wp\/v2\/types\/page"}],"author":[{"embeddable":true,"href":"https:\/\/www.weinfreunde-vom-hellweg.de\/alex\/wordpress\/index.php?rest_route=\/wp\/v2\/users\/14"}],"replies":[{"embeddable":true,"href":"https:\/\/www.weinfreunde-vom-hellweg.de\/alex\/wordpress\/index.php?rest_route=%2Fwp%2Fv2%2Fcomments&post=3072"}],"version-history":[{"count":2,"href":"https:\/\/www.weinfreunde-vom-hellweg.de\/alex\/wordpress\/index.php?rest_route=\/wp\/v2\/pages\/3072\/revisions"}],"predecessor-version":[{"id":3163,"href":"https:\/\/www.weinfreunde-vom-hellweg.de\/alex\/wordpress\/index.php?rest_route=\/wp\/v2\/pages\/3072\/revisions\/3163"}],"up":[{"embeddable":true,"href":"https:\/\/www.weinfreunde-vom-hellweg.de\/alex\/wordpress\/index.php?rest_route=\/wp\/v2\/pages\/3055"}],"wp:attachment":[{"href":"https:\/\/www.weinfreunde-vom-hellweg.de\/alex\/wordpress\/index.php?rest_route=%2Fwp%2Fv2%2Fmedia&parent=3072"}],"curies":[{"name":"wp","href":"https:\/\/api.w.org\/{rel}","templated":true}]}}