{"id":3076,"date":"2024-11-18T11:49:32","date_gmt":"2024-11-18T09:49:32","guid":{"rendered":"https:\/\/www.weinfreunde-vom-hellweg.de\/alex\/wordpress\/?page_id=3076"},"modified":"2024-11-20T18:32:48","modified_gmt":"2024-11-20T16:32:48","slug":"21-02-2013-silvaner","status":"publish","type":"page","link":"https:\/\/www.weinfreunde-vom-hellweg.de\/alex\/wordpress\/?page_id=3076","title":{"rendered":"Silvaner"},"content":{"rendered":"\n<p>Donnerstag 21.2. 2013, 19.30 Uhr,&nbsp;im Kunstverein Unna<\/p>\n\n\n\n<p>Silvaner ist Vielfalt. Ein unkomplizierter Sommerwein, ein geschmeidiger, cremiger Barriquewein, ein gut entwickeltes, elegantes und lebhaftes \u201eGro\u00dfes Gew\u00e4chs\u201c oder ein intensiver, lang anhaltender Edels\u00fc\u00dfer. Alles ist m\u00f6glich. Die Rebsorte spiegelt perfekt sein Terroir wieder und verbindet die erdigen T\u00f6ne mit zarten fruchtigen Aromen und bek\u00f6mmlicher S\u00e4ure.<br>Die Besonderheiten dieser Rebsorte werden wir bei einer umfangreichen Weinprobe beispielhaft an Weintypen aus Franken und Rheinhessen kennenlernen.<br>Wir d\u00fcrfen uns auf ein ganz besonderes Geschmackserlebnis freuen. Zur Verkostung pr\u00e4sentiert uns der Moderator Otto Sch\u00e4tzel vierzehn ausgew\u00e4hlte Weine von Spitzenerzeugern erw\u00e4hnter Anbaugebiete.<br>Besonders stolz d\u00fcrfen wir sein, dass uns an diesem Weinabend Otto Sch\u00e4tzel, ein ausgesprochener Freund und Kenner dieser Rebsorte in Unna besucht. Als Leiter der \u201eStaatlichen Weinbaudom\u00e4ne Oppenheim\u201c und ebenfalls Chef des \u201eDLR Rheinland Pfalz\u201c in Oppenheim und vielen anderen Aufgaben ist er mit der deutschen Weinszene bestens vertraut.<\/p>\n\n\n\n<p><a href=\"https:\/\/www.weinfreunde-vom-hellweg.de\/alex\/wordpress\/wp-content\/uploads\/2024\/11\/2013-02-21-Weinliste-Silvaner.pdf\" target=\"_blank\" rel=\"noreferrer noopener\">Weinliste<\/a> (PDF)<\/p>\n\n\n\n<p><a href=\"https:\/\/www.weinfreunde-vom-hellweg.de\/alex\/wordpress\/wp-content\/uploads\/2024\/11\/2013-02-21-Weinbewertung-Silvaner.pdf\" target=\"_blank\" rel=\"noreferrer noopener\">Weinbewertung<\/a> (PDF)<\/p>\n\n\n\n<p><\/p>\n","protected":false},"excerpt":{"rendered":"<p>Donnerstag 21.2. 2013, 19.30 Uhr,&nbsp;im Kunstverein Unna Silvaner ist Vielfalt. Ein unkomplizierter Sommerwein, ein geschmeidiger, cremiger Barriquewein, ein gut entwickeltes, elegantes und lebhaftes \u201eGro\u00dfes Gew\u00e4chs\u201c oder ein intensiver, lang anhaltender Edels\u00fc\u00dfer. Alles ist m\u00f6glich. Die Rebsorte spiegelt perfekt sein Terroir &hellip; <a href=\"https:\/\/www.weinfreunde-vom-hellweg.de\/alex\/wordpress\/?page_id=3076\">Weiterlesen <span class=\"meta-nav\">&rarr;<\/span><\/a><\/p>\n","protected":false},"author":14,"featured_media":0,"parent":3055,"menu_order":2,"comment_status":"closed","ping_status":"closed","template":"","meta":{"ngg_post_thumbnail":0,"footnotes":""},"class_list":["post-3076","page","type-page","status-publish","hentry"],"_links":{"self":[{"href":"https:\/\/www.weinfreunde-vom-hellweg.de\/alex\/wordpress\/index.php?rest_route=\/wp\/v2\/pages\/3076","targetHints":{"allow":["GET"]}}],"collection":[{"href":"https:\/\/www.weinfreunde-vom-hellweg.de\/alex\/wordpress\/index.php?rest_route=\/wp\/v2\/pages"}],"about":[{"href":"https:\/\/www.weinfreunde-vom-hellweg.de\/alex\/wordpress\/index.php?rest_route=\/wp\/v2\/types\/page"}],"author":[{"embeddable":true,"href":"https:\/\/www.weinfreunde-vom-hellweg.de\/alex\/wordpress\/index.php?rest_route=\/wp\/v2\/users\/14"}],"replies":[{"embeddable":true,"href":"https:\/\/www.weinfreunde-vom-hellweg.de\/alex\/wordpress\/index.php?rest_route=%2Fwp%2Fv2%2Fcomments&post=3076"}],"version-history":[{"count":4,"href":"https:\/\/www.weinfreunde-vom-hellweg.de\/alex\/wordpress\/index.php?rest_route=\/wp\/v2\/pages\/3076\/revisions"}],"predecessor-version":[{"id":3164,"href":"https:\/\/www.weinfreunde-vom-hellweg.de\/alex\/wordpress\/index.php?rest_route=\/wp\/v2\/pages\/3076\/revisions\/3164"}],"up":[{"embeddable":true,"href":"https:\/\/www.weinfreunde-vom-hellweg.de\/alex\/wordpress\/index.php?rest_route=\/wp\/v2\/pages\/3055"}],"wp:attachment":[{"href":"https:\/\/www.weinfreunde-vom-hellweg.de\/alex\/wordpress\/index.php?rest_route=%2Fwp%2Fv2%2Fmedia&parent=3076"}],"curies":[{"name":"wp","href":"https:\/\/api.w.org\/{rel}","templated":true}]}}