{"id":3108,"date":"2024-11-20T10:50:25","date_gmt":"2024-11-20T08:50:25","guid":{"rendered":"https:\/\/www.weinfreunde-vom-hellweg.de\/alex\/wordpress\/?page_id=3108"},"modified":"2024-11-20T18:33:16","modified_gmt":"2024-11-20T16:33:16","slug":"14-03-2013-deutscher-spaetburgunder","status":"publish","type":"page","link":"https:\/\/www.weinfreunde-vom-hellweg.de\/alex\/wordpress\/?page_id=3108","title":{"rendered":"Deutscher Sp\u00e4tburgunder"},"content":{"rendered":"\n<p>Donnerstag 14.03. 2013, 19.30 Uhr,\u00a0im Kunstverein Unna<\/p>\n\n\n\n<p>Nach dem gro\u00dfen Erfolg unserer Silvaner-Verkostung erwartet uns schon wieder ein interessanter Weinabend mit einer Rebsorte, die man als deutschen Klassiker in Rot beschreiben kann.<\/p>\n\n\n\n<p><strong>Deutscher Sp\u00e4tburgunder \u2014 einfach Weltklasse<\/strong>, so beschreibt das \u201eDeutsche Weininstitut\u201c (DWI) diesen Weinvortrag und stellt daf\u00fcr seinen sehr kompetenten Referenten Kurt Jannett zur Verf\u00fcgung.<\/p>\n\n\n\n<p>Was der Riesling qualitativ f\u00fcr die Wei\u00dfweine bedeutet, verk\u00f6rpert der Sp\u00e4tburgunder oder Pinot Noir unter den Rotweinen: Weine f\u00fcr gehobene Anspr\u00fcche. Deshalb wird der Sp\u00e4tburgunder auch als K\u00f6nig unter den deutschen Rotweinen bezeichnet. Rubinrot im Farbspiel, ein Bukett von Waldbeeren und Gew\u00fcrzen sowie ein filigranes S\u00e4urespiel, abgerundet mit samtigen Tanninen am Gaumen, machen ihn zu dem Genusserlebnis f\u00fcr Rotweinfans. Tauchen wir gemeinsam ein in die Welt der deutschen Sp\u00e4tburgunder, die gepr\u00e4gt durch das Terroir und die Philosophie der Winzerinnen und Winzer den Facettenreichtum dieser Sorte widerspiegelt. Genuss ist garantiert!<\/p>\n\n\n\n<p><a href=\"https:\/\/www.weinfreunde-vom-hellweg.de\/alex\/wordpress\/wp-content\/uploads\/2024\/11\/2013-03-14-Weinbewertung-Spaetburgunder.pdf\" target=\"_blank\" rel=\"noreferrer noopener\">Weinbewertung<\/a> (PDF)<\/p>\n\n\n\n<p> <\/p>\n","protected":false},"excerpt":{"rendered":"<p>Donnerstag 14.03. 2013, 19.30 Uhr,\u00a0im Kunstverein Unna Nach dem gro\u00dfen Erfolg unserer Silvaner-Verkostung erwartet uns schon wieder ein interessanter Weinabend mit einer Rebsorte, die man als deutschen Klassiker in Rot beschreiben kann. Deutscher Sp\u00e4tburgunder \u2014 einfach Weltklasse, so beschreibt das &hellip; <a href=\"https:\/\/www.weinfreunde-vom-hellweg.de\/alex\/wordpress\/?page_id=3108\">Weiterlesen <span class=\"meta-nav\">&rarr;<\/span><\/a><\/p>\n","protected":false},"author":14,"featured_media":0,"parent":3055,"menu_order":3,"comment_status":"closed","ping_status":"closed","template":"","meta":{"ngg_post_thumbnail":0,"footnotes":""},"class_list":["post-3108","page","type-page","status-publish","hentry"],"_links":{"self":[{"href":"https:\/\/www.weinfreunde-vom-hellweg.de\/alex\/wordpress\/index.php?rest_route=\/wp\/v2\/pages\/3108","targetHints":{"allow":["GET"]}}],"collection":[{"href":"https:\/\/www.weinfreunde-vom-hellweg.de\/alex\/wordpress\/index.php?rest_route=\/wp\/v2\/pages"}],"about":[{"href":"https:\/\/www.weinfreunde-vom-hellweg.de\/alex\/wordpress\/index.php?rest_route=\/wp\/v2\/types\/page"}],"author":[{"embeddable":true,"href":"https:\/\/www.weinfreunde-vom-hellweg.de\/alex\/wordpress\/index.php?rest_route=\/wp\/v2\/users\/14"}],"replies":[{"embeddable":true,"href":"https:\/\/www.weinfreunde-vom-hellweg.de\/alex\/wordpress\/index.php?rest_route=%2Fwp%2Fv2%2Fcomments&post=3108"}],"version-history":[{"count":2,"href":"https:\/\/www.weinfreunde-vom-hellweg.de\/alex\/wordpress\/index.php?rest_route=\/wp\/v2\/pages\/3108\/revisions"}],"predecessor-version":[{"id":3165,"href":"https:\/\/www.weinfreunde-vom-hellweg.de\/alex\/wordpress\/index.php?rest_route=\/wp\/v2\/pages\/3108\/revisions\/3165"}],"up":[{"embeddable":true,"href":"https:\/\/www.weinfreunde-vom-hellweg.de\/alex\/wordpress\/index.php?rest_route=\/wp\/v2\/pages\/3055"}],"wp:attachment":[{"href":"https:\/\/www.weinfreunde-vom-hellweg.de\/alex\/wordpress\/index.php?rest_route=%2Fwp%2Fv2%2Fmedia&parent=3108"}],"curies":[{"name":"wp","href":"https:\/\/api.w.org\/{rel}","templated":true}]}}