{"id":3112,"date":"2024-11-20T11:04:27","date_gmt":"2024-11-20T09:04:27","guid":{"rendered":"https:\/\/www.weinfreunde-vom-hellweg.de\/alex\/wordpress\/?page_id=3112"},"modified":"2024-11-20T18:33:31","modified_gmt":"2024-11-20T16:33:31","slug":"18-04-2013-sauvignon-blanc","status":"publish","type":"page","link":"https:\/\/www.weinfreunde-vom-hellweg.de\/alex\/wordpress\/?page_id=3112","title":{"rendered":"Sauvignon Blanc"},"content":{"rendered":"\n<p>Donnerstag 18.04. 2013, 19.30 Uhr,&nbsp;im Kunstverein Unna<\/p>\n\n\n\n<p>Nach dem Besuch von zwei Weinprofis anl\u00e4sslich der beiden letzten Veranstaltungen d\u00fcrfen wir uns nun auf den Vortrag von zwei Weinfreunden aus unserem Weinverein freuen. Birgit Schlotmann und Andreas Braier stellen uns eine der bedeutendsten internationalen Rebsorte vor. Der Abend steht unter dem Motto: <strong>Sauvignon Blanc \u2014 gr\u00fcner Zauber!<\/strong><\/p>\n\n\n\n<p>Der Sauvignon ist in den letzten 20 Jahren zu einer der beliebtesten wei\u00dfen Rebsorte weltweit aufgestiegen. Eine Rebsorte, die auch in Deutschland, wohl nicht zuletzt infolge der Klimaerw\u00e4rmung, immer mehr angebaut wird. Eine Rebsorte, die unterschiedliche Typologien aufweist. Grasige (gr\u00fcne) Aromen, Noten von Stachelbeeren, Cassist\u00f6ne und eine ausgepr\u00e4gte Mineralit\u00e4t zeichnen die Weine des Sauvignon Blanc aus, machen ihn interessant und begehrenswert. Wie der Sauvignon Blanc seine internationale Traumkarriere von Frankreich \u00fcber Neuseeland und S\u00fcdafrika bis in die USA, nach \u00d6sterreich und Deutschland vollf\u00fchrt, werden wir versuchen zu ergr\u00fcnden. Kommen Sie mit uns auf eine Weltreise \u2014 auf den Spuren von Sauvignon Blanc, seiner Geschichte, seinem Geschmack und zu den Weing\u00fctern, die f\u00fcr uns diesen vorz\u00fcglichen Wein produzieren!<\/p>\n\n\n\n<p><a href=\"https:\/\/www.weinfreunde-vom-hellweg.de\/alex\/wordpress\/wp-content\/uploads\/2024\/11\/2013-04-18-Weinliste-Sauvignon-Blanc.pdf\" target=\"_blank\" rel=\"noreferrer noopener\">Weinliste<\/a> (PDF)<\/p>\n\n\n\n<p><a href=\"https:\/\/www.weinfreunde-vom-hellweg.de\/alex\/wordpress\/wp-content\/uploads\/2024\/11\/2013-04-18-Weinbewertung-Sauvignon-Blanc.pdf\" target=\"_blank\" rel=\"noreferrer noopener\">Weinbewertung<\/a> (PDF)<\/p>\n","protected":false},"excerpt":{"rendered":"<p>Donnerstag 18.04. 2013, 19.30 Uhr,&nbsp;im Kunstverein Unna Nach dem Besuch von zwei Weinprofis anl\u00e4sslich der beiden letzten Veranstaltungen d\u00fcrfen wir uns nun auf den Vortrag von zwei Weinfreunden aus unserem Weinverein freuen. Birgit Schlotmann und Andreas Braier stellen uns eine &hellip; <a href=\"https:\/\/www.weinfreunde-vom-hellweg.de\/alex\/wordpress\/?page_id=3112\">Weiterlesen <span class=\"meta-nav\">&rarr;<\/span><\/a><\/p>\n","protected":false},"author":14,"featured_media":0,"parent":3055,"menu_order":4,"comment_status":"closed","ping_status":"closed","template":"","meta":{"ngg_post_thumbnail":0,"footnotes":""},"class_list":["post-3112","page","type-page","status-publish","hentry"],"_links":{"self":[{"href":"https:\/\/www.weinfreunde-vom-hellweg.de\/alex\/wordpress\/index.php?rest_route=\/wp\/v2\/pages\/3112","targetHints":{"allow":["GET"]}}],"collection":[{"href":"https:\/\/www.weinfreunde-vom-hellweg.de\/alex\/wordpress\/index.php?rest_route=\/wp\/v2\/pages"}],"about":[{"href":"https:\/\/www.weinfreunde-vom-hellweg.de\/alex\/wordpress\/index.php?rest_route=\/wp\/v2\/types\/page"}],"author":[{"embeddable":true,"href":"https:\/\/www.weinfreunde-vom-hellweg.de\/alex\/wordpress\/index.php?rest_route=\/wp\/v2\/users\/14"}],"replies":[{"embeddable":true,"href":"https:\/\/www.weinfreunde-vom-hellweg.de\/alex\/wordpress\/index.php?rest_route=%2Fwp%2Fv2%2Fcomments&post=3112"}],"version-history":[{"count":3,"href":"https:\/\/www.weinfreunde-vom-hellweg.de\/alex\/wordpress\/index.php?rest_route=\/wp\/v2\/pages\/3112\/revisions"}],"predecessor-version":[{"id":3166,"href":"https:\/\/www.weinfreunde-vom-hellweg.de\/alex\/wordpress\/index.php?rest_route=\/wp\/v2\/pages\/3112\/revisions\/3166"}],"up":[{"embeddable":true,"href":"https:\/\/www.weinfreunde-vom-hellweg.de\/alex\/wordpress\/index.php?rest_route=\/wp\/v2\/pages\/3055"}],"wp:attachment":[{"href":"https:\/\/www.weinfreunde-vom-hellweg.de\/alex\/wordpress\/index.php?rest_route=%2Fwp%2Fv2%2Fmedia&parent=3112"}],"curies":[{"name":"wp","href":"https:\/\/api.w.org\/{rel}","templated":true}]}}