{"id":3119,"date":"2024-11-20T13:30:11","date_gmt":"2024-11-20T11:30:11","guid":{"rendered":"https:\/\/www.weinfreunde-vom-hellweg.de\/alex\/wordpress\/?page_id=3119"},"modified":"2024-11-20T18:34:06","modified_gmt":"2024-11-20T16:34:06","slug":"08-06-2013-weinfest-bismarckturm","status":"publish","type":"page","link":"https:\/\/www.weinfreunde-vom-hellweg.de\/alex\/wordpress\/?page_id=3119","title":{"rendered":"Weinfest Bismarckturm"},"content":{"rendered":"\n<p>Samstag, 08.06.2013, 15 Uhr am Bismarckturm auf der Wilhelmsh\u00f6he<\/p>\n\n\n\n<p>Zum angehenden Sommer wollen wir unsere Weinaktivit\u00e4ten in die freie Natur verlegen. Als Treffpunkt bietet sich der Bismarckturm auf der Wilhelmsh\u00f6he in Fr\u00f6ndenberg an. Alle unternehmungslustigen Weinfreunde sind aufgerufen, zu Fu\u00df, mit dem Fahrrad, mit der Kutsche, dem Autobus oder Pkw der Einladung zu einem z\u00fcnftigen Weinfest am Fu\u00dfe des Turms auf dem Haarstrang zu folgen. Gem\u00fctliches Zusammensein, Turmbesteigung und Geschichtsinformationen sollen diesen Nachmittag zu einem besonderen Erlebnis machen.<\/p>\n\n\n\n<p>Nat\u00fcrlich ist auch f\u00fcr das leibliche Wohl gesorgt: frisch vom Grill werden wir uns an k\u00f6stlicher Bratwurst, w\u00fcrziger Krakauer und saftigem Steak laben. Zu diesen kr\u00e4ftigen Grillspezialit\u00e4ten genie\u00dfen wir leichte, s\u00fcffige \u201eSommerweine\u201c.<\/p>\n","protected":false},"excerpt":{"rendered":"<p>Samstag, 08.06.2013, 15 Uhr am Bismarckturm auf der Wilhelmsh\u00f6he Zum angehenden Sommer wollen wir unsere Weinaktivit\u00e4ten in die freie Natur verlegen. Als Treffpunkt bietet sich der Bismarckturm auf der Wilhelmsh\u00f6he in Fr\u00f6ndenberg an. Alle unternehmungslustigen Weinfreunde sind aufgerufen, zu Fu\u00df, &hellip; <a href=\"https:\/\/www.weinfreunde-vom-hellweg.de\/alex\/wordpress\/?page_id=3119\">Weiterlesen <span class=\"meta-nav\">&rarr;<\/span><\/a><\/p>\n","protected":false},"author":14,"featured_media":0,"parent":3055,"menu_order":6,"comment_status":"closed","ping_status":"closed","template":"","meta":{"ngg_post_thumbnail":0,"footnotes":""},"class_list":["post-3119","page","type-page","status-publish","hentry"],"_links":{"self":[{"href":"https:\/\/www.weinfreunde-vom-hellweg.de\/alex\/wordpress\/index.php?rest_route=\/wp\/v2\/pages\/3119","targetHints":{"allow":["GET"]}}],"collection":[{"href":"https:\/\/www.weinfreunde-vom-hellweg.de\/alex\/wordpress\/index.php?rest_route=\/wp\/v2\/pages"}],"about":[{"href":"https:\/\/www.weinfreunde-vom-hellweg.de\/alex\/wordpress\/index.php?rest_route=\/wp\/v2\/types\/page"}],"author":[{"embeddable":true,"href":"https:\/\/www.weinfreunde-vom-hellweg.de\/alex\/wordpress\/index.php?rest_route=\/wp\/v2\/users\/14"}],"replies":[{"embeddable":true,"href":"https:\/\/www.weinfreunde-vom-hellweg.de\/alex\/wordpress\/index.php?rest_route=%2Fwp%2Fv2%2Fcomments&post=3119"}],"version-history":[{"count":2,"href":"https:\/\/www.weinfreunde-vom-hellweg.de\/alex\/wordpress\/index.php?rest_route=\/wp\/v2\/pages\/3119\/revisions"}],"predecessor-version":[{"id":3168,"href":"https:\/\/www.weinfreunde-vom-hellweg.de\/alex\/wordpress\/index.php?rest_route=\/wp\/v2\/pages\/3119\/revisions\/3168"}],"up":[{"embeddable":true,"href":"https:\/\/www.weinfreunde-vom-hellweg.de\/alex\/wordpress\/index.php?rest_route=\/wp\/v2\/pages\/3055"}],"wp:attachment":[{"href":"https:\/\/www.weinfreunde-vom-hellweg.de\/alex\/wordpress\/index.php?rest_route=%2Fwp%2Fv2%2Fmedia&parent=3119"}],"curies":[{"name":"wp","href":"https:\/\/api.w.org\/{rel}","templated":true}]}}