{"id":3136,"date":"2024-11-20T17:55:37","date_gmt":"2024-11-20T15:55:37","guid":{"rendered":"https:\/\/www.weinfreunde-vom-hellweg.de\/alex\/wordpress\/?page_id=3136"},"modified":"2024-11-20T18:34:52","modified_gmt":"2024-11-20T16:34:52","slug":"12-09-2013-welches-glas-zu-welchem-wein","status":"publish","type":"page","link":"https:\/\/www.weinfreunde-vom-hellweg.de\/alex\/wordpress\/?page_id=3136","title":{"rendered":"Welches Glas zu welchem Wein?"},"content":{"rendered":"\n<p>Donnerstag 12.09. 2013, 19.30 Uhr,&nbsp;im Kunstverein Unna<\/p>\n\n\n\n<p>Sch\u00f6ne Gl\u00e4ser sind nicht nur ein Augenschmaus, sie sind auch in den entsprechenden Formen die richtigen Partner f\u00fcr Wein. Es steht fest, dass bestimmte Glasformen unterschiedliche geschmackliche Erlebnisse f\u00f6rdern. Eine Form betont die S\u00e4ure, eine andere stellt den Fruchtschmelz gut heraus. Das liegt in erster Linie an der unterschiedlichen Reizung der Geschmacksnerven auf der Zunge und in der Mundh\u00f6hle. So hat zum Beispiel ein Riesling, aus dem falschen Glas getrunken, eine zu spitze S\u00e4ure, oder ein schwerer Roter, aus der Champagnerfl\u00f6te getrunken, kann sich nicht \u00f6ffnen.<\/p>\n\n\n\n<p>Moderation: Richard Augustin<\/p>\n\n\n\n<p><a href=\"https:\/\/www.weinfreunde-vom-hellweg.de\/alex\/wordpress\/wp-content\/uploads\/2024\/11\/2013-09-12-Weinliste.pdf\" target=\"_blank\" rel=\"noreferrer noopener\">Weinliste<\/a> (PDF)<\/p>\n\n\n\n<p><a href=\"https:\/\/www.weinfreunde-vom-hellweg.de\/alex\/wordpress\/wp-content\/uploads\/2024\/11\/2013-09-12-Weinbewertung.pdf\" target=\"_blank\" rel=\"noreferrer noopener\">Weinbewertung<\/a> (PDF)<\/p>\n","protected":false},"excerpt":{"rendered":"<p>Donnerstag 12.09. 2013, 19.30 Uhr,&nbsp;im Kunstverein Unna Sch\u00f6ne Gl\u00e4ser sind nicht nur ein Augenschmaus, sie sind auch in den entsprechenden Formen die richtigen Partner f\u00fcr Wein. Es steht fest, dass bestimmte Glasformen unterschiedliche geschmackliche Erlebnisse f\u00f6rdern. Eine Form betont die &hellip; <a href=\"https:\/\/www.weinfreunde-vom-hellweg.de\/alex\/wordpress\/?page_id=3136\">Weiterlesen <span class=\"meta-nav\">&rarr;<\/span><\/a><\/p>\n","protected":false},"author":14,"featured_media":0,"parent":3055,"menu_order":9,"comment_status":"closed","ping_status":"closed","template":"","meta":{"ngg_post_thumbnail":0,"footnotes":""},"class_list":["post-3136","page","type-page","status-publish","hentry"],"_links":{"self":[{"href":"https:\/\/www.weinfreunde-vom-hellweg.de\/alex\/wordpress\/index.php?rest_route=\/wp\/v2\/pages\/3136","targetHints":{"allow":["GET"]}}],"collection":[{"href":"https:\/\/www.weinfreunde-vom-hellweg.de\/alex\/wordpress\/index.php?rest_route=\/wp\/v2\/pages"}],"about":[{"href":"https:\/\/www.weinfreunde-vom-hellweg.de\/alex\/wordpress\/index.php?rest_route=\/wp\/v2\/types\/page"}],"author":[{"embeddable":true,"href":"https:\/\/www.weinfreunde-vom-hellweg.de\/alex\/wordpress\/index.php?rest_route=\/wp\/v2\/users\/14"}],"replies":[{"embeddable":true,"href":"https:\/\/www.weinfreunde-vom-hellweg.de\/alex\/wordpress\/index.php?rest_route=%2Fwp%2Fv2%2Fcomments&post=3136"}],"version-history":[{"count":3,"href":"https:\/\/www.weinfreunde-vom-hellweg.de\/alex\/wordpress\/index.php?rest_route=\/wp\/v2\/pages\/3136\/revisions"}],"predecessor-version":[{"id":3171,"href":"https:\/\/www.weinfreunde-vom-hellweg.de\/alex\/wordpress\/index.php?rest_route=\/wp\/v2\/pages\/3136\/revisions\/3171"}],"up":[{"embeddable":true,"href":"https:\/\/www.weinfreunde-vom-hellweg.de\/alex\/wordpress\/index.php?rest_route=\/wp\/v2\/pages\/3055"}],"wp:attachment":[{"href":"https:\/\/www.weinfreunde-vom-hellweg.de\/alex\/wordpress\/index.php?rest_route=%2Fwp%2Fv2%2Fmedia&parent=3136"}],"curies":[{"name":"wp","href":"https:\/\/api.w.org\/{rel}","templated":true}]}}