{"id":3154,"date":"2024-11-20T18:19:47","date_gmt":"2024-11-20T16:19:47","guid":{"rendered":"https:\/\/www.weinfreunde-vom-hellweg.de\/alex\/wordpress\/?page_id=3154"},"modified":"2024-11-20T18:35:43","modified_gmt":"2024-11-20T16:35:43","slug":"05-12-2013-weingala","status":"publish","type":"page","link":"https:\/\/www.weinfreunde-vom-hellweg.de\/alex\/wordpress\/?page_id=3154","title":{"rendered":"Weingala"},"content":{"rendered":"\n<p>Donnerstag, 05.12.2013, 19:30 Uhr im Caf\u00e9 Bellevue, Unna<\/p>\n\n\n\n<p>Ein sehr turbulentes Weinjahr geht in den deutschen Weinanbaugebieten zu Ende. Die Prognosen der Winzer f\u00fcr den Jahrgang 2013 fallen rebsorten- und witterungsbedingt in den einzelnen Regionen sehr unterschiedlich aus. W\u00e4hrend die Erntemenge erneut unter dem langj\u00e4hrigen Mittel liegt, ist man mit der Qualit\u00e4t der Beeren allgemein zufrieden.<\/p>\n\n\n\n<p>Wir Weinfreunde vom Hellweg vertrauen aus der Ferne den vielen Weinmachern in deutschen Landen auf ihren Flei\u00df und ihr K\u00f6nnen und d\u00fcrfen uns auch im neuen Jahr wieder auf k\u00f6stliche Tropfen freuen.<\/p>\n\n\n\n<p>Das auslaufende Jahr hat auch uns viele unterschiedliche Erlebnisse und Begegnungen rund um den Wein gebracht und deshalb wollen wir uns zum Abschluss des Veranstaltungsjahres bei einem geselligen Abend im Advent kulinarisch verw\u00f6hnen lassen.<\/p>\n","protected":false},"excerpt":{"rendered":"<p>Donnerstag, 05.12.2013, 19:30 Uhr im Caf\u00e9 Bellevue, Unna Ein sehr turbulentes Weinjahr geht in den deutschen Weinanbaugebieten zu Ende. Die Prognosen der Winzer f\u00fcr den Jahrgang 2013 fallen rebsorten- und witterungsbedingt in den einzelnen Regionen sehr unterschiedlich aus. W\u00e4hrend die &hellip; <a href=\"https:\/\/www.weinfreunde-vom-hellweg.de\/alex\/wordpress\/?page_id=3154\">Weiterlesen <span class=\"meta-nav\">&rarr;<\/span><\/a><\/p>\n","protected":false},"author":14,"featured_media":0,"parent":3055,"menu_order":12,"comment_status":"closed","ping_status":"closed","template":"","meta":{"ngg_post_thumbnail":0,"footnotes":""},"class_list":["post-3154","page","type-page","status-publish","hentry"],"_links":{"self":[{"href":"https:\/\/www.weinfreunde-vom-hellweg.de\/alex\/wordpress\/index.php?rest_route=\/wp\/v2\/pages\/3154","targetHints":{"allow":["GET"]}}],"collection":[{"href":"https:\/\/www.weinfreunde-vom-hellweg.de\/alex\/wordpress\/index.php?rest_route=\/wp\/v2\/pages"}],"about":[{"href":"https:\/\/www.weinfreunde-vom-hellweg.de\/alex\/wordpress\/index.php?rest_route=\/wp\/v2\/types\/page"}],"author":[{"embeddable":true,"href":"https:\/\/www.weinfreunde-vom-hellweg.de\/alex\/wordpress\/index.php?rest_route=\/wp\/v2\/users\/14"}],"replies":[{"embeddable":true,"href":"https:\/\/www.weinfreunde-vom-hellweg.de\/alex\/wordpress\/index.php?rest_route=%2Fwp%2Fv2%2Fcomments&post=3154"}],"version-history":[{"count":4,"href":"https:\/\/www.weinfreunde-vom-hellweg.de\/alex\/wordpress\/index.php?rest_route=\/wp\/v2\/pages\/3154\/revisions"}],"predecessor-version":[{"id":3174,"href":"https:\/\/www.weinfreunde-vom-hellweg.de\/alex\/wordpress\/index.php?rest_route=\/wp\/v2\/pages\/3154\/revisions\/3174"}],"up":[{"embeddable":true,"href":"https:\/\/www.weinfreunde-vom-hellweg.de\/alex\/wordpress\/index.php?rest_route=\/wp\/v2\/pages\/3055"}],"wp:attachment":[{"href":"https:\/\/www.weinfreunde-vom-hellweg.de\/alex\/wordpress\/index.php?rest_route=%2Fwp%2Fv2%2Fmedia&parent=3154"}],"curies":[{"name":"wp","href":"https:\/\/api.w.org\/{rel}","templated":true}]}}