{"id":3188,"date":"2024-11-20T21:31:39","date_gmt":"2024-11-20T19:31:39","guid":{"rendered":"https:\/\/www.weinfreunde-vom-hellweg.de\/alex\/wordpress\/?page_id=3188"},"modified":"2024-11-21T16:46:32","modified_gmt":"2024-11-21T14:46:32","slug":"schinken-und-wein","status":"publish","type":"page","link":"https:\/\/www.weinfreunde-vom-hellweg.de\/alex\/wordpress\/?page_id=3188","title":{"rendered":"Schinken und Wein"},"content":{"rendered":"\n<p>Donnerstag, 16.01.2014, 19:30 Uhr im Kunstverein Unna<\/p>\n\n\n\n<p>Wir m\u00f6chten im neuen Jahr unsere Verkostungsserie \u201eSpeisen und Wein\u201c fortsetzen. In der Vergangenheit haben wir auf der Suche nach idealen Weinpartnern Schokolade, Pralinen, K\u00e4se, Oliven\u00f6l, Spargel, Saumagen, Wildkr\u00e4uter und Brot miteinander verkostet und dabei festgestellt, wie spannend und \u00fcberraschend die Suche nach harmonischen Kombinationen sein kann.<\/p>\n\n\n\n<p>In einer neuen Runde wollen wir uns glas- und h\u00e4ppchenweise genussvoll an zwei gegens\u00e4tzliche Partner herantasten. F\u00fcr sehr unterschiedliche Schinkensorten werden die idealen Weinpartner gesucht.<\/p>\n\n\n\n<p><a href=\"https:\/\/www.weinfreunde-vom-hellweg.de\/alex\/wordpress\/wp-content\/uploads\/2024\/11\/2014-01-16-Weinliste-Schinken-und-Wein.pdf\" target=\"_blank\" rel=\"noreferrer noopener\">Weinliste<\/a> (PDF)<\/p>\n\n\n\n<p><a href=\"https:\/\/www.weinfreunde-vom-hellweg.de\/alex\/wordpress\/wp-content\/uploads\/2024\/11\/2014-01-16-Weinbewertung-Schinken-und-Wein.pdf\" target=\"_blank\" rel=\"noreferrer noopener\">Weinbewertung<\/a> (PDF)<\/p>\n","protected":false},"excerpt":{"rendered":"<p>Donnerstag, 16.01.2014, 19:30 Uhr im Kunstverein Unna Wir m\u00f6chten im neuen Jahr unsere Verkostungsserie \u201eSpeisen und Wein\u201c fortsetzen. In der Vergangenheit haben wir auf der Suche nach idealen Weinpartnern Schokolade, Pralinen, K\u00e4se, Oliven\u00f6l, Spargel, Saumagen, Wildkr\u00e4uter und Brot miteinander verkostet &hellip; <a href=\"https:\/\/www.weinfreunde-vom-hellweg.de\/alex\/wordpress\/?page_id=3188\">Weiterlesen <span class=\"meta-nav\">&rarr;<\/span><\/a><\/p>\n","protected":false},"author":14,"featured_media":0,"parent":3062,"menu_order":1,"comment_status":"closed","ping_status":"closed","template":"","meta":{"ngg_post_thumbnail":0,"footnotes":""},"class_list":["post-3188","page","type-page","status-publish","hentry"],"_links":{"self":[{"href":"https:\/\/www.weinfreunde-vom-hellweg.de\/alex\/wordpress\/index.php?rest_route=\/wp\/v2\/pages\/3188","targetHints":{"allow":["GET"]}}],"collection":[{"href":"https:\/\/www.weinfreunde-vom-hellweg.de\/alex\/wordpress\/index.php?rest_route=\/wp\/v2\/pages"}],"about":[{"href":"https:\/\/www.weinfreunde-vom-hellweg.de\/alex\/wordpress\/index.php?rest_route=\/wp\/v2\/types\/page"}],"author":[{"embeddable":true,"href":"https:\/\/www.weinfreunde-vom-hellweg.de\/alex\/wordpress\/index.php?rest_route=\/wp\/v2\/users\/14"}],"replies":[{"embeddable":true,"href":"https:\/\/www.weinfreunde-vom-hellweg.de\/alex\/wordpress\/index.php?rest_route=%2Fwp%2Fv2%2Fcomments&post=3188"}],"version-history":[{"count":5,"href":"https:\/\/www.weinfreunde-vom-hellweg.de\/alex\/wordpress\/index.php?rest_route=\/wp\/v2\/pages\/3188\/revisions"}],"predecessor-version":[{"id":3252,"href":"https:\/\/www.weinfreunde-vom-hellweg.de\/alex\/wordpress\/index.php?rest_route=\/wp\/v2\/pages\/3188\/revisions\/3252"}],"up":[{"embeddable":true,"href":"https:\/\/www.weinfreunde-vom-hellweg.de\/alex\/wordpress\/index.php?rest_route=\/wp\/v2\/pages\/3062"}],"wp:attachment":[{"href":"https:\/\/www.weinfreunde-vom-hellweg.de\/alex\/wordpress\/index.php?rest_route=%2Fwp%2Fv2%2Fmedia&parent=3188"}],"curies":[{"name":"wp","href":"https:\/\/api.w.org\/{rel}","templated":true}]}}