{"id":3190,"date":"2024-11-20T21:33:11","date_gmt":"2024-11-20T19:33:11","guid":{"rendered":"https:\/\/www.weinfreunde-vom-hellweg.de\/alex\/wordpress\/?page_id=3190"},"modified":"2024-11-21T16:48:47","modified_gmt":"2024-11-21T14:48:47","slug":"weinland-tuerkei","status":"publish","type":"page","link":"https:\/\/www.weinfreunde-vom-hellweg.de\/alex\/wordpress\/?page_id=3190","title":{"rendered":"Weinland T\u00fcrkei"},"content":{"rendered":"\n<p>Donnerstag, 20.02.2014, 19:30 Uhr im Kunstverein Unna<\/p>\n\n\n\n<p>Man sagt, in der T\u00fcrkei und in Mesopotamien steht die Wiege der Weinkultur, denn in der T\u00fcrkei wurde schon im 4. Jahrhundert vor Christi Geburt Wein gepflanzt. In der heutigen Zeit z\u00e4hlt die T\u00fcrkei noch nicht zu den f\u00fchrenden Weinnationen der Welt, aber die Weine sind beliebt, weil sie einen ganz eigenen Charakter haben. Heute werden auf einer Fl\u00e4che von 590.000 Hektar Trauben angebaut. Nur rund 5% davon werden zu Wein verarbeitet, der Rest wird als Tafeltrauben verkauft oder zu Rosinen und vor allem Korinthen verbraucht.<\/p>\n\n\n\n<p>Unsere Weinfreunde Karin Ehlich und Michael D\u00fcssel vom Wuppertaler Weinkonvent werden uns in einer umfangreichen Verkostung das aufstrebende Weinland T\u00fcrkei vorstellen.<\/p>\n\n\n\n<p><a href=\"https:\/\/www.weinfreunde-vom-hellweg.de\/alex\/wordpress\/wp-content\/uploads\/2024\/11\/2014-02-20-Weinbewertung-Tuerkische-Weine.pdf\" target=\"_blank\" rel=\"noreferrer noopener\">Weinbewertung<\/a> (PDF)<\/p>\n","protected":false},"excerpt":{"rendered":"<p>Donnerstag, 20.02.2014, 19:30 Uhr im Kunstverein Unna Man sagt, in der T\u00fcrkei und in Mesopotamien steht die Wiege der Weinkultur, denn in der T\u00fcrkei wurde schon im 4. Jahrhundert vor Christi Geburt Wein gepflanzt. In der heutigen Zeit z\u00e4hlt die &hellip; <a href=\"https:\/\/www.weinfreunde-vom-hellweg.de\/alex\/wordpress\/?page_id=3190\">Weiterlesen <span class=\"meta-nav\">&rarr;<\/span><\/a><\/p>\n","protected":false},"author":14,"featured_media":0,"parent":3062,"menu_order":2,"comment_status":"closed","ping_status":"closed","template":"","meta":{"ngg_post_thumbnail":0,"footnotes":""},"class_list":["post-3190","page","type-page","status-publish","hentry"],"_links":{"self":[{"href":"https:\/\/www.weinfreunde-vom-hellweg.de\/alex\/wordpress\/index.php?rest_route=\/wp\/v2\/pages\/3190","targetHints":{"allow":["GET"]}}],"collection":[{"href":"https:\/\/www.weinfreunde-vom-hellweg.de\/alex\/wordpress\/index.php?rest_route=\/wp\/v2\/pages"}],"about":[{"href":"https:\/\/www.weinfreunde-vom-hellweg.de\/alex\/wordpress\/index.php?rest_route=\/wp\/v2\/types\/page"}],"author":[{"embeddable":true,"href":"https:\/\/www.weinfreunde-vom-hellweg.de\/alex\/wordpress\/index.php?rest_route=\/wp\/v2\/users\/14"}],"replies":[{"embeddable":true,"href":"https:\/\/www.weinfreunde-vom-hellweg.de\/alex\/wordpress\/index.php?rest_route=%2Fwp%2Fv2%2Fcomments&post=3190"}],"version-history":[{"count":4,"href":"https:\/\/www.weinfreunde-vom-hellweg.de\/alex\/wordpress\/index.php?rest_route=\/wp\/v2\/pages\/3190\/revisions"}],"predecessor-version":[{"id":3254,"href":"https:\/\/www.weinfreunde-vom-hellweg.de\/alex\/wordpress\/index.php?rest_route=\/wp\/v2\/pages\/3190\/revisions\/3254"}],"up":[{"embeddable":true,"href":"https:\/\/www.weinfreunde-vom-hellweg.de\/alex\/wordpress\/index.php?rest_route=\/wp\/v2\/pages\/3062"}],"wp:attachment":[{"href":"https:\/\/www.weinfreunde-vom-hellweg.de\/alex\/wordpress\/index.php?rest_route=%2Fwp%2Fv2%2Fmedia&parent=3190"}],"curies":[{"name":"wp","href":"https:\/\/api.w.org\/{rel}","templated":true}]}}