{"id":3192,"date":"2024-11-20T21:34:12","date_gmt":"2024-11-20T19:34:12","guid":{"rendered":"https:\/\/www.weinfreunde-vom-hellweg.de\/alex\/wordpress\/?page_id=3192"},"modified":"2024-11-21T16:51:51","modified_gmt":"2024-11-21T14:51:51","slug":"weinprobe-suedafrika","status":"publish","type":"page","link":"https:\/\/www.weinfreunde-vom-hellweg.de\/alex\/wordpress\/?page_id=3192","title":{"rendered":"Weinprobe S\u00fcdafrika"},"content":{"rendered":"\n<p>Donnerstag, 20.03.2014, 19:30 Uhr im Kunstverein Unna<\/p>\n\n\n\n<p>\u201eNirgendwo auf der Welt ist es leichter, exzellenten Wein zu produzieren als am Kap\u201c beschreibt der so genannte Weinpapst Hugh Johnson das Weinland S\u00fcdafr\u0131ka. Im Umkreis von 200 Kilometern um Kapstadt breitet sich eine der reizvollsten Weinregionen der Welt aus. Obwohl S\u00fcdafrika eine alte Weintradition aufweisen kann, ist das Land erst in den 1970er Jahren zu einer f\u00fchrenden Weinnation aufgestiegen.<\/p>\n\n\n\n<p>Unser Weinfreund Detlef Krischek, der sich \u00fcber 20 Jahre intensiv mit Weinen aus dieser faszinierenden Landschaft besch\u00e4ftigt, l\u00e4dt uns ein auf eine Reise durch die Vielfalt der einheimischen Weine.<\/p>\n\n\n\n<p><a href=\"https:\/\/www.weinfreunde-vom-hellweg.de\/alex\/wordpress\/wp-content\/uploads\/2024\/11\/2014-03-20-Weinliste-Suedafrika.pdf\" target=\"_blank\" rel=\"noreferrer noopener\">Weinliste<\/a> (PDF)<\/p>\n\n\n\n<p><a href=\"https:\/\/www.weinfreunde-vom-hellweg.de\/alex\/wordpress\/wp-content\/uploads\/2024\/11\/2014-03-20-Weinbewertung-Suedafrika.pdf\" target=\"_blank\" rel=\"noreferrer noopener\">Weinbewertung<\/a> (PDF)<\/p>\n","protected":false},"excerpt":{"rendered":"<p>Donnerstag, 20.03.2014, 19:30 Uhr im Kunstverein Unna \u201eNirgendwo auf der Welt ist es leichter, exzellenten Wein zu produzieren als am Kap\u201c beschreibt der so genannte Weinpapst Hugh Johnson das Weinland S\u00fcdafr\u0131ka. Im Umkreis von 200 Kilometern um Kapstadt breitet sich &hellip; <a href=\"https:\/\/www.weinfreunde-vom-hellweg.de\/alex\/wordpress\/?page_id=3192\">Weiterlesen <span class=\"meta-nav\">&rarr;<\/span><\/a><\/p>\n","protected":false},"author":14,"featured_media":0,"parent":3062,"menu_order":3,"comment_status":"closed","ping_status":"closed","template":"","meta":{"ngg_post_thumbnail":0,"footnotes":""},"class_list":["post-3192","page","type-page","status-publish","hentry"],"_links":{"self":[{"href":"https:\/\/www.weinfreunde-vom-hellweg.de\/alex\/wordpress\/index.php?rest_route=\/wp\/v2\/pages\/3192","targetHints":{"allow":["GET"]}}],"collection":[{"href":"https:\/\/www.weinfreunde-vom-hellweg.de\/alex\/wordpress\/index.php?rest_route=\/wp\/v2\/pages"}],"about":[{"href":"https:\/\/www.weinfreunde-vom-hellweg.de\/alex\/wordpress\/index.php?rest_route=\/wp\/v2\/types\/page"}],"author":[{"embeddable":true,"href":"https:\/\/www.weinfreunde-vom-hellweg.de\/alex\/wordpress\/index.php?rest_route=\/wp\/v2\/users\/14"}],"replies":[{"embeddable":true,"href":"https:\/\/www.weinfreunde-vom-hellweg.de\/alex\/wordpress\/index.php?rest_route=%2Fwp%2Fv2%2Fcomments&post=3192"}],"version-history":[{"count":5,"href":"https:\/\/www.weinfreunde-vom-hellweg.de\/alex\/wordpress\/index.php?rest_route=\/wp\/v2\/pages\/3192\/revisions"}],"predecessor-version":[{"id":3258,"href":"https:\/\/www.weinfreunde-vom-hellweg.de\/alex\/wordpress\/index.php?rest_route=\/wp\/v2\/pages\/3192\/revisions\/3258"}],"up":[{"embeddable":true,"href":"https:\/\/www.weinfreunde-vom-hellweg.de\/alex\/wordpress\/index.php?rest_route=\/wp\/v2\/pages\/3062"}],"wp:attachment":[{"href":"https:\/\/www.weinfreunde-vom-hellweg.de\/alex\/wordpress\/index.php?rest_route=%2Fwp%2Fv2%2Fmedia&parent=3192"}],"curies":[{"name":"wp","href":"https:\/\/api.w.org\/{rel}","templated":true}]}}