{"id":3194,"date":"2024-11-20T21:35:23","date_gmt":"2024-11-20T19:35:23","guid":{"rendered":"https:\/\/www.weinfreunde-vom-hellweg.de\/alex\/wordpress\/?page_id=3194"},"modified":"2024-11-21T16:27:18","modified_gmt":"2024-11-21T14:27:18","slug":"weinreise-an-den-bodensee","status":"publish","type":"page","link":"https:\/\/www.weinfreunde-vom-hellweg.de\/alex\/wordpress\/?page_id=3194","title":{"rendered":"Weinreise an den Bodensee"},"content":{"rendered":"\n<p>Montag 28.04.2014 bis Sonntag 04.05.2014<\/p>\n\n\n\n<p>Unsere j\u00e4hrliche Weinreise f\u00fchrt uns in eine der sch\u00f6nsten Urlaubsregionen Mitteleuropas. Im Dreil\u00e4ndereck Deutschland, \u00d6sterreich und der Schweiz bietet der Bodensee, bevorzugt durch sein mediterranes Klima, den einschmiegsamen Landschaftsformen, dem traumhaften Alpenpanorama, den pr\u00e4chtigen Schl\u00f6ssern und Kl\u00f6stern und freundlichen Altst\u00e4dten viele gute Voraussetzungen f\u00fcr eine erlebnisreiche Studienfahrt.<\/p>\n\n\n\n<p>Einen besonderen Reiz erf\u00e4hrt diese Reise durch den Besuch der s\u00fcdlichsten Weinregion Deutschlands. Weniger bekannt d\u00fcrfte dabei die Aufteilung dieser 600 ha gro\u00dfen Weinbaufl\u00e4che am Nordufer des Bodensees in das Anbaugebiet Baden und W\u00fcrttemberg sein. Aber auch die Weine am S\u00fcdufer im Kanton Thurgau werden unser Interesse finden.<\/p>\n","protected":false},"excerpt":{"rendered":"<p>Montag 28.04.2014 bis Sonntag 04.05.2014 Unsere j\u00e4hrliche Weinreise f\u00fchrt uns in eine der sch\u00f6nsten Urlaubsregionen Mitteleuropas. Im Dreil\u00e4ndereck Deutschland, \u00d6sterreich und der Schweiz bietet der Bodensee, bevorzugt durch sein mediterranes Klima, den einschmiegsamen Landschaftsformen, dem traumhaften Alpenpanorama, den pr\u00e4chtigen Schl\u00f6ssern &hellip; <a href=\"https:\/\/www.weinfreunde-vom-hellweg.de\/alex\/wordpress\/?page_id=3194\">Weiterlesen <span class=\"meta-nav\">&rarr;<\/span><\/a><\/p>\n","protected":false},"author":14,"featured_media":0,"parent":3062,"menu_order":4,"comment_status":"closed","ping_status":"closed","template":"","meta":{"ngg_post_thumbnail":0,"footnotes":""},"class_list":["post-3194","page","type-page","status-publish","hentry"],"_links":{"self":[{"href":"https:\/\/www.weinfreunde-vom-hellweg.de\/alex\/wordpress\/index.php?rest_route=\/wp\/v2\/pages\/3194","targetHints":{"allow":["GET"]}}],"collection":[{"href":"https:\/\/www.weinfreunde-vom-hellweg.de\/alex\/wordpress\/index.php?rest_route=\/wp\/v2\/pages"}],"about":[{"href":"https:\/\/www.weinfreunde-vom-hellweg.de\/alex\/wordpress\/index.php?rest_route=\/wp\/v2\/types\/page"}],"author":[{"embeddable":true,"href":"https:\/\/www.weinfreunde-vom-hellweg.de\/alex\/wordpress\/index.php?rest_route=\/wp\/v2\/users\/14"}],"replies":[{"embeddable":true,"href":"https:\/\/www.weinfreunde-vom-hellweg.de\/alex\/wordpress\/index.php?rest_route=%2Fwp%2Fv2%2Fcomments&post=3194"}],"version-history":[{"count":3,"href":"https:\/\/www.weinfreunde-vom-hellweg.de\/alex\/wordpress\/index.php?rest_route=\/wp\/v2\/pages\/3194\/revisions"}],"predecessor-version":[{"id":3237,"href":"https:\/\/www.weinfreunde-vom-hellweg.de\/alex\/wordpress\/index.php?rest_route=\/wp\/v2\/pages\/3194\/revisions\/3237"}],"up":[{"embeddable":true,"href":"https:\/\/www.weinfreunde-vom-hellweg.de\/alex\/wordpress\/index.php?rest_route=\/wp\/v2\/pages\/3062"}],"wp:attachment":[{"href":"https:\/\/www.weinfreunde-vom-hellweg.de\/alex\/wordpress\/index.php?rest_route=%2Fwp%2Fv2%2Fmedia&parent=3194"}],"curies":[{"name":"wp","href":"https:\/\/api.w.org\/{rel}","templated":true}]}}