{"id":3200,"date":"2024-11-20T21:38:15","date_gmt":"2024-11-20T19:38:15","guid":{"rendered":"https:\/\/www.weinfreunde-vom-hellweg.de\/alex\/wordpress\/?page_id=3200"},"modified":"2024-11-21T16:56:27","modified_gmt":"2024-11-21T14:56:27","slug":"riesling-und-terroir","status":"publish","type":"page","link":"https:\/\/www.weinfreunde-vom-hellweg.de\/alex\/wordpress\/?page_id=3200","title":{"rendered":"Riesling und Terroir"},"content":{"rendered":"\n<p>Donnerstag, 14.08.2014, 19:30 Uhr im Atelier der Lindenbrauerei Unna<\/p>\n\n\n\n<p>Kann man Terroir schmecken? F\u00fcr den franz\u00f6sischen Begriff \u201eTerroir\u201c, der auch im deutschen Weinbau immer mehr an Bedeutung gewinnt, gibt es keine eindeutige Definition. Gemeint ist in der Regel das Zusammenspiel von nat\u00fcrlichen Standortfaktoren f\u00fcr den Wein wie Boden und Klima mit dem biologischen Faktor, n\u00e4mlich der Rebsorte. Diese speziellen Standortfaktoren der einzelnen Weinberglagen sind pr\u00e4gend und einmalig f\u00fcr die jeweilige Weinbergregion. Sie beeinflussen insbesondere auch das Aroma der angebauten Rebsorten. Eine Rebsorte ist besonders geeignet, den Zusammenhang zwischen Aroma und Terroir deutlich widerzuspiegeln, n\u00e4mlich der Riesling.<\/p>\n\n\n\n<p>Wir wollen daher an diesem Abend mit verschiedenen Rieslingen testen, inwieweit ein Zusammenhang der Weine mit ihrer Herkunft schmeckbar ist. Freuen Sie sich auf einen interessanten und genussvollen Abend.<\/p>\n\n\n\n<p>Moderation: Hermann Bley.<\/p>\n\n\n\n<p><a href=\"https:\/\/www.weinfreunde-vom-hellweg.de\/alex\/wordpress\/wp-content\/uploads\/2024\/11\/2014-08-14-Weinliste-Riesling-und-Terroir.pdf\" target=\"_blank\" rel=\"noreferrer noopener\">Weinliste<\/a> (PDF)<\/p>\n\n\n\n<p><a href=\"https:\/\/www.weinfreunde-vom-hellweg.de\/alex\/wordpress\/wp-content\/uploads\/2024\/11\/2014-08-14-Weinbewertung-Riesling-und-Terroir.pdf\" target=\"_blank\" rel=\"noreferrer noopener\">Weinbewertung<\/a> (PDF)<\/p>\n","protected":false},"excerpt":{"rendered":"<p>Donnerstag, 14.08.2014, 19:30 Uhr im Atelier der Lindenbrauerei Unna Kann man Terroir schmecken? F\u00fcr den franz\u00f6sischen Begriff \u201eTerroir\u201c, der auch im deutschen Weinbau immer mehr an Bedeutung gewinnt, gibt es keine eindeutige Definition. Gemeint ist in der Regel das Zusammenspiel &hellip; <a href=\"https:\/\/www.weinfreunde-vom-hellweg.de\/alex\/wordpress\/?page_id=3200\">Weiterlesen <span class=\"meta-nav\">&rarr;<\/span><\/a><\/p>\n","protected":false},"author":14,"featured_media":0,"parent":3062,"menu_order":8,"comment_status":"closed","ping_status":"closed","template":"","meta":{"ngg_post_thumbnail":0,"footnotes":""},"class_list":["post-3200","page","type-page","status-publish","hentry"],"_links":{"self":[{"href":"https:\/\/www.weinfreunde-vom-hellweg.de\/alex\/wordpress\/index.php?rest_route=\/wp\/v2\/pages\/3200","targetHints":{"allow":["GET"]}}],"collection":[{"href":"https:\/\/www.weinfreunde-vom-hellweg.de\/alex\/wordpress\/index.php?rest_route=\/wp\/v2\/pages"}],"about":[{"href":"https:\/\/www.weinfreunde-vom-hellweg.de\/alex\/wordpress\/index.php?rest_route=\/wp\/v2\/types\/page"}],"author":[{"embeddable":true,"href":"https:\/\/www.weinfreunde-vom-hellweg.de\/alex\/wordpress\/index.php?rest_route=\/wp\/v2\/users\/14"}],"replies":[{"embeddable":true,"href":"https:\/\/www.weinfreunde-vom-hellweg.de\/alex\/wordpress\/index.php?rest_route=%2Fwp%2Fv2%2Fcomments&post=3200"}],"version-history":[{"count":4,"href":"https:\/\/www.weinfreunde-vom-hellweg.de\/alex\/wordpress\/index.php?rest_route=\/wp\/v2\/pages\/3200\/revisions"}],"predecessor-version":[{"id":3261,"href":"https:\/\/www.weinfreunde-vom-hellweg.de\/alex\/wordpress\/index.php?rest_route=\/wp\/v2\/pages\/3200\/revisions\/3261"}],"up":[{"embeddable":true,"href":"https:\/\/www.weinfreunde-vom-hellweg.de\/alex\/wordpress\/index.php?rest_route=\/wp\/v2\/pages\/3062"}],"wp:attachment":[{"href":"https:\/\/www.weinfreunde-vom-hellweg.de\/alex\/wordpress\/index.php?rest_route=%2Fwp%2Fv2%2Fmedia&parent=3200"}],"curies":[{"name":"wp","href":"https:\/\/api.w.org\/{rel}","templated":true}]}}