{"id":3202,"date":"2024-11-20T21:39:11","date_gmt":"2024-11-20T19:39:11","guid":{"rendered":"https:\/\/www.weinfreunde-vom-hellweg.de\/alex\/wordpress\/?page_id=3202"},"modified":"2024-11-21T16:59:07","modified_gmt":"2024-11-21T14:59:07","slug":"apfelwein-handkaes","status":"publish","type":"page","link":"https:\/\/www.weinfreunde-vom-hellweg.de\/alex\/wordpress\/?page_id=3202","title":{"rendered":"Apfelwein &amp; Handk\u00e4s"},"content":{"rendered":"\n<p>Donnerstag, 18.09.2014, 19:30 Uhr im Kunstverein Unna<\/p>\n\n\n\n<p>Zum ersten Mal seit Vereinsgr\u00fcndung werden sich die Weinfreunde vom Hellweg in einer offiziellen Probe vom Wein aus Trauben entfernen und Produkte aus einem anderen \u201eAusgangsmaterial\u201c vorstellen. Seit einigen Jahren ist die Apfelweinszene in Deutschland (und hier nat\u00fcrlich vornehmlich im Gro\u00dfraum Frankfurt) dabei, sich vom etwas angestaubten Image des vergangenen Jahrhunderts zu trennen und das Thema neu zu interpretieren. Heraus gekommen sind dabei sehr interessante neuartige Weine, \u00fcber die man jedoch die klassischen Sorten &#8211; inklusive des Speierlings &#8211; nicht vergessen sollte.<\/p>\n\n\n\n<p>Der Moderator Ralph Tegethoff hat insgesamt fast ein Jahrzehnt lang in Hessen gelebt und kann somit nicht nur \u00fcber das \u201eSt\u00f6ffsche*, wie der Frankfurter seinen Apfelwein zu nennen pflegt, sondern auch \u00fcber hessische Eigenarten berichten (Wer wei\u00df schon, dass in der hessischen Landesverfassung in $21 immer noch die Todesstrafe aufgef\u00fchrt wird!). Es wird somit eine bunte Mischung aus perlenden wie stillen alkoholischen Apfelprodukten vorwiegend hessischer Provenienz sowie interessanten Informationen zu Land und Leuten geben. (Falls jetzt jemand Angst haben sollte, nach Hessen zu fahren, sei abschlie\u00dfend erw\u00e4hnt, dass das Grundgesetz das hessische Landesrecht in dem genannten Fall schl\u00e4gt\u2026)<\/p>\n\n\n\n<p><a href=\"https:\/\/www.weinfreunde-vom-hellweg.de\/alex\/wordpress\/wp-content\/uploads\/2024\/11\/2014-09-18-Weinliste-Apfelwein-und-Handkaes.pdf\" target=\"_blank\" rel=\"noreferrer noopener\">Weinliste<\/a> (PDF)<\/p>\n","protected":false},"excerpt":{"rendered":"<p>Donnerstag, 18.09.2014, 19:30 Uhr im Kunstverein Unna Zum ersten Mal seit Vereinsgr\u00fcndung werden sich die Weinfreunde vom Hellweg in einer offiziellen Probe vom Wein aus Trauben entfernen und Produkte aus einem anderen \u201eAusgangsmaterial\u201c vorstellen. Seit einigen Jahren ist die Apfelweinszene &hellip; <a href=\"https:\/\/www.weinfreunde-vom-hellweg.de\/alex\/wordpress\/?page_id=3202\">Weiterlesen <span class=\"meta-nav\">&rarr;<\/span><\/a><\/p>\n","protected":false},"author":14,"featured_media":0,"parent":3062,"menu_order":9,"comment_status":"closed","ping_status":"closed","template":"","meta":{"ngg_post_thumbnail":0,"footnotes":""},"class_list":["post-3202","page","type-page","status-publish","hentry"],"_links":{"self":[{"href":"https:\/\/www.weinfreunde-vom-hellweg.de\/alex\/wordpress\/index.php?rest_route=\/wp\/v2\/pages\/3202","targetHints":{"allow":["GET"]}}],"collection":[{"href":"https:\/\/www.weinfreunde-vom-hellweg.de\/alex\/wordpress\/index.php?rest_route=\/wp\/v2\/pages"}],"about":[{"href":"https:\/\/www.weinfreunde-vom-hellweg.de\/alex\/wordpress\/index.php?rest_route=\/wp\/v2\/types\/page"}],"author":[{"embeddable":true,"href":"https:\/\/www.weinfreunde-vom-hellweg.de\/alex\/wordpress\/index.php?rest_route=\/wp\/v2\/users\/14"}],"replies":[{"embeddable":true,"href":"https:\/\/www.weinfreunde-vom-hellweg.de\/alex\/wordpress\/index.php?rest_route=%2Fwp%2Fv2%2Fcomments&post=3202"}],"version-history":[{"count":4,"href":"https:\/\/www.weinfreunde-vom-hellweg.de\/alex\/wordpress\/index.php?rest_route=\/wp\/v2\/pages\/3202\/revisions"}],"predecessor-version":[{"id":3263,"href":"https:\/\/www.weinfreunde-vom-hellweg.de\/alex\/wordpress\/index.php?rest_route=\/wp\/v2\/pages\/3202\/revisions\/3263"}],"up":[{"embeddable":true,"href":"https:\/\/www.weinfreunde-vom-hellweg.de\/alex\/wordpress\/index.php?rest_route=\/wp\/v2\/pages\/3062"}],"wp:attachment":[{"href":"https:\/\/www.weinfreunde-vom-hellweg.de\/alex\/wordpress\/index.php?rest_route=%2Fwp%2Fv2%2Fmedia&parent=3202"}],"curies":[{"name":"wp","href":"https:\/\/api.w.org\/{rel}","templated":true}]}}