{"id":3206,"date":"2024-11-20T21:41:17","date_gmt":"2024-11-20T19:41:17","guid":{"rendered":"https:\/\/www.weinfreunde-vom-hellweg.de\/alex\/wordpress\/?page_id=3206"},"modified":"2024-11-21T16:37:15","modified_gmt":"2024-11-21T14:37:15","slug":"griechischer-stammtisch","status":"publish","type":"page","link":"https:\/\/www.weinfreunde-vom-hellweg.de\/alex\/wordpress\/?page_id=3206","title":{"rendered":"Griechischer Stammtisch"},"content":{"rendered":"\n<p>Donnerstag, 23.10.2014, 19:00 Uhr im Restaurant Santorini, Unna<\/p>\n\n\n\n<p>Freunde griechischer Kultur d\u00fcrfen sich auf eine Weinprobe mit griechischen Weinen und Speisen freuen. An diesem Stammtisch k\u00f6nnen aus Platzgr\u00fcnden nur zwanzig Weinfreunde teilnehmen.<\/p>\n","protected":false},"excerpt":{"rendered":"<p>Donnerstag, 23.10.2014, 19:00 Uhr im Restaurant Santorini, Unna Freunde griechischer Kultur d\u00fcrfen sich auf eine Weinprobe mit griechischen Weinen und Speisen freuen. An diesem Stammtisch k\u00f6nnen aus Platzgr\u00fcnden nur zwanzig Weinfreunde teilnehmen.<\/p>\n","protected":false},"author":14,"featured_media":0,"parent":3062,"menu_order":12,"comment_status":"closed","ping_status":"closed","template":"","meta":{"ngg_post_thumbnail":0,"footnotes":""},"class_list":["post-3206","page","type-page","status-publish","hentry"],"_links":{"self":[{"href":"https:\/\/www.weinfreunde-vom-hellweg.de\/alex\/wordpress\/index.php?rest_route=\/wp\/v2\/pages\/3206","targetHints":{"allow":["GET"]}}],"collection":[{"href":"https:\/\/www.weinfreunde-vom-hellweg.de\/alex\/wordpress\/index.php?rest_route=\/wp\/v2\/pages"}],"about":[{"href":"https:\/\/www.weinfreunde-vom-hellweg.de\/alex\/wordpress\/index.php?rest_route=\/wp\/v2\/types\/page"}],"author":[{"embeddable":true,"href":"https:\/\/www.weinfreunde-vom-hellweg.de\/alex\/wordpress\/index.php?rest_route=\/wp\/v2\/users\/14"}],"replies":[{"embeddable":true,"href":"https:\/\/www.weinfreunde-vom-hellweg.de\/alex\/wordpress\/index.php?rest_route=%2Fwp%2Fv2%2Fcomments&post=3206"}],"version-history":[{"count":3,"href":"https:\/\/www.weinfreunde-vom-hellweg.de\/alex\/wordpress\/index.php?rest_route=\/wp\/v2\/pages\/3206\/revisions"}],"predecessor-version":[{"id":3245,"href":"https:\/\/www.weinfreunde-vom-hellweg.de\/alex\/wordpress\/index.php?rest_route=\/wp\/v2\/pages\/3206\/revisions\/3245"}],"up":[{"embeddable":true,"href":"https:\/\/www.weinfreunde-vom-hellweg.de\/alex\/wordpress\/index.php?rest_route=\/wp\/v2\/pages\/3062"}],"wp:attachment":[{"href":"https:\/\/www.weinfreunde-vom-hellweg.de\/alex\/wordpress\/index.php?rest_route=%2Fwp%2Fv2%2Fmedia&parent=3206"}],"curies":[{"name":"wp","href":"https:\/\/api.w.org\/{rel}","templated":true}]}}