{"id":3377,"date":"2024-11-23T19:27:29","date_gmt":"2024-11-23T17:27:29","guid":{"rendered":"https:\/\/www.weinfreunde-vom-hellweg.de\/alex\/wordpress\/?page_id=3377"},"modified":"2024-11-24T21:44:10","modified_gmt":"2024-11-24T19:44:10","slug":"wein-verfuehrt-schokolade-oder-andersherum","status":"publish","type":"page","link":"https:\/\/www.weinfreunde-vom-hellweg.de\/alex\/wordpress\/?page_id=3377","title":{"rendered":"Wein verf\u00fchrt Schokolade, oder andersherum?"},"content":{"rendered":"\n<p>Donnerstag, 24.10.2024 um 19 Uhr im Atelier der Lindenbrauerei in Unna<\/p>\n\n\n\n<p>Sicher ist, dass Wein und Schokolade uns verf\u00fchren. Das haben wir schon mehrfach bei fr\u00fcheren Veranstaltungen erlebt.<br>Das Besondere an diesem Abend aber ist, dass wir einen Experten aus der Welt der Schokoladen zu&nbsp; Gast haben: Uwe Petersmann von der Pralinothek in Unna.<br>Herr Petersmann wird uns viel Wissenswertes zum Thema Schokolade erl\u00e4utern, beispielsweise die Frage: Was ist der Unterschied zwischen Schokoladentr\u00fcffel und Praline? Dazu werden einige s\u00fc\u00dfe K\u00f6stlichkeiten zum Probieren gereicht. Nat\u00fcrlich fehlt auch der \u00fcber die Unnaer Grenzen hinaus bekannte, von Herrn Petersmann selbst hergestellte Baumkuchen nicht, der aufwendige Produktionsprozess wird ebenfalls dargestellt.<br><br>Referenten: Uwe Petersmann, Petra Wienpahl und Matthias Metzger.<\/p>\n\n\n\n<p><a href=\"https:\/\/www.weinfreunde-vom-hellweg.de\/alex\/wordpress\/wp-content\/uploads\/2024\/11\/2024-10-24-Weinliste.pdf\" target=\"_blank\" rel=\"noreferrer noopener\">Weinliste<\/a> (PDF)<\/p>\n\n\n\n<p><a href=\"https:\/\/www.weinfreunde-vom-hellweg.de\/alex\/wordpress\/wp-content\/uploads\/2024\/11\/2024-10-24-Weinbewertung.pdf\" target=\"_blank\" rel=\"noreferrer noopener\">Weinbewertung<\/a> (PDF)<\/p>\n\n\n\n<p><a href=\"https:\/\/www.weinfreunde-vom-hellweg.de\/alex\/wordpress\/wp-content\/uploads\/2024\/11\/2024-10-24-Zeitungsbericht.pdf\" target=\"_blank\" rel=\"noreferrer noopener\">Zeitungsbericht<\/a> (PDF)<\/p>\n","protected":false},"excerpt":{"rendered":"<p>Donnerstag, 24.10.2024 um 19 Uhr im Atelier der Lindenbrauerei in Unna Sicher ist, dass Wein und Schokolade uns verf\u00fchren. Das haben wir schon mehrfach bei fr\u00fcheren Veranstaltungen erlebt.Das Besondere an diesem Abend aber ist, dass wir einen Experten aus der &hellip; <a href=\"https:\/\/www.weinfreunde-vom-hellweg.de\/alex\/wordpress\/?page_id=3377\">Weiterlesen <span class=\"meta-nav\">&rarr;<\/span><\/a><\/p>\n","protected":false},"author":14,"featured_media":0,"parent":3359,"menu_order":18,"comment_status":"closed","ping_status":"closed","template":"","meta":{"ngg_post_thumbnail":0,"footnotes":""},"class_list":["post-3377","page","type-page","status-publish","hentry"],"_links":{"self":[{"href":"https:\/\/www.weinfreunde-vom-hellweg.de\/alex\/wordpress\/index.php?rest_route=\/wp\/v2\/pages\/3377","targetHints":{"allow":["GET"]}}],"collection":[{"href":"https:\/\/www.weinfreunde-vom-hellweg.de\/alex\/wordpress\/index.php?rest_route=\/wp\/v2\/pages"}],"about":[{"href":"https:\/\/www.weinfreunde-vom-hellweg.de\/alex\/wordpress\/index.php?rest_route=\/wp\/v2\/types\/page"}],"author":[{"embeddable":true,"href":"https:\/\/www.weinfreunde-vom-hellweg.de\/alex\/wordpress\/index.php?rest_route=\/wp\/v2\/users\/14"}],"replies":[{"embeddable":true,"href":"https:\/\/www.weinfreunde-vom-hellweg.de\/alex\/wordpress\/index.php?rest_route=%2Fwp%2Fv2%2Fcomments&post=3377"}],"version-history":[{"count":3,"href":"https:\/\/www.weinfreunde-vom-hellweg.de\/alex\/wordpress\/index.php?rest_route=\/wp\/v2\/pages\/3377\/revisions"}],"predecessor-version":[{"id":3449,"href":"https:\/\/www.weinfreunde-vom-hellweg.de\/alex\/wordpress\/index.php?rest_route=\/wp\/v2\/pages\/3377\/revisions\/3449"}],"up":[{"embeddable":true,"href":"https:\/\/www.weinfreunde-vom-hellweg.de\/alex\/wordpress\/index.php?rest_route=\/wp\/v2\/pages\/3359"}],"wp:attachment":[{"href":"https:\/\/www.weinfreunde-vom-hellweg.de\/alex\/wordpress\/index.php?rest_route=%2Fwp%2Fv2%2Fmedia&parent=3377"}],"curies":[{"name":"wp","href":"https:\/\/api.w.org\/{rel}","templated":true}]}}