{"id":3393,"date":"2024-11-23T19:52:24","date_gmt":"2024-11-23T17:52:24","guid":{"rendered":"https:\/\/www.weinfreunde-vom-hellweg.de\/alex\/wordpress\/?page_id=3393"},"modified":"2025-02-04T19:32:10","modified_gmt":"2025-02-04T18:32:10","slug":"neujahrsempfang","status":"publish","type":"page","link":"https:\/\/www.weinfreunde-vom-hellweg.de\/alex\/wordpress\/?page_id=3393","title":{"rendered":"Neujahrsempfang"},"content":{"rendered":"\n<figure class=\"wp-block-image size-large is-resized\"><img loading=\"lazy\" decoding=\"async\" width=\"1024\" height=\"356\" src=\"https:\/\/www.weinfreunde-vom-hellweg.de\/alex\/wordpress\/wp-content\/uploads\/2025-01-16-Neujahrsempfang-1024x356.jpg\" alt=\"\" class=\"wp-image-5455\" style=\"width:630px;height:auto\" srcset=\"https:\/\/www.weinfreunde-vom-hellweg.de\/alex\/wordpress\/wp-content\/uploads\/2025-01-16-Neujahrsempfang-1024x356.jpg 1024w, https:\/\/www.weinfreunde-vom-hellweg.de\/alex\/wordpress\/wp-content\/uploads\/2025-01-16-Neujahrsempfang-300x104.jpg 300w, https:\/\/www.weinfreunde-vom-hellweg.de\/alex\/wordpress\/wp-content\/uploads\/2025-01-16-Neujahrsempfang-768x267.jpg 768w, https:\/\/www.weinfreunde-vom-hellweg.de\/alex\/wordpress\/wp-content\/uploads\/2025-01-16-Neujahrsempfang.jpg 1081w\" sizes=\"auto, (max-width: 1024px) 100vw, 1024px\" \/><\/figure>\n\n\n\n<p>Alle Jahre wieder treffen sich die Weinfreunde vom Hellweg im Atelier der Lindenbrauerei, um in geselliger und lockerer Runde zur\u00fcckzublicken auf das, was wir im letzten Jahr erlebt haben, um vorauszuschauen, was uns im Neuen Jahr erwartet und nat\u00fcrlich, um bei Speis und Trank auf das Neue Jahr anzusto\u00dfen.<\/p>\n\n\n\n<p>Ein Auszug aus der Weinliste f\u00fcr diesen Abend:<br>2024er Sekt alkoholfrei, Blanc de Blancs, <a href=\"https:\/\/www.carl-jung.de\/\" target=\"_blank\" rel=\"noreferrer noopener\">Weingut Carl Jung, Rheingau<\/a><br>2016er Pinotage ros\u00e9, <a href=\"https:\/\/www.swartlandwinery.co.za\/\" target=\"_blank\" rel=\"noreferrer noopener\">Swartland Winery, S\u00fcdafrika \/ Western Cape<\/a><br>1999er Rotwein-Cuv\u00e9e Cru Bourgeois, <a href=\"https:\/\/www.chateau-du-retout.com\/de\/\" target=\"_blank\" rel=\"noreferrer noopener\">Ch\u00e2teau du Retout, Bordeaux \/ Haut-M\u00e9doc<\/a><br>2005er Pinot Noir, <a href=\"https:\/\/hamiltonrussellvineyards.com\/\" target=\"_blank\" rel=\"noreferrer noopener\">Hamilton Russell, S\u00fcdafrika \/ Walker Bay<\/a><br>2004er Rotwein-Cuv\u00e9e AOC, <a href=\"https:\/\/shop.chateau-soutard.com\/fr\/\" target=\"_blank\" rel=\"noreferrer noopener\">Les Jardins de Soutard, Bordeaux \/ Saint-\u00c9milion<\/a><br>2015er Dagernova Nr. 2, Sp\u00e4tburgunder, <a href=\"https:\/\/www.dagernova.de\/\" target=\"_blank\" rel=\"noreferrer noopener\">Dagernova Weinmanufaktur \/ Ahr<\/a><br>2015er Samtrot \u201eS\u201c, <a href=\"https:\/\/weinkonvent-duerrenzimmern.de\/\" target=\"_blank\" rel=\"noreferrer noopener\">Weinkonvent D\u00fcrrenzimmern \/ W\u00fcrttemberg<\/a><br>1985er Huxelrebe Beerenauslese, <a href=\"https:\/\/www.schales.de\/\" target=\"_blank\" rel=\"noreferrer noopener\">Weingut Schales \/ Rheinhessen<\/a><br>2020er Roter Riesling feinherb, <a href=\"https:\/\/www.bergstraesserwinzer.de\/\" target=\"_blank\" rel=\"noreferrer noopener\">Bergstr\u00e4sser Winzer \/ Hessische Bergstra\u00dfe<\/a><br>2021er Wei\u00dfwein-Cuv\u00e9e \u201eApremont En Altitude\u201c, <a href=\"https:\/\/www.adrien-vacher.fr\/\" target=\"_blank\" rel=\"noreferrer noopener\">Maison Adrien Vacher \/ Savoyen<\/a><\/p>\n\n\n\n<p>Einige Bilder aus der Veranstaltung:<\/p>\n\n\n\nngg_shortcode_0_placeholder\n","protected":false},"excerpt":{"rendered":"<p>Alle Jahre wieder treffen sich die Weinfreunde vom Hellweg im Atelier der Lindenbrauerei, um in geselliger und lockerer Runde zur\u00fcckzublicken auf das, was wir im letzten Jahr erlebt haben, um vorauszuschauen, was uns im Neuen Jahr erwartet und nat\u00fcrlich, um &hellip; <a href=\"https:\/\/www.weinfreunde-vom-hellweg.de\/alex\/wordpress\/?page_id=3393\">Weiterlesen <span class=\"meta-nav\">&rarr;<\/span><\/a><\/p>\n","protected":false},"author":14,"featured_media":0,"parent":3389,"menu_order":1,"comment_status":"closed","ping_status":"closed","template":"","meta":{"ngg_post_thumbnail":0,"footnotes":""},"class_list":["post-3393","page","type-page","status-publish","hentry"],"_links":{"self":[{"href":"https:\/\/www.weinfreunde-vom-hellweg.de\/alex\/wordpress\/index.php?rest_route=\/wp\/v2\/pages\/3393","targetHints":{"allow":["GET"]}}],"collection":[{"href":"https:\/\/www.weinfreunde-vom-hellweg.de\/alex\/wordpress\/index.php?rest_route=\/wp\/v2\/pages"}],"about":[{"href":"https:\/\/www.weinfreunde-vom-hellweg.de\/alex\/wordpress\/index.php?rest_route=\/wp\/v2\/types\/page"}],"author":[{"embeddable":true,"href":"https:\/\/www.weinfreunde-vom-hellweg.de\/alex\/wordpress\/index.php?rest_route=\/wp\/v2\/users\/14"}],"replies":[{"embeddable":true,"href":"https:\/\/www.weinfreunde-vom-hellweg.de\/alex\/wordpress\/index.php?rest_route=%2Fwp%2Fv2%2Fcomments&post=3393"}],"version-history":[{"count":17,"href":"https:\/\/www.weinfreunde-vom-hellweg.de\/alex\/wordpress\/index.php?rest_route=\/wp\/v2\/pages\/3393\/revisions"}],"predecessor-version":[{"id":5456,"href":"https:\/\/www.weinfreunde-vom-hellweg.de\/alex\/wordpress\/index.php?rest_route=\/wp\/v2\/pages\/3393\/revisions\/5456"}],"up":[{"embeddable":true,"href":"https:\/\/www.weinfreunde-vom-hellweg.de\/alex\/wordpress\/index.php?rest_route=\/wp\/v2\/pages\/3389"}],"wp:attachment":[{"href":"https:\/\/www.weinfreunde-vom-hellweg.de\/alex\/wordpress\/index.php?rest_route=%2Fwp%2Fv2%2Fmedia&parent=3393"}],"curies":[{"name":"wp","href":"https:\/\/api.w.org\/{rel}","templated":true}]}}