{"id":3398,"date":"2024-11-24T12:46:12","date_gmt":"2024-11-24T10:46:12","guid":{"rendered":"https:\/\/www.weinfreunde-vom-hellweg.de\/alex\/wordpress\/?page_id=3398"},"modified":"2024-11-24T12:52:29","modified_gmt":"2024-11-24T10:52:29","slug":"gereifte-weine-aus-dem-weinkeller","status":"publish","type":"page","link":"https:\/\/www.weinfreunde-vom-hellweg.de\/alex\/wordpress\/?page_id=3398","title":{"rendered":"Gereifte Weine aus dem Weinkeller"},"content":{"rendered":"\n<p>Donnerstag, 18.07.2024 um 19 Uhr im Nicolaihaus Unna<\/p>\n\n\n\n<p>Kann man mit wenigen Worten beschreiben, was einen guten Wein ausmacht? Und wonach schmeckt er?<br><em>\u201eEin kompletter Anf\u00e4nger w\u00fcrde sagen: Naja, nach Wein eben. Aber dann kann man sich fragen, schmeckt er fruchtig oder salzig, s\u00fc\u00df, nicht s\u00fc\u00df, tanninhaltig. Einfach darauf achten, was man schmeckt, diese Eindr\u00fccke behalten, und dann mit dem n\u00e4chsten Wein vergleichen. So baut man ein Register im Gehirn auf, welche Geschmacksrichtungen ein Wein besitzen kann. \u2026 Wenn man sich dessen bewusst ist, was man isst oder trinkt, ist der Genuss viel gr\u00f6\u00dfer und es macht das Ganze interessanter. Und dann m\u00f6chte man vielleicht den n\u00e4chsten Schritt gehen und dann noch einen.\u201c<\/em> (Zitat: Margarete Rand, Herausgeberin des Weinf\u00fchrers \u201eDer kleine Johnson\u201c)<\/p>\n\n\n\n<p>So einfach scheint es, ist es aber f\u00fcr den durchschnittlichen Weinkonsumenten nicht. Sich gewisse F\u00e4higkeiten anzueignen ist das eine, die entsprechenden Weine zu erlangen, aber schon das wesentlich Schwierigere.<\/p>\n\n\n\n<p>Eine L\u00f6sung des Problems ist die Verkostung ausgew\u00e4hlter gereifter Weine, die auch Gelegenheit bietet den Genuss von Wein im Sinne von Frau Rand zu steigern. Denn oft erschlie\u00dft sich dem Verkoster der wahre Genuss eines Weines erst nach einem Reifungsprozess bei richtiger Lagerung. Warum? Teilweise bekannte, gr\u00f6\u00dftenteils aber immer noch unbekannte chemische Reaktionen im Mikrobereich ver\u00e4ndern das Aromaspektrum. Da ein guter Wein nicht nur eine Sache\u201c ist, sondern sich schon besonders durch den Jahrgang als \u201eIndividuum\u201c pr\u00e4sentiert, sind gereifte Weine auch unter Umst\u00e4nden markante Jahrgangsph\u00e4nomene und auch die gilt es zu erfahren \u2013 beim Wein-Stammtisch mit unserem Kellermeister Peter Schampera.<\/p>\n","protected":false},"excerpt":{"rendered":"<p>Donnerstag, 18.07.2024 um 19 Uhr im Nicolaihaus Unna Kann man mit wenigen Worten beschreiben, was einen guten Wein ausmacht? Und wonach schmeckt er?\u201eEin kompletter Anf\u00e4nger w\u00fcrde sagen: Naja, nach Wein eben. Aber dann kann man sich fragen, schmeckt er fruchtig &hellip; <a href=\"https:\/\/www.weinfreunde-vom-hellweg.de\/alex\/wordpress\/?page_id=3398\">Weiterlesen <span class=\"meta-nav\">&rarr;<\/span><\/a><\/p>\n","protected":false},"author":14,"featured_media":0,"parent":3359,"menu_order":13,"comment_status":"closed","ping_status":"closed","template":"","meta":{"ngg_post_thumbnail":0,"footnotes":""},"class_list":["post-3398","page","type-page","status-publish","hentry"],"_links":{"self":[{"href":"https:\/\/www.weinfreunde-vom-hellweg.de\/alex\/wordpress\/index.php?rest_route=\/wp\/v2\/pages\/3398","targetHints":{"allow":["GET"]}}],"collection":[{"href":"https:\/\/www.weinfreunde-vom-hellweg.de\/alex\/wordpress\/index.php?rest_route=\/wp\/v2\/pages"}],"about":[{"href":"https:\/\/www.weinfreunde-vom-hellweg.de\/alex\/wordpress\/index.php?rest_route=\/wp\/v2\/types\/page"}],"author":[{"embeddable":true,"href":"https:\/\/www.weinfreunde-vom-hellweg.de\/alex\/wordpress\/index.php?rest_route=\/wp\/v2\/users\/14"}],"replies":[{"embeddable":true,"href":"https:\/\/www.weinfreunde-vom-hellweg.de\/alex\/wordpress\/index.php?rest_route=%2Fwp%2Fv2%2Fcomments&post=3398"}],"version-history":[{"count":2,"href":"https:\/\/www.weinfreunde-vom-hellweg.de\/alex\/wordpress\/index.php?rest_route=\/wp\/v2\/pages\/3398\/revisions"}],"predecessor-version":[{"id":3402,"href":"https:\/\/www.weinfreunde-vom-hellweg.de\/alex\/wordpress\/index.php?rest_route=\/wp\/v2\/pages\/3398\/revisions\/3402"}],"up":[{"embeddable":true,"href":"https:\/\/www.weinfreunde-vom-hellweg.de\/alex\/wordpress\/index.php?rest_route=\/wp\/v2\/pages\/3359"}],"wp:attachment":[{"href":"https:\/\/www.weinfreunde-vom-hellweg.de\/alex\/wordpress\/index.php?rest_route=%2Fwp%2Fv2%2Fmedia&parent=3398"}],"curies":[{"name":"wp","href":"https:\/\/api.w.org\/{rel}","templated":true}]}}