{"id":3403,"date":"2024-11-24T18:57:19","date_gmt":"2024-11-24T16:57:19","guid":{"rendered":"https:\/\/www.weinfreunde-vom-hellweg.de\/alex\/wordpress\/?page_id=3403"},"modified":"2024-11-24T21:46:23","modified_gmt":"2024-11-24T19:46:23","slug":"weinfreunde-besuchen-orte-der-hellweg-region","status":"publish","type":"page","link":"https:\/\/www.weinfreunde-vom-hellweg.de\/alex\/wordpress\/?page_id=3403","title":{"rendered":"Weinfreunde besuchen Orte der Hellweg-Region"},"content":{"rendered":"\n<p>Samstag, 22. Juni 2023, 14.00 Uhr, Umweltkulturpark Dortmund-Barop<\/p>\n\n\n\n<div class=\"wp-block-media-text has-media-on-the-right is-stacked-on-mobile\" style=\"grid-template-columns:auto 53%\"><div class=\"wp-block-media-text__content\">\n<p>Historisch ist belegt, dass bis uns 15. Jahrhundert in Dortmund Weinbau betrieben worden ist. Seit 2012 gibt es am Ph\u00f6nixsee in Dortmund-H\u00f6rde wieder einen Weinberg mit 96 Reben, der von der Emschergenossenschaft betrieben wird. Angebaut wird hier passenderweise die PIWI-Sorte Ph\u00f6nix. Weitere Weinbauprojekte folgten in Dortmund-Barop sowie zuletzt in Castrop-Rauxel und in Herne.<\/p>\n<\/div><figure class=\"wp-block-media-text__media\"><img loading=\"lazy\" decoding=\"async\" width=\"1024\" height=\"545\" src=\"https:\/\/www.weinfreunde-vom-hellweg.de\/alex\/wordpress\/wp-content\/uploads\/2024\/11\/2024-06-22-01-1-1024x545.jpg\" alt=\"\" class=\"wp-image-3438 size-full\" srcset=\"https:\/\/www.weinfreunde-vom-hellweg.de\/alex\/wordpress\/wp-content\/uploads\/2024\/11\/2024-06-22-01-1-1024x545.jpg 1024w, https:\/\/www.weinfreunde-vom-hellweg.de\/alex\/wordpress\/wp-content\/uploads\/2024\/11\/2024-06-22-01-1-300x160.jpg 300w, https:\/\/www.weinfreunde-vom-hellweg.de\/alex\/wordpress\/wp-content\/uploads\/2024\/11\/2024-06-22-01-1-768x409.jpg 768w, https:\/\/www.weinfreunde-vom-hellweg.de\/alex\/wordpress\/wp-content\/uploads\/2024\/11\/2024-06-22-01-1.jpg 1200w\" sizes=\"auto, (max-width: 1024px) 100vw, 1024px\" \/><\/figure><\/div>\n\n\n\n<div class=\"wp-block-media-text has-media-on-the-right is-stacked-on-mobile\"><div class=\"wp-block-media-text__content\">\n<p>Bei einer Weinbergf\u00fchrung inkl. Sekt und Weinverkostung (Dauer: ca. 1,5 \u2013 2 Stunden) im Umweltkulturpark in Dortmund-Barop wird Tina Krachten, die die verschiedenen Weinbauprojekte der Emschergenossenschaft als Winzerin betreut, den Weinfreundinnen und Weinfreunde mehr \u00fcber die Mitmach-Projekte der Emschergenossenschaft erz\u00e4hlen.<br><br>Im Anschluss an die F\u00fchrung werden wir vor Ort im gr\u00fcnen Klassenzimmer bei einer kleinen Vesper und Weinen aus dem Weinkeller die Veranstaltung gem\u00fctlich ausklingen lassen.<\/p>\n<\/div><figure class=\"wp-block-media-text__media\"><img loading=\"lazy\" decoding=\"async\" width=\"1024\" height=\"573\" src=\"https:\/\/www.weinfreunde-vom-hellweg.de\/alex\/wordpress\/wp-content\/uploads\/2024\/11\/2024-06-22-02-1024x573.jpg\" alt=\"\" class=\"wp-image-3435 size-full\" srcset=\"https:\/\/www.weinfreunde-vom-hellweg.de\/alex\/wordpress\/wp-content\/uploads\/2024\/11\/2024-06-22-02-1024x573.jpg 1024w, https:\/\/www.weinfreunde-vom-hellweg.de\/alex\/wordpress\/wp-content\/uploads\/2024\/11\/2024-06-22-02-300x168.jpg 300w, https:\/\/www.weinfreunde-vom-hellweg.de\/alex\/wordpress\/wp-content\/uploads\/2024\/11\/2024-06-22-02-768x429.jpg 768w, https:\/\/www.weinfreunde-vom-hellweg.de\/alex\/wordpress\/wp-content\/uploads\/2024\/11\/2024-06-22-02.jpg 1200w\" sizes=\"auto, (max-width: 1024px) 100vw, 1024px\" \/><\/figure><\/div>\n\n\n\n<p><a href=\"https:\/\/www.weinfreunde-vom-hellweg.de\/alex\/wordpress\/wp-content\/uploads\/2024\/11\/2024-06-22-Zeitungsbericht.pdf\" target=\"_blank\" rel=\"noreferrer noopener\">Zeitungsbericht <\/a>(PDF)<\/p>\n","protected":false},"excerpt":{"rendered":"<p>Samstag, 22. Juni 2023, 14.00 Uhr, Umweltkulturpark Dortmund-Barop Historisch ist belegt, dass bis uns 15. Jahrhundert in Dortmund Weinbau betrieben worden ist. Seit 2012 gibt es am Ph\u00f6nixsee in Dortmund-H\u00f6rde wieder einen Weinberg mit 96 Reben, der von der Emschergenossenschaft &hellip; <a href=\"https:\/\/www.weinfreunde-vom-hellweg.de\/alex\/wordpress\/?page_id=3403\">Weiterlesen <span class=\"meta-nav\">&rarr;<\/span><\/a><\/p>\n","protected":false},"author":14,"featured_media":0,"parent":3359,"menu_order":10,"comment_status":"closed","ping_status":"closed","template":"","meta":{"ngg_post_thumbnail":0,"footnotes":""},"class_list":["post-3403","page","type-page","status-publish","hentry"],"_links":{"self":[{"href":"https:\/\/www.weinfreunde-vom-hellweg.de\/alex\/wordpress\/index.php?rest_route=\/wp\/v2\/pages\/3403","targetHints":{"allow":["GET"]}}],"collection":[{"href":"https:\/\/www.weinfreunde-vom-hellweg.de\/alex\/wordpress\/index.php?rest_route=\/wp\/v2\/pages"}],"about":[{"href":"https:\/\/www.weinfreunde-vom-hellweg.de\/alex\/wordpress\/index.php?rest_route=\/wp\/v2\/types\/page"}],"author":[{"embeddable":true,"href":"https:\/\/www.weinfreunde-vom-hellweg.de\/alex\/wordpress\/index.php?rest_route=\/wp\/v2\/users\/14"}],"replies":[{"embeddable":true,"href":"https:\/\/www.weinfreunde-vom-hellweg.de\/alex\/wordpress\/index.php?rest_route=%2Fwp%2Fv2%2Fcomments&post=3403"}],"version-history":[{"count":5,"href":"https:\/\/www.weinfreunde-vom-hellweg.de\/alex\/wordpress\/index.php?rest_route=\/wp\/v2\/pages\/3403\/revisions"}],"predecessor-version":[{"id":3450,"href":"https:\/\/www.weinfreunde-vom-hellweg.de\/alex\/wordpress\/index.php?rest_route=\/wp\/v2\/pages\/3403\/revisions\/3450"}],"up":[{"embeddable":true,"href":"https:\/\/www.weinfreunde-vom-hellweg.de\/alex\/wordpress\/index.php?rest_route=\/wp\/v2\/pages\/3359"}],"wp:attachment":[{"href":"https:\/\/www.weinfreunde-vom-hellweg.de\/alex\/wordpress\/index.php?rest_route=%2Fwp%2Fv2%2Fmedia&parent=3403"}],"curies":[{"name":"wp","href":"https:\/\/api.w.org\/{rel}","templated":true}]}}