{"id":3410,"date":"2024-11-24T19:06:07","date_gmt":"2024-11-24T17:06:07","guid":{"rendered":"https:\/\/www.weinfreunde-vom-hellweg.de\/alex\/wordpress\/?page_id=3410"},"modified":"2024-11-24T19:29:01","modified_gmt":"2024-11-24T17:29:01","slug":"weine-aus-dem-norden","status":"publish","type":"page","link":"https:\/\/www.weinfreunde-vom-hellweg.de\/alex\/wordpress\/?page_id=3410","title":{"rendered":"Weine aus dem Norden"},"content":{"rendered":"\n<p>Donnerstag, 18.04.2024, 19 Uhr im Atelier der Lindenbrauerei Unna<\/p>\n\n\n\n<p>Bis ins sp\u00e4te Mittelalter ist auch in Norddeutschland Weinbau betrieben worden, nicht zuletzt von Kl\u00f6stern, weil Messwein f\u00fcr die Gottesdienste ben\u00f6tigt wurde. Der Klimawandel und die Neuz\u00fcchtung pilzwiderstandsf\u00e4higer Rebsorten macht es m\u00f6glich, dass in Schleswig-Holstein, in Niedersachsen und in Mecklenburg-Vorpommern wieder Weinbau betrieben wird. Auf kleinen Rebfl\u00e4chen werden Wei\u00df- und Rotweinsorten wie Solaris, Souvignier Gris, Cabernet Cator oder Regent angebaut. An diesem Abend werden die Weinfreundinnen und Weinfreunde die Probe aufs Exempel machen, ob auch im hohen Norden gute und schmackhafte Weine produziert werden.<\/p>\n\n\n\n<p><a href=\"https:\/\/www.weinfreunde-vom-hellweg.de\/alex\/wordpress\/wp-content\/uploads\/2024\/11\/2024-04-18-Weinbewertung.pdf\" target=\"_blank\" rel=\"noreferrer noopener\">Weinbewertung<\/a> (PDF)<\/p>\n","protected":false},"excerpt":{"rendered":"<p>Donnerstag, 18.04.2024, 19 Uhr im Atelier der Lindenbrauerei Unna Bis ins sp\u00e4te Mittelalter ist auch in Norddeutschland Weinbau betrieben worden, nicht zuletzt von Kl\u00f6stern, weil Messwein f\u00fcr die Gottesdienste ben\u00f6tigt wurde. Der Klimawandel und die Neuz\u00fcchtung pilzwiderstandsf\u00e4higer Rebsorten macht es &hellip; <a href=\"https:\/\/www.weinfreunde-vom-hellweg.de\/alex\/wordpress\/?page_id=3410\">Weiterlesen <span class=\"meta-nav\">&rarr;<\/span><\/a><\/p>\n","protected":false},"author":14,"featured_media":0,"parent":3359,"menu_order":6,"comment_status":"closed","ping_status":"closed","template":"","meta":{"ngg_post_thumbnail":0,"footnotes":""},"class_list":["post-3410","page","type-page","status-publish","hentry"],"_links":{"self":[{"href":"https:\/\/www.weinfreunde-vom-hellweg.de\/alex\/wordpress\/index.php?rest_route=\/wp\/v2\/pages\/3410","targetHints":{"allow":["GET"]}}],"collection":[{"href":"https:\/\/www.weinfreunde-vom-hellweg.de\/alex\/wordpress\/index.php?rest_route=\/wp\/v2\/pages"}],"about":[{"href":"https:\/\/www.weinfreunde-vom-hellweg.de\/alex\/wordpress\/index.php?rest_route=\/wp\/v2\/types\/page"}],"author":[{"embeddable":true,"href":"https:\/\/www.weinfreunde-vom-hellweg.de\/alex\/wordpress\/index.php?rest_route=\/wp\/v2\/users\/14"}],"replies":[{"embeddable":true,"href":"https:\/\/www.weinfreunde-vom-hellweg.de\/alex\/wordpress\/index.php?rest_route=%2Fwp%2Fv2%2Fcomments&post=3410"}],"version-history":[{"count":2,"href":"https:\/\/www.weinfreunde-vom-hellweg.de\/alex\/wordpress\/index.php?rest_route=\/wp\/v2\/pages\/3410\/revisions"}],"predecessor-version":[{"id":3431,"href":"https:\/\/www.weinfreunde-vom-hellweg.de\/alex\/wordpress\/index.php?rest_route=\/wp\/v2\/pages\/3410\/revisions\/3431"}],"up":[{"embeddable":true,"href":"https:\/\/www.weinfreunde-vom-hellweg.de\/alex\/wordpress\/index.php?rest_route=\/wp\/v2\/pages\/3359"}],"wp:attachment":[{"href":"https:\/\/www.weinfreunde-vom-hellweg.de\/alex\/wordpress\/index.php?rest_route=%2Fwp%2Fv2%2Fmedia&parent=3410"}],"curies":[{"name":"wp","href":"https:\/\/api.w.org\/{rel}","templated":true}]}}