{"id":3413,"date":"2024-11-24T19:07:20","date_gmt":"2024-11-24T17:07:20","guid":{"rendered":"https:\/\/www.weinfreunde-vom-hellweg.de\/alex\/wordpress\/?page_id=3413"},"modified":"2024-11-24T19:25:13","modified_gmt":"2024-11-24T17:25:13","slug":"weine-vom-vulkan","status":"publish","type":"page","link":"https:\/\/www.weinfreunde-vom-hellweg.de\/alex\/wordpress\/?page_id=3413","title":{"rendered":"Weine vom Vulkan"},"content":{"rendered":"\n<p>Donnerstag, 14.03.2024, 19 Uhr im Atelier der Lindenbrauerei Unna<\/p>\n\n\n\n<p>Nur etwas mehr als ein Prozent der Landmasse der Erde ist von Vulkangestein gepr\u00e4gt. Das erscheint nicht besonders viel.<\/p>\n\n\n\n<p>Schaut man jedoch n\u00e4her auf die einzelnen Vorkommen, f\u00e4llt auf, dass auf vulkanischen B\u00f6den besonders viel Weinbau betrieben wird. Denn schon lange wei\u00df man, dass die \u00e4u\u00dferlich kargen Vulkanb\u00f6den besonders fruchtbar sind und neben hervorragendem Gem\u00fcse oder Kaffee auch ausdrucksstarke Weine hervorbringen, die besonders sind und eine ganz eigene Energie zu besitzen scheinen. Nat\u00fcrlich gibt es nicht den vulkanischen Wein, sondern unterschiedlichste Arten. Bei Winzern und Weinfreunden sind Vulkan-Weine derzeit gefragt wie nie. Das f\u00fchrt zu Fragen wie: Was zeichnet diese Weine in Duft und Geschmack aus? Schmecken sie anders als Weine von L\u00f6ssboden, Schiefer, Granit oder Kalk?<\/p>\n\n\n\n<p>Unser Weinfreund Markus Besler gew\u00e4hrt einen Einblick in die faszinierende Welt der Weine vom Vulkan, ihre Unterschiede und Besonderheiten und pr\u00e4sentiert au\u00dfergew\u00f6hnliche Weinen aus Frankreich, Italien, Lanzarote, Deutschland und den Azoren.<\/p>\n\n\n\n<p><a href=\"https:\/\/www.weinfreunde-vom-hellweg.de\/alex\/wordpress\/wp-content\/uploads\/2024\/11\/2024-03-14-Weinbewertung.pdf\" target=\"_blank\" rel=\"noreferrer noopener\">Weinbewertung<\/a> (PDF)<\/p>\n","protected":false},"excerpt":{"rendered":"<p>Donnerstag, 14.03.2024, 19 Uhr im Atelier der Lindenbrauerei Unna Nur etwas mehr als ein Prozent der Landmasse der Erde ist von Vulkangestein gepr\u00e4gt. Das erscheint nicht besonders viel. Schaut man jedoch n\u00e4her auf die einzelnen Vorkommen, f\u00e4llt auf, dass auf &hellip; <a href=\"https:\/\/www.weinfreunde-vom-hellweg.de\/alex\/wordpress\/?page_id=3413\">Weiterlesen <span class=\"meta-nav\">&rarr;<\/span><\/a><\/p>\n","protected":false},"author":14,"featured_media":0,"parent":3359,"menu_order":5,"comment_status":"closed","ping_status":"closed","template":"","meta":{"ngg_post_thumbnail":0,"footnotes":""},"class_list":["post-3413","page","type-page","status-publish","hentry"],"_links":{"self":[{"href":"https:\/\/www.weinfreunde-vom-hellweg.de\/alex\/wordpress\/index.php?rest_route=\/wp\/v2\/pages\/3413","targetHints":{"allow":["GET"]}}],"collection":[{"href":"https:\/\/www.weinfreunde-vom-hellweg.de\/alex\/wordpress\/index.php?rest_route=\/wp\/v2\/pages"}],"about":[{"href":"https:\/\/www.weinfreunde-vom-hellweg.de\/alex\/wordpress\/index.php?rest_route=\/wp\/v2\/types\/page"}],"author":[{"embeddable":true,"href":"https:\/\/www.weinfreunde-vom-hellweg.de\/alex\/wordpress\/index.php?rest_route=\/wp\/v2\/users\/14"}],"replies":[{"embeddable":true,"href":"https:\/\/www.weinfreunde-vom-hellweg.de\/alex\/wordpress\/index.php?rest_route=%2Fwp%2Fv2%2Fcomments&post=3413"}],"version-history":[{"count":2,"href":"https:\/\/www.weinfreunde-vom-hellweg.de\/alex\/wordpress\/index.php?rest_route=\/wp\/v2\/pages\/3413\/revisions"}],"predecessor-version":[{"id":3428,"href":"https:\/\/www.weinfreunde-vom-hellweg.de\/alex\/wordpress\/index.php?rest_route=\/wp\/v2\/pages\/3413\/revisions\/3428"}],"up":[{"embeddable":true,"href":"https:\/\/www.weinfreunde-vom-hellweg.de\/alex\/wordpress\/index.php?rest_route=\/wp\/v2\/pages\/3359"}],"wp:attachment":[{"href":"https:\/\/www.weinfreunde-vom-hellweg.de\/alex\/wordpress\/index.php?rest_route=%2Fwp%2Fv2%2Fmedia&parent=3413"}],"curies":[{"name":"wp","href":"https:\/\/api.w.org\/{rel}","templated":true}]}}