{"id":3415,"date":"2024-11-24T19:10:45","date_gmt":"2024-11-24T17:10:45","guid":{"rendered":"https:\/\/www.weinfreunde-vom-hellweg.de\/alex\/wordpress\/?page_id=3415"},"modified":"2024-11-24T21:48:33","modified_gmt":"2024-11-24T19:48:33","slug":"weine-aus-sachsen","status":"publish","type":"page","link":"https:\/\/www.weinfreunde-vom-hellweg.de\/alex\/wordpress\/?page_id=3415","title":{"rendered":"Weine aus Sachsen"},"content":{"rendered":"\n<p>Donnerstag, 15.02.2024, 19.00 Uhr im Atelier der Lindenbrauerei Unna<\/p>\n\n\n\n<p>Das s\u00e4chsische Weinanbaugebiet ist mit ca. 500 ha Rebfl\u00e4che eines der kleinsten und das \u00f6stlichste Anbaugebiet in Deutschland. Nach der fast vollst\u00e4ndigen Vernichtung der Rebfl\u00e4che im 19. Jahrhundert durch die Reblausplage fristete das Gebiet bis zur Wende mit ca. 200 ha und sehr bescheidenen Qualit\u00e4ten ein Mauerbl\u00fcmchendasein. Das ver\u00e4nderte sich nach der Wende sehr deutlich, die produzierten Mengen wuchsen best\u00e4ndig und vor allem die Qualit\u00e4ten verbesserten sich erheblich. Heute sind die Sachsen stolz auf ihren Wein, er wird \u00fcberwiegend regional genossen. Es werden haupts\u00e4chlich wei\u00dfe Rebsorten angebaut (Riesling, M\u00fcller-Thurgau, Wei\u00df-und Grauburgunder), aber auch zu einem kleinen, zunehmenden Anteil Rotweine (Sp\u00e4tburgunder und Dornfelder).<\/p>\n\n\n\n<p>Neben kleinen am\u00fcsanten Geschichten aus der Zeit des Wiederaufbaus des s\u00e4chsischen Weinanbaus wird unser Weinfreund Matthias Metzger an diesem Weinabend sowohl Weine eines sehr bekannten Weingutes, Schloss Wackerbarth, als auch kleinerer Winzer und der s\u00e4chsischen Winzergenossenschaft Meissen pr\u00e4sentieren, die sich qualitativ wahrhaftig nicht verstecken m\u00fcssen. Ein Abend f\u00fcr Weinfreunde, die gerne Weine probieren, die man nicht \u00fcberall kaufen kann, moderiert von unserem Weinfreund Matthias Metzger.<\/p>\n\n\n\n<p><a href=\"https:\/\/www.weinfreunde-vom-hellweg.de\/alex\/wordpress\/wp-content\/uploads\/2024\/11\/2024-02-15-Weinbewertung.pdf\" target=\"_blank\" rel=\"noreferrer noopener\">Weinbewertung<\/a> (PDF)<\/p>\n\n\n\n<p><a href=\"https:\/\/www.weinfreunde-vom-hellweg.de\/alex\/wordpress\/wp-content\/uploads\/2024\/11\/2024-02-15-Zeitungsbericht.pdf\" target=\"_blank\" rel=\"noreferrer noopener\">Zeitungsbericht<\/a> (PDF)<\/p>\n","protected":false},"excerpt":{"rendered":"<p>Donnerstag, 15.02.2024, 19.00 Uhr im Atelier der Lindenbrauerei Unna Das s\u00e4chsische Weinanbaugebiet ist mit ca. 500 ha Rebfl\u00e4che eines der kleinsten und das \u00f6stlichste Anbaugebiet in Deutschland. Nach der fast vollst\u00e4ndigen Vernichtung der Rebfl\u00e4che im 19. Jahrhundert durch die Reblausplage &hellip; <a href=\"https:\/\/www.weinfreunde-vom-hellweg.de\/alex\/wordpress\/?page_id=3415\">Weiterlesen <span class=\"meta-nav\">&rarr;<\/span><\/a><\/p>\n","protected":false},"author":14,"featured_media":0,"parent":3359,"menu_order":3,"comment_status":"closed","ping_status":"closed","template":"","meta":{"ngg_post_thumbnail":0,"footnotes":""},"class_list":["post-3415","page","type-page","status-publish","hentry"],"_links":{"self":[{"href":"https:\/\/www.weinfreunde-vom-hellweg.de\/alex\/wordpress\/index.php?rest_route=\/wp\/v2\/pages\/3415","targetHints":{"allow":["GET"]}}],"collection":[{"href":"https:\/\/www.weinfreunde-vom-hellweg.de\/alex\/wordpress\/index.php?rest_route=\/wp\/v2\/pages"}],"about":[{"href":"https:\/\/www.weinfreunde-vom-hellweg.de\/alex\/wordpress\/index.php?rest_route=\/wp\/v2\/types\/page"}],"author":[{"embeddable":true,"href":"https:\/\/www.weinfreunde-vom-hellweg.de\/alex\/wordpress\/index.php?rest_route=\/wp\/v2\/users\/14"}],"replies":[{"embeddable":true,"href":"https:\/\/www.weinfreunde-vom-hellweg.de\/alex\/wordpress\/index.php?rest_route=%2Fwp%2Fv2%2Fcomments&post=3415"}],"version-history":[{"count":3,"href":"https:\/\/www.weinfreunde-vom-hellweg.de\/alex\/wordpress\/index.php?rest_route=\/wp\/v2\/pages\/3415\/revisions"}],"predecessor-version":[{"id":3452,"href":"https:\/\/www.weinfreunde-vom-hellweg.de\/alex\/wordpress\/index.php?rest_route=\/wp\/v2\/pages\/3415\/revisions\/3452"}],"up":[{"embeddable":true,"href":"https:\/\/www.weinfreunde-vom-hellweg.de\/alex\/wordpress\/index.php?rest_route=\/wp\/v2\/pages\/3359"}],"wp:attachment":[{"href":"https:\/\/www.weinfreunde-vom-hellweg.de\/alex\/wordpress\/index.php?rest_route=%2Fwp%2Fv2%2Fmedia&parent=3415"}],"curies":[{"name":"wp","href":"https:\/\/api.w.org\/{rel}","templated":true}]}}