{"id":3417,"date":"2024-11-24T19:11:50","date_gmt":"2024-11-24T17:11:50","guid":{"rendered":"https:\/\/www.weinfreunde-vom-hellweg.de\/alex\/wordpress\/?page_id=3417"},"modified":"2024-11-24T19:15:44","modified_gmt":"2024-11-24T17:15:44","slug":"neujahrsempfang","status":"publish","type":"page","link":"https:\/\/www.weinfreunde-vom-hellweg.de\/alex\/wordpress\/?page_id=3417","title":{"rendered":"Neujahrsempfang"},"content":{"rendered":"\n<p>Donnerstag, 18.01 2024, 19 Uhr \u00a0im Atelier der Lindenbrauerei in Unna<\/p>\n\n\n\n<p>Der Vorstand der Weinfreunde vom Hellweg e.V. l\u00e4dt seine Mitglieder am 18.01.2024 dazu ein, gemeinsam in zwangloser und geselliger Runde auf das Jahr 2024 anzusto\u00dfen sowie das Jahr 2023 Revue passieren zu lassen.<br>Traditionell \u00f6ffnet unser Kellermeister Peter Schampera wieder unseren Weinkeller, so dass ausgew\u00e4hlte Wei\u00df-, Ros\u00e9- und Rotweine verk\u00f6stigt werden k\u00f6nnen. Der kleine Hunger kann an beim Fingerfood-Buffet gestillt werden.<\/p>\n","protected":false},"excerpt":{"rendered":"<p>Donnerstag, 18.01 2024, 19 Uhr \u00a0im Atelier der Lindenbrauerei in Unna Der Vorstand der Weinfreunde vom Hellweg e.V. l\u00e4dt seine Mitglieder am 18.01.2024 dazu ein, gemeinsam in zwangloser und geselliger Runde auf das Jahr 2024 anzusto\u00dfen sowie das Jahr 2023 &hellip; <a href=\"https:\/\/www.weinfreunde-vom-hellweg.de\/alex\/wordpress\/?page_id=3417\">Weiterlesen <span class=\"meta-nav\">&rarr;<\/span><\/a><\/p>\n","protected":false},"author":14,"featured_media":0,"parent":3359,"menu_order":1,"comment_status":"closed","ping_status":"closed","template":"","meta":{"ngg_post_thumbnail":0,"footnotes":""},"class_list":["post-3417","page","type-page","status-publish","hentry"],"_links":{"self":[{"href":"https:\/\/www.weinfreunde-vom-hellweg.de\/alex\/wordpress\/index.php?rest_route=\/wp\/v2\/pages\/3417","targetHints":{"allow":["GET"]}}],"collection":[{"href":"https:\/\/www.weinfreunde-vom-hellweg.de\/alex\/wordpress\/index.php?rest_route=\/wp\/v2\/pages"}],"about":[{"href":"https:\/\/www.weinfreunde-vom-hellweg.de\/alex\/wordpress\/index.php?rest_route=\/wp\/v2\/types\/page"}],"author":[{"embeddable":true,"href":"https:\/\/www.weinfreunde-vom-hellweg.de\/alex\/wordpress\/index.php?rest_route=\/wp\/v2\/users\/14"}],"replies":[{"embeddable":true,"href":"https:\/\/www.weinfreunde-vom-hellweg.de\/alex\/wordpress\/index.php?rest_route=%2Fwp%2Fv2%2Fcomments&post=3417"}],"version-history":[{"count":3,"href":"https:\/\/www.weinfreunde-vom-hellweg.de\/alex\/wordpress\/index.php?rest_route=\/wp\/v2\/pages\/3417\/revisions"}],"predecessor-version":[{"id":3422,"href":"https:\/\/www.weinfreunde-vom-hellweg.de\/alex\/wordpress\/index.php?rest_route=\/wp\/v2\/pages\/3417\/revisions\/3422"}],"up":[{"embeddable":true,"href":"https:\/\/www.weinfreunde-vom-hellweg.de\/alex\/wordpress\/index.php?rest_route=\/wp\/v2\/pages\/3359"}],"wp:attachment":[{"href":"https:\/\/www.weinfreunde-vom-hellweg.de\/alex\/wordpress\/index.php?rest_route=%2Fwp%2Fv2%2Fmedia&parent=3417"}],"curies":[{"name":"wp","href":"https:\/\/api.w.org\/{rel}","templated":true}]}}