{"id":3472,"date":"2024-11-25T12:49:16","date_gmt":"2024-11-25T10:49:16","guid":{"rendered":"https:\/\/www.weinfreunde-vom-hellweg.de\/alex\/wordpress\/?page_id=3472"},"modified":"2024-11-25T14:06:59","modified_gmt":"2024-11-25T12:06:59","slug":"kaese-und-wein","status":"publish","type":"page","link":"https:\/\/www.weinfreunde-vom-hellweg.de\/alex\/wordpress\/?page_id=3472","title":{"rendered":"K\u00e4se und Wein"},"content":{"rendered":"\n<p>Donnerstag, 24.08 2023, 19.30 Uhr im Atelier der Lindenbrauerei Unna<\/p>\n\n\n\n<p>Ein sch\u00f6nes Glas Wein, ein St\u00fcck guter K\u00e4se, dazu ein frisches Brot und das Gl\u00fcck scheint perfekt. Wirklich immer? Kann man jeden Wein zu jedem K\u00e4se auch genie\u00dfen? Ist Rotwein tats\u00e4chlich immer die richtige Wahl oder passt ein Wei\u00dfwein nicht teilweise besser?<\/p>\n\n\n\n<p>K\u00e4searomen kann man in salzige, saure, w\u00fcrzige oder s\u00fc\u00dfe Komponenten einteilen. Beim Wein ist es \u00e4hnlich: fruchtig oder mineralisch, s\u00e4urebetont oder mild, mit Holzeinsatz oder ohne. Allein daraus ergibt sich eine Vielzahl m\u00f6glicher Kombinationen.<\/p>\n\n\n\n<p>Unsere Weinfreunde Silke Kleineweischede und Markus Besler werden zu Wei\u00df- und Rotweinen aus verschiedenen Weinregionen eine Auswahl unterschiedlicher K\u00e4sesorten pr\u00e4sentieren und dazu animieren, die beste Kombination herauszufinden. Denn am Ende gilt: Der beste Wein zum K\u00e4se ist der, der einem pers\u00f6nlich am besten dazu schmeckt!<\/p>\n\n\n\n<p><a href=\"https:\/\/www.weinfreunde-vom-hellweg.de\/alex\/wordpress\/wp-content\/uploads\/2024\/11\/2023-08-24-Weinbewertung-Wein-und-Kaese.pdf\" target=\"_blank\" rel=\"noreferrer noopener\">Weinbewertung<\/a> (PDF)<\/p>\n","protected":false},"excerpt":{"rendered":"<p>Donnerstag, 24.08 2023, 19.30 Uhr im Atelier der Lindenbrauerei Unna Ein sch\u00f6nes Glas Wein, ein St\u00fcck guter K\u00e4se, dazu ein frisches Brot und das Gl\u00fcck scheint perfekt. Wirklich immer? Kann man jeden Wein zu jedem K\u00e4se auch genie\u00dfen? Ist Rotwein &hellip; <a href=\"https:\/\/www.weinfreunde-vom-hellweg.de\/alex\/wordpress\/?page_id=3472\">Weiterlesen <span class=\"meta-nav\">&rarr;<\/span><\/a><\/p>\n","protected":false},"author":14,"featured_media":0,"parent":3355,"menu_order":20,"comment_status":"closed","ping_status":"closed","template":"","meta":{"ngg_post_thumbnail":0,"footnotes":""},"class_list":["post-3472","page","type-page","status-publish","hentry"],"_links":{"self":[{"href":"https:\/\/www.weinfreunde-vom-hellweg.de\/alex\/wordpress\/index.php?rest_route=\/wp\/v2\/pages\/3472","targetHints":{"allow":["GET"]}}],"collection":[{"href":"https:\/\/www.weinfreunde-vom-hellweg.de\/alex\/wordpress\/index.php?rest_route=\/wp\/v2\/pages"}],"about":[{"href":"https:\/\/www.weinfreunde-vom-hellweg.de\/alex\/wordpress\/index.php?rest_route=\/wp\/v2\/types\/page"}],"author":[{"embeddable":true,"href":"https:\/\/www.weinfreunde-vom-hellweg.de\/alex\/wordpress\/index.php?rest_route=\/wp\/v2\/users\/14"}],"replies":[{"embeddable":true,"href":"https:\/\/www.weinfreunde-vom-hellweg.de\/alex\/wordpress\/index.php?rest_route=%2Fwp%2Fv2%2Fcomments&post=3472"}],"version-history":[{"count":3,"href":"https:\/\/www.weinfreunde-vom-hellweg.de\/alex\/wordpress\/index.php?rest_route=\/wp\/v2\/pages\/3472\/revisions"}],"predecessor-version":[{"id":3538,"href":"https:\/\/www.weinfreunde-vom-hellweg.de\/alex\/wordpress\/index.php?rest_route=\/wp\/v2\/pages\/3472\/revisions\/3538"}],"up":[{"embeddable":true,"href":"https:\/\/www.weinfreunde-vom-hellweg.de\/alex\/wordpress\/index.php?rest_route=\/wp\/v2\/pages\/3355"}],"wp:attachment":[{"href":"https:\/\/www.weinfreunde-vom-hellweg.de\/alex\/wordpress\/index.php?rest_route=%2Fwp%2Fv2%2Fmedia&parent=3472"}],"curies":[{"name":"wp","href":"https:\/\/api.w.org\/{rel}","templated":true}]}}