{"id":3475,"date":"2024-11-25T12:50:21","date_gmt":"2024-11-25T10:50:21","guid":{"rendered":"https:\/\/www.weinfreunde-vom-hellweg.de\/alex\/wordpress\/?page_id=3475"},"modified":"2024-11-25T14:09:28","modified_gmt":"2024-11-25T12:09:28","slug":"weinfreunde-stellen-sich-vor","status":"publish","type":"page","link":"https:\/\/www.weinfreunde-vom-hellweg.de\/alex\/wordpress\/?page_id=3475","title":{"rendered":"Weinfreunde stellen sich vor"},"content":{"rendered":"\n<p>Freitag, 08.09.2023, 18:30 Uhr im Atelier der Lindenbrauerei Unna<\/p>\n\n\n\n<p>An dem Abend wird der Vorstand interessierte Freunde und Freundinnen des Weines aus Unna und Umgebung auf die Dachterrasse des Ateliers der Lindenbrauerei einladen und die vielf\u00e4ltigen Aktivit\u00e4ten der Weinfreunde vom Hellweg e.V. vorstellen. Dabei besteht f\u00fcr die G\u00e4ste des Abends auch die M\u00f6glichkeit, Weine aus dem Weinkeller bei kleinen Snacks zu verkosten.<\/p>\n\n\n\n<p><a href=\"https:\/\/www.weinfreunde-vom-hellweg.de\/alex\/wordpress\/wp-content\/uploads\/2024\/11\/2024-09-08-Weinfreunde-laden-ein.pdf\" target=\"_blank\" rel=\"noreferrer noopener\">Zeitungsartikel<\/a> (PDF)<\/p>\n","protected":false},"excerpt":{"rendered":"<p>Freitag, 08.09.2023, 18:30 Uhr im Atelier der Lindenbrauerei Unna An dem Abend wird der Vorstand interessierte Freunde und Freundinnen des Weines aus Unna und Umgebung auf die Dachterrasse des Ateliers der Lindenbrauerei einladen und die vielf\u00e4ltigen Aktivit\u00e4ten der Weinfreunde vom &hellip; <a href=\"https:\/\/www.weinfreunde-vom-hellweg.de\/alex\/wordpress\/?page_id=3475\">Weiterlesen <span class=\"meta-nav\">&rarr;<\/span><\/a><\/p>\n","protected":false},"author":14,"featured_media":0,"parent":3355,"menu_order":25,"comment_status":"closed","ping_status":"closed","template":"","meta":{"ngg_post_thumbnail":0,"footnotes":""},"class_list":["post-3475","page","type-page","status-publish","hentry"],"_links":{"self":[{"href":"https:\/\/www.weinfreunde-vom-hellweg.de\/alex\/wordpress\/index.php?rest_route=\/wp\/v2\/pages\/3475","targetHints":{"allow":["GET"]}}],"collection":[{"href":"https:\/\/www.weinfreunde-vom-hellweg.de\/alex\/wordpress\/index.php?rest_route=\/wp\/v2\/pages"}],"about":[{"href":"https:\/\/www.weinfreunde-vom-hellweg.de\/alex\/wordpress\/index.php?rest_route=\/wp\/v2\/types\/page"}],"author":[{"embeddable":true,"href":"https:\/\/www.weinfreunde-vom-hellweg.de\/alex\/wordpress\/index.php?rest_route=\/wp\/v2\/users\/14"}],"replies":[{"embeddable":true,"href":"https:\/\/www.weinfreunde-vom-hellweg.de\/alex\/wordpress\/index.php?rest_route=%2Fwp%2Fv2%2Fcomments&post=3475"}],"version-history":[{"count":4,"href":"https:\/\/www.weinfreunde-vom-hellweg.de\/alex\/wordpress\/index.php?rest_route=\/wp\/v2\/pages\/3475\/revisions"}],"predecessor-version":[{"id":3541,"href":"https:\/\/www.weinfreunde-vom-hellweg.de\/alex\/wordpress\/index.php?rest_route=\/wp\/v2\/pages\/3475\/revisions\/3541"}],"up":[{"embeddable":true,"href":"https:\/\/www.weinfreunde-vom-hellweg.de\/alex\/wordpress\/index.php?rest_route=\/wp\/v2\/pages\/3355"}],"wp:attachment":[{"href":"https:\/\/www.weinfreunde-vom-hellweg.de\/alex\/wordpress\/index.php?rest_route=%2Fwp%2Fv2%2Fmedia&parent=3475"}],"curies":[{"name":"wp","href":"https:\/\/api.w.org\/{rel}","templated":true}]}}