{"id":3481,"date":"2024-11-25T12:52:41","date_gmt":"2024-11-25T10:52:41","guid":{"rendered":"https:\/\/www.weinfreunde-vom-hellweg.de\/alex\/wordpress\/?page_id=3481"},"modified":"2024-11-25T14:13:14","modified_gmt":"2024-11-25T12:13:14","slug":"weine-aus-schwarzen-glaesern","status":"publish","type":"page","link":"https:\/\/www.weinfreunde-vom-hellweg.de\/alex\/wordpress\/?page_id=3481","title":{"rendered":"Weine aus schwarzen Gl\u00e4sern"},"content":{"rendered":"\n<p>Donnerstag, 19.10.2023, 19:30 Uhr im Atelier der Lindenbrauerei Unna<\/p>\n\n\n\n<p>Unser Weingeschmack wird im Wesentlichen durch Aromen bestimmt. Diese Wahrnehmung erfolgt nicht nur durch das Riechen im Weinglas, sondern unbewusst auch beim Schmecken.<\/p>\n\n\n\n<p>Wie steht es nun mit dem Sehen? Bei der Weinbeurteilung spielt auch das Auge eine wichtige Rolle. Bei einer Verkostung wird neben der Farbe des Weines im Glas auch die Klarheit, Brillanz sowie die Dichte (Schlieren am Glas) betrachtet.<\/p>\n\n\n\n<p>Die Farbgebung hat nicht nur einen eindeutigen Einfluss auf den Weingeschmack, sondern durch die Wahrnehmung der Weinfarbe wissen wir auch schon etwas \u00fcber seinen Geschmack. Unser Ged\u00e4chtnis packt gewisserma\u00dfen Rot-, Rose- und Wei\u00dfweine in bestimmte geschmackliche Erfahrungsraster. Aber was ist, wenn wir den Wein nicht mit unseren Augen wahrnehmen k\u00f6nnen? Fehlt die Wahrnehmung der Farbe, so werden vor allem bei nicht trainierten Weintrinkern, aber auch bei Experten, die Geschmacks- und Geruchsorgane get\u00e4uscht. Man verwechselt z. B. Rot- und Wei\u00dfwein.<\/p>\n\n\n\n<p>An diesem Abend werden wir verschiedene Wei\u00df- und Rotweine in mehreren Probenreihen aus klaren und schwarzen Gl\u00e4sern verkosten. Wer erkennt die Weine bei einer Blindverkostung aus schwarzen Gl\u00e4sern wieder? Jeder darf gespannt sein, wie er pers\u00f6nlich bei dieser Verkostung abschneidet. Aber keine Angst, es handelt sich hierbei nicht um einen Wettbewerb, sondern jeder tritt nur gegen sich selbst an.<\/p>\n\n\n\n<p><a href=\"https:\/\/www.weinfreunde-vom-hellweg.de\/alex\/wordpress\/wp-content\/uploads\/2024\/11\/2023-10-19-Weinliste-schwarze-Glaeser.pdf\" target=\"_blank\" rel=\"noreferrer noopener\">Weinliste<\/a> (PDF)<\/p>\n","protected":false},"excerpt":{"rendered":"<p>Donnerstag, 19.10.2023, 19:30 Uhr im Atelier der Lindenbrauerei Unna Unser Weingeschmack wird im Wesentlichen durch Aromen bestimmt. Diese Wahrnehmung erfolgt nicht nur durch das Riechen im Weinglas, sondern unbewusst auch beim Schmecken. Wie steht es nun mit dem Sehen? Bei &hellip; <a href=\"https:\/\/www.weinfreunde-vom-hellweg.de\/alex\/wordpress\/?page_id=3481\">Weiterlesen <span class=\"meta-nav\">&rarr;<\/span><\/a><\/p>\n","protected":false},"author":14,"featured_media":0,"parent":3355,"menu_order":35,"comment_status":"closed","ping_status":"closed","template":"","meta":{"ngg_post_thumbnail":0,"footnotes":""},"class_list":["post-3481","page","type-page","status-publish","hentry"],"_links":{"self":[{"href":"https:\/\/www.weinfreunde-vom-hellweg.de\/alex\/wordpress\/index.php?rest_route=\/wp\/v2\/pages\/3481","targetHints":{"allow":["GET"]}}],"collection":[{"href":"https:\/\/www.weinfreunde-vom-hellweg.de\/alex\/wordpress\/index.php?rest_route=\/wp\/v2\/pages"}],"about":[{"href":"https:\/\/www.weinfreunde-vom-hellweg.de\/alex\/wordpress\/index.php?rest_route=\/wp\/v2\/types\/page"}],"author":[{"embeddable":true,"href":"https:\/\/www.weinfreunde-vom-hellweg.de\/alex\/wordpress\/index.php?rest_route=\/wp\/v2\/users\/14"}],"replies":[{"embeddable":true,"href":"https:\/\/www.weinfreunde-vom-hellweg.de\/alex\/wordpress\/index.php?rest_route=%2Fwp%2Fv2%2Fcomments&post=3481"}],"version-history":[{"count":3,"href":"https:\/\/www.weinfreunde-vom-hellweg.de\/alex\/wordpress\/index.php?rest_route=\/wp\/v2\/pages\/3481\/revisions"}],"predecessor-version":[{"id":3545,"href":"https:\/\/www.weinfreunde-vom-hellweg.de\/alex\/wordpress\/index.php?rest_route=\/wp\/v2\/pages\/3481\/revisions\/3545"}],"up":[{"embeddable":true,"href":"https:\/\/www.weinfreunde-vom-hellweg.de\/alex\/wordpress\/index.php?rest_route=\/wp\/v2\/pages\/3355"}],"wp:attachment":[{"href":"https:\/\/www.weinfreunde-vom-hellweg.de\/alex\/wordpress\/index.php?rest_route=%2Fwp%2Fv2%2Fmedia&parent=3481"}],"curies":[{"name":"wp","href":"https:\/\/api.w.org\/{rel}","templated":true}]}}