{"id":3483,"date":"2024-11-25T12:53:34","date_gmt":"2024-11-25T10:53:34","guid":{"rendered":"https:\/\/www.weinfreunde-vom-hellweg.de\/alex\/wordpress\/?page_id=3483"},"modified":"2024-11-25T14:14:09","modified_gmt":"2024-11-25T12:14:09","slug":"weinkrimi-lesung-mit-weinverkostung","status":"publish","type":"page","link":"https:\/\/www.weinfreunde-vom-hellweg.de\/alex\/wordpress\/?page_id=3483","title":{"rendered":"Weinkrimi-Lesung mit Weinverkostung"},"content":{"rendered":"\n<p>Freitag, 17.11.2023, 19:30 Uhr im Caf\u00e9 Bellevue in Unna<\/p>\n\n\n\n<p>Zur letzten Veranstaltung der Weinfreunde der Hellweg e.V. wird uns der Winzer und Weinkrimi-Autor Andreas Wagner vom Weingut Wagner aus dem rheinhessischen Essenheim besuchen. Er wird aus einem seiner Krimis lesen, die in der Weinregion Rheinhessen angesiedelt sind. Die Krimis bieten nicht nur spannende Krimilekt\u00fcre, sondern vermitteln auch immer eine gewisse Portion an Weinwissen. Dar\u00fcber hinaus stellt uns Andreas Wagner bei einer Weinprobe das Familienweingut und eine Auswahl seiner Weine vor \u2013 begleitet von einer Auswahl typischer regionaler Speisen.<\/p>\n\n\n\n<p class=\"has-drop-cap\" style=\"font-style:italic;font-weight:500\">Dies ist die einzige Art, Wein zu genie\u00dfen<br> &#8211; wenn ein paar kundige und begeisterungsf\u00e4hige<br>Freunde zusammenkommen und sich frei f\u00fchlen,<br>in unverh\u00fclltem Entz\u00fccken zu schwelgen.<br>(George Bernhard Shaw, 1856-1950, irischer Schriftsteller)<\/p>\n\n\n\n<p><a href=\"https:\/\/www.weinfreunde-vom-hellweg.de\/alex\/wordpress\/wp-content\/uploads\/2024\/11\/2023-11-17-Zeitungsartikel-Weinkrimi.pdf\" target=\"_blank\" rel=\"noreferrer noopener\">Zeitungsartikel<\/a> (PDF)<\/p>\n","protected":false},"excerpt":{"rendered":"<p>Freitag, 17.11.2023, 19:30 Uhr im Caf\u00e9 Bellevue in Unna Zur letzten Veranstaltung der Weinfreunde der Hellweg e.V. wird uns der Winzer und Weinkrimi-Autor Andreas Wagner vom Weingut Wagner aus dem rheinhessischen Essenheim besuchen. Er wird aus einem seiner Krimis lesen, &hellip; <a href=\"https:\/\/www.weinfreunde-vom-hellweg.de\/alex\/wordpress\/?page_id=3483\">Weiterlesen <span class=\"meta-nav\">&rarr;<\/span><\/a><\/p>\n","protected":false},"author":14,"featured_media":0,"parent":3355,"menu_order":40,"comment_status":"closed","ping_status":"closed","template":"","meta":{"ngg_post_thumbnail":0,"footnotes":""},"class_list":["post-3483","page","type-page","status-publish","hentry"],"_links":{"self":[{"href":"https:\/\/www.weinfreunde-vom-hellweg.de\/alex\/wordpress\/index.php?rest_route=\/wp\/v2\/pages\/3483","targetHints":{"allow":["GET"]}}],"collection":[{"href":"https:\/\/www.weinfreunde-vom-hellweg.de\/alex\/wordpress\/index.php?rest_route=\/wp\/v2\/pages"}],"about":[{"href":"https:\/\/www.weinfreunde-vom-hellweg.de\/alex\/wordpress\/index.php?rest_route=\/wp\/v2\/types\/page"}],"author":[{"embeddable":true,"href":"https:\/\/www.weinfreunde-vom-hellweg.de\/alex\/wordpress\/index.php?rest_route=\/wp\/v2\/users\/14"}],"replies":[{"embeddable":true,"href":"https:\/\/www.weinfreunde-vom-hellweg.de\/alex\/wordpress\/index.php?rest_route=%2Fwp%2Fv2%2Fcomments&post=3483"}],"version-history":[{"count":4,"href":"https:\/\/www.weinfreunde-vom-hellweg.de\/alex\/wordpress\/index.php?rest_route=\/wp\/v2\/pages\/3483\/revisions"}],"predecessor-version":[{"id":3546,"href":"https:\/\/www.weinfreunde-vom-hellweg.de\/alex\/wordpress\/index.php?rest_route=\/wp\/v2\/pages\/3483\/revisions\/3546"}],"up":[{"embeddable":true,"href":"https:\/\/www.weinfreunde-vom-hellweg.de\/alex\/wordpress\/index.php?rest_route=\/wp\/v2\/pages\/3355"}],"wp:attachment":[{"href":"https:\/\/www.weinfreunde-vom-hellweg.de\/alex\/wordpress\/index.php?rest_route=%2Fwp%2Fv2%2Fmedia&parent=3483"}],"curies":[{"name":"wp","href":"https:\/\/api.w.org\/{rel}","templated":true}]}}