{"id":3569,"date":"2024-11-25T20:49:20","date_gmt":"2024-11-25T18:49:20","guid":{"rendered":"https:\/\/www.weinfreunde-vom-hellweg.de\/alex\/wordpress\/?page_id=3569"},"modified":"2024-11-25T21:08:12","modified_gmt":"2024-11-25T19:08:12","slug":"weinfreunde-fruehschoppen","status":"publish","type":"page","link":"https:\/\/www.weinfreunde-vom-hellweg.de\/alex\/wordpress\/?page_id=3569","title":{"rendered":"Weinfreunde-Fr\u00fchschoppen"},"content":{"rendered":"\n<p>Sonntag, 03.04.2022, 11 Uhr im Schalander der Lindenbrauerei Unna<\/p>\n\n\n\n<p>Am 16. Mai 2020 wollten wir unser 20-j\u00e4hriges Vereinsjubil\u00e4um standesgem\u00e4\u00df im Schloss Heeren feiern. Die Vorbereitungen waren abgeschlossen und die Einladungskarten an unsere Mitglieder und Ehreng\u00e4ste verschickt. Doch dann hat uns Corona einen dicken Strich durch unsere Planungen gemacht.<br>Da wir f\u00fcr unsere Festveranstaltung kr\u00e4ftig angespart hatten, haben wir bereits in der Mitgliederversammlung 2020 in Aussicht gestellt, dass wir, soweit es uns wieder m\u00f6glich ist, eine besondere Veranstaltung organisieren werden, mit der wir unseren Kassenbestand auch wieder zur\u00fcckschrauben. Das wollen wir nun tun.<\/p>\n\n\n\n<p>Daher dieser gem\u00fctliche sonnt\u00e4gliche Weinfreunde-Fr\u00fchschoppen bei Wein, nat\u00fcrlich auch Linden Bier und einem passenden Buffet im Schalander.<\/p>\n\n\n\n<p>Die Kosten dieser Veranstaltung tr\u00e4gt die Vereinskasse.<\/p>\n\n\n\n<p>Selbstverst\u00e4ndlich kann dieser Fr\u00fchschoppen nicht unsere Jubil\u00e4umsveranstaltung ersetzen, aber daf\u00fcr bietet sich in 3 Jahren sicherlich unser 25-j\u00e4hriges Jubil\u00e4um an.<\/p>\n\n\n\n<p>Um weitgehend eine Infektion durch das Coronavirus auszuschlie\u00dfen, gilt f\u00fcr die Teilnahme die 2G+ Regelung (Teilnahme nur f\u00fcr Geimpfte und Genesene, mit zus\u00e4tzlich g\u00fcltigen Corona-Test. Die Test-Pflicht entf\u00e4llt bei Geboosterten oder mit ihnen Gleichgestellten). Weiterhin besteht eine Maskenpflicht bis zur Einnahme der festen Pl\u00e4tze.<\/p>\n","protected":false},"excerpt":{"rendered":"<p>Sonntag, 03.04.2022, 11 Uhr im Schalander der Lindenbrauerei Unna Am 16. Mai 2020 wollten wir unser 20-j\u00e4hriges Vereinsjubil\u00e4um standesgem\u00e4\u00df im Schloss Heeren feiern. Die Vorbereitungen waren abgeschlossen und die Einladungskarten an unsere Mitglieder und Ehreng\u00e4ste verschickt. Doch dann hat uns &hellip; <a href=\"https:\/\/www.weinfreunde-vom-hellweg.de\/alex\/wordpress\/?page_id=3569\">Weiterlesen <span class=\"meta-nav\">&rarr;<\/span><\/a><\/p>\n","protected":false},"author":14,"featured_media":0,"parent":3353,"menu_order":5,"comment_status":"closed","ping_status":"closed","template":"","meta":{"ngg_post_thumbnail":0,"footnotes":""},"class_list":["post-3569","page","type-page","status-publish","hentry"],"_links":{"self":[{"href":"https:\/\/www.weinfreunde-vom-hellweg.de\/alex\/wordpress\/index.php?rest_route=\/wp\/v2\/pages\/3569","targetHints":{"allow":["GET"]}}],"collection":[{"href":"https:\/\/www.weinfreunde-vom-hellweg.de\/alex\/wordpress\/index.php?rest_route=\/wp\/v2\/pages"}],"about":[{"href":"https:\/\/www.weinfreunde-vom-hellweg.de\/alex\/wordpress\/index.php?rest_route=\/wp\/v2\/types\/page"}],"author":[{"embeddable":true,"href":"https:\/\/www.weinfreunde-vom-hellweg.de\/alex\/wordpress\/index.php?rest_route=\/wp\/v2\/users\/14"}],"replies":[{"embeddable":true,"href":"https:\/\/www.weinfreunde-vom-hellweg.de\/alex\/wordpress\/index.php?rest_route=%2Fwp%2Fv2%2Fcomments&post=3569"}],"version-history":[{"count":3,"href":"https:\/\/www.weinfreunde-vom-hellweg.de\/alex\/wordpress\/index.php?rest_route=\/wp\/v2\/pages\/3569\/revisions"}],"predecessor-version":[{"id":3597,"href":"https:\/\/www.weinfreunde-vom-hellweg.de\/alex\/wordpress\/index.php?rest_route=\/wp\/v2\/pages\/3569\/revisions\/3597"}],"up":[{"embeddable":true,"href":"https:\/\/www.weinfreunde-vom-hellweg.de\/alex\/wordpress\/index.php?rest_route=\/wp\/v2\/pages\/3353"}],"wp:attachment":[{"href":"https:\/\/www.weinfreunde-vom-hellweg.de\/alex\/wordpress\/index.php?rest_route=%2Fwp%2Fv2%2Fmedia&parent=3569"}],"curies":[{"name":"wp","href":"https:\/\/api.w.org\/{rel}","templated":true}]}}