{"id":3572,"date":"2024-11-25T20:50:47","date_gmt":"2024-11-25T18:50:47","guid":{"rendered":"https:\/\/www.weinfreunde-vom-hellweg.de\/alex\/wordpress\/?page_id=3572"},"modified":"2024-11-26T13:28:08","modified_gmt":"2024-11-26T11:28:08","slug":"das-neue-weinrecht","status":"publish","type":"page","link":"https:\/\/www.weinfreunde-vom-hellweg.de\/alex\/wordpress\/?page_id=3572","title":{"rendered":"Das neue Weinrecht"},"content":{"rendered":"\n<p>Donnerstag, 28.04.2022, 19:30 Uhr im Atelier der Lindenbrauerei Unna<\/p>\n\n\n\n<p>In den romanischen L\u00e4ndern wird traditionell die Qualit\u00e4t von Weinen \u00fcber die Herkunft und die erzeugte Menge definiert. In Deutschland dagegen war bisher der Zuckergehalt des Mostes weitgehend ma\u00dfgebend f\u00fcr die Qualit\u00e4tsbegriffe deutscher Weine. Durch die Weinrechtsreform der EU \u00fcber die Neuregelung der gemeinsamen Marktorganisation von 2009 sind zahlreiche \u00c4nderungen, insbesondere \u201egesch\u00fctzte Ursprungsbezeichnungen\u201c oder \u201egesch\u00fctzte geografische Angaben\u201c, in das deutsche Weinrecht eingebracht worden. Das traditionelle gesamte deutsche Qualit\u00e4ts- und Pr\u00e4dikatsweinsystem wurde aber durch Anwendung der in der EU-Verordnung genannten \u201ebestehende gesch\u00fctzte traditionelle Begriffe\u201c weitgehend beibehalten.<\/p>\n\n\n\n<p>Da der Zuckergehalt des Mostes allein nicht qualit\u00e4tsbestimmend ist, sondern die Qualit\u00e4t auch von Faktoren wie die Lage und B\u00f6den der Weinberge, das Klima, der Ertragsmenge und der Traubenqualit\u00e4t abh\u00e4ngt und weil das deutsche Pr\u00e4dikatsweinsystem im Ausland nicht verstanden wird, haben in den Folgejahren insbesondere der Verband der Pr\u00e4dikatswinzer (VDP) aber auch viele Einzelwinzer und einzelne Genossenschaften die Qualit\u00e4t ihrer Weine anders definiert.<\/p>\n\n\n\n<p>Nach jahrelangen Diskussionen und Ringen des Bundeslandwirtschaftsministeriums mit verschiedenen Weinverb\u00e4nden und Interessenvertretungen, ist nun Anfang 2021 eine Neufassung des Weingesetzes verabschiedet und erg\u00e4nzend im Mai 2021 die Weinverordnung ge\u00e4ndert worden. Damit wird nun auch f\u00fcr das deutsche Qualit\u00e4tsweinsystem das an der geografischen Herkunft orientierten romanische System eingef\u00fchrt. Die neuen Regelungen gelten verbindlich ab dem Weinjahrgang 2026.<\/p>\n\n\n\n<p>Welche \u00c4nderungen konkret das neue Weinrecht enth\u00e4lt und welche Auswirkungen die \u00c4nderungen haben, aber auch einen historischen Abriss sowie Hintergr\u00fcnde zu den Qualit\u00e4tsbegriffen werde ich euch in dieser Veranstaltung n\u00e4her bringen.<\/p>\n\n\n\n<p>Selbstverst\u00e4ndlich soll an diesem Abend auch der Genuss nicht zu kurz kommen, deshalb werden wir -passend zum \u201etrockenen\u201c Thema\u201c- auch entsprechende Weine ausschenken.<\/p>\n\n\n\n<p>Eins bleibt aber auch mit dem neuen Weinrecht bestehen:<br><strong>\u201eWein schmeckt oder schmeckt nicht\u201c<\/strong>.<\/p>\n\n\n\n<p><a href=\"https:\/\/www.weinfreunde-vom-hellweg.de\/alex\/wordpress\/wp-content\/uploads\/2024\/11\/2022-04-28-Weinbewertung-Neues-Weinrecht.pdf\" target=\"_blank\" rel=\"noreferrer noopener\">Weinbewertung<\/a> (PDF)<\/p>\n","protected":false},"excerpt":{"rendered":"<p>Donnerstag, 28.04.2022, 19:30 Uhr im Atelier der Lindenbrauerei Unna In den romanischen L\u00e4ndern wird traditionell die Qualit\u00e4t von Weinen \u00fcber die Herkunft und die erzeugte Menge definiert. In Deutschland dagegen war bisher der Zuckergehalt des Mostes weitgehend ma\u00dfgebend f\u00fcr die &hellip; <a href=\"https:\/\/www.weinfreunde-vom-hellweg.de\/alex\/wordpress\/?page_id=3572\">Weiterlesen <span class=\"meta-nav\">&rarr;<\/span><\/a><\/p>\n","protected":false},"author":14,"featured_media":0,"parent":3353,"menu_order":10,"comment_status":"closed","ping_status":"closed","template":"","meta":{"ngg_post_thumbnail":0,"footnotes":""},"class_list":["post-3572","page","type-page","status-publish","hentry"],"_links":{"self":[{"href":"https:\/\/www.weinfreunde-vom-hellweg.de\/alex\/wordpress\/index.php?rest_route=\/wp\/v2\/pages\/3572","targetHints":{"allow":["GET"]}}],"collection":[{"href":"https:\/\/www.weinfreunde-vom-hellweg.de\/alex\/wordpress\/index.php?rest_route=\/wp\/v2\/pages"}],"about":[{"href":"https:\/\/www.weinfreunde-vom-hellweg.de\/alex\/wordpress\/index.php?rest_route=\/wp\/v2\/types\/page"}],"author":[{"embeddable":true,"href":"https:\/\/www.weinfreunde-vom-hellweg.de\/alex\/wordpress\/index.php?rest_route=\/wp\/v2\/users\/14"}],"replies":[{"embeddable":true,"href":"https:\/\/www.weinfreunde-vom-hellweg.de\/alex\/wordpress\/index.php?rest_route=%2Fwp%2Fv2%2Fcomments&post=3572"}],"version-history":[{"count":3,"href":"https:\/\/www.weinfreunde-vom-hellweg.de\/alex\/wordpress\/index.php?rest_route=\/wp\/v2\/pages\/3572\/revisions"}],"predecessor-version":[{"id":3602,"href":"https:\/\/www.weinfreunde-vom-hellweg.de\/alex\/wordpress\/index.php?rest_route=\/wp\/v2\/pages\/3572\/revisions\/3602"}],"up":[{"embeddable":true,"href":"https:\/\/www.weinfreunde-vom-hellweg.de\/alex\/wordpress\/index.php?rest_route=\/wp\/v2\/pages\/3353"}],"wp:attachment":[{"href":"https:\/\/www.weinfreunde-vom-hellweg.de\/alex\/wordpress\/index.php?rest_route=%2Fwp%2Fv2%2Fmedia&parent=3572"}],"curies":[{"name":"wp","href":"https:\/\/api.w.org\/{rel}","templated":true}]}}