{"id":3574,"date":"2024-11-25T20:51:54","date_gmt":"2024-11-25T18:51:54","guid":{"rendered":"https:\/\/www.weinfreunde-vom-hellweg.de\/alex\/wordpress\/?page_id=3574"},"modified":"2024-11-26T13:36:33","modified_gmt":"2024-11-26T11:36:33","slug":"weinfreunde-besuchen-orte-der-hellweg-region","status":"publish","type":"page","link":"https:\/\/www.weinfreunde-vom-hellweg.de\/alex\/wordpress\/?page_id=3574","title":{"rendered":"Weinfreunde besuchen Orte der Hellweg-Region"},"content":{"rendered":"\n<p>Samstag, 14.05.2022, 14 Uhr in K\u00f6nigsborn<\/p>\n\n\n\n<p>Ab 14 Uhr wird uns Ortsheimatpfleger Hartmut Herzog im Rahmen einer F\u00fchrung viele Geschichten und Informationen \u00fcber K\u00f6nigsborn, das insbesondere durch die Salzgewinnung und als Soleheilkurbad eine besondere Bedeutung erlangt hat, n\u00e4her bringen. Selbstverst\u00e4ndlich werden wir unterwegs auch eine kleine (Wein-)Pause einlegen.<\/p>\n\n\n\n<p>Unser Rundgang endet gegen 16:30 Uhr am \u201eLebenszentrum K\u00f6nigsborn\u201c, das sich mittlerweile zu einem Kompetenzzentrum f\u00fcr die Betreuung von Menschen mit Behinderungen entwickelt hat. Hier werden wir bei einem Beisammensein mit einem Fingerfood-Buffet und passenden Weinen den Tag bzw. Abend gem\u00fctlich ausklingen lassen.<\/p>\n","protected":false},"excerpt":{"rendered":"<p>Samstag, 14.05.2022, 14 Uhr in K\u00f6nigsborn Ab 14 Uhr wird uns Ortsheimatpfleger Hartmut Herzog im Rahmen einer F\u00fchrung viele Geschichten und Informationen \u00fcber K\u00f6nigsborn, das insbesondere durch die Salzgewinnung und als Soleheilkurbad eine besondere Bedeutung erlangt hat, n\u00e4her bringen. Selbstverst\u00e4ndlich &hellip; <a href=\"https:\/\/www.weinfreunde-vom-hellweg.de\/alex\/wordpress\/?page_id=3574\">Weiterlesen <span class=\"meta-nav\">&rarr;<\/span><\/a><\/p>\n","protected":false},"author":14,"featured_media":0,"parent":3353,"menu_order":15,"comment_status":"closed","ping_status":"closed","template":"","meta":{"ngg_post_thumbnail":0,"footnotes":""},"class_list":["post-3574","page","type-page","status-publish","hentry"],"_links":{"self":[{"href":"https:\/\/www.weinfreunde-vom-hellweg.de\/alex\/wordpress\/index.php?rest_route=\/wp\/v2\/pages\/3574","targetHints":{"allow":["GET"]}}],"collection":[{"href":"https:\/\/www.weinfreunde-vom-hellweg.de\/alex\/wordpress\/index.php?rest_route=\/wp\/v2\/pages"}],"about":[{"href":"https:\/\/www.weinfreunde-vom-hellweg.de\/alex\/wordpress\/index.php?rest_route=\/wp\/v2\/types\/page"}],"author":[{"embeddable":true,"href":"https:\/\/www.weinfreunde-vom-hellweg.de\/alex\/wordpress\/index.php?rest_route=\/wp\/v2\/users\/14"}],"replies":[{"embeddable":true,"href":"https:\/\/www.weinfreunde-vom-hellweg.de\/alex\/wordpress\/index.php?rest_route=%2Fwp%2Fv2%2Fcomments&post=3574"}],"version-history":[{"count":4,"href":"https:\/\/www.weinfreunde-vom-hellweg.de\/alex\/wordpress\/index.php?rest_route=\/wp\/v2\/pages\/3574\/revisions"}],"predecessor-version":[{"id":3606,"href":"https:\/\/www.weinfreunde-vom-hellweg.de\/alex\/wordpress\/index.php?rest_route=\/wp\/v2\/pages\/3574\/revisions\/3606"}],"up":[{"embeddable":true,"href":"https:\/\/www.weinfreunde-vom-hellweg.de\/alex\/wordpress\/index.php?rest_route=\/wp\/v2\/pages\/3353"}],"wp:attachment":[{"href":"https:\/\/www.weinfreunde-vom-hellweg.de\/alex\/wordpress\/index.php?rest_route=%2Fwp%2Fv2%2Fmedia&parent=3574"}],"curies":[{"name":"wp","href":"https:\/\/api.w.org\/{rel}","templated":true}]}}