{"id":3576,"date":"2024-11-25T20:53:06","date_gmt":"2024-11-25T18:53:06","guid":{"rendered":"https:\/\/www.weinfreunde-vom-hellweg.de\/alex\/wordpress\/?page_id=3576"},"modified":"2024-11-26T13:43:13","modified_gmt":"2024-11-26T11:43:13","slug":"sommerliche-lieblingsweine-unserer-mitglieder","status":"publish","type":"page","link":"https:\/\/www.weinfreunde-vom-hellweg.de\/alex\/wordpress\/?page_id=3576","title":{"rendered":"Sommerliche Lieblingsweine unserer Mitglieder"},"content":{"rendered":"\n<p>Donnerstag, 09.06.2022, 19:30 Uhr im Atelier der Lindenbrauerei Unna<\/p>\n\n\n\n<p>Bei unserer n\u00e4chsten Weinveranstaltung, werden Sommerliche Lieblingsweine von einigen Mitgliedern selbst vorgestellt werden.<br>Sommerliche Temperaturen haben nicht nur einen Einfluss auf unser Wohlgef\u00fchl, sondern auch auf die Weinauswahl. Bevorzugt werden meist gek\u00fchlte frische Wei\u00dfweine und fruchtige Roseweine. Oder kann man in den Sommermonaten auch Rotweine genie\u00dfen?<\/p>\n\n\n\n<p>Um das zu ergr\u00fcnden und, da die Geschm\u00e4cker verschieden sind, haben wir unsere Mitglieder eingeladen, uns am diesen Abend ihren Lieblings-Sommerwein zu pr\u00e4sentieren und diesen mit uns zu verkosten.<\/p>\n\n\n\n<p>Welcher Wein an diesem Abend das Titelrennen nach der \u201eRangliste\u201c Platz 1 bekommt, bleibt ein Geheimnis.<\/p>\n","protected":false},"excerpt":{"rendered":"<p>Donnerstag, 09.06.2022, 19:30 Uhr im Atelier der Lindenbrauerei Unna Bei unserer n\u00e4chsten Weinveranstaltung, werden Sommerliche Lieblingsweine von einigen Mitgliedern selbst vorgestellt werden.Sommerliche Temperaturen haben nicht nur einen Einfluss auf unser Wohlgef\u00fchl, sondern auch auf die Weinauswahl. Bevorzugt werden meist gek\u00fchlte &hellip; <a href=\"https:\/\/www.weinfreunde-vom-hellweg.de\/alex\/wordpress\/?page_id=3576\">Weiterlesen <span class=\"meta-nav\">&rarr;<\/span><\/a><\/p>\n","protected":false},"author":14,"featured_media":0,"parent":3353,"menu_order":20,"comment_status":"closed","ping_status":"closed","template":"","meta":{"ngg_post_thumbnail":0,"footnotes":""},"class_list":["post-3576","page","type-page","status-publish","hentry"],"_links":{"self":[{"href":"https:\/\/www.weinfreunde-vom-hellweg.de\/alex\/wordpress\/index.php?rest_route=\/wp\/v2\/pages\/3576","targetHints":{"allow":["GET"]}}],"collection":[{"href":"https:\/\/www.weinfreunde-vom-hellweg.de\/alex\/wordpress\/index.php?rest_route=\/wp\/v2\/pages"}],"about":[{"href":"https:\/\/www.weinfreunde-vom-hellweg.de\/alex\/wordpress\/index.php?rest_route=\/wp\/v2\/types\/page"}],"author":[{"embeddable":true,"href":"https:\/\/www.weinfreunde-vom-hellweg.de\/alex\/wordpress\/index.php?rest_route=\/wp\/v2\/users\/14"}],"replies":[{"embeddable":true,"href":"https:\/\/www.weinfreunde-vom-hellweg.de\/alex\/wordpress\/index.php?rest_route=%2Fwp%2Fv2%2Fcomments&post=3576"}],"version-history":[{"count":3,"href":"https:\/\/www.weinfreunde-vom-hellweg.de\/alex\/wordpress\/index.php?rest_route=\/wp\/v2\/pages\/3576\/revisions"}],"predecessor-version":[{"id":3609,"href":"https:\/\/www.weinfreunde-vom-hellweg.de\/alex\/wordpress\/index.php?rest_route=\/wp\/v2\/pages\/3576\/revisions\/3609"}],"up":[{"embeddable":true,"href":"https:\/\/www.weinfreunde-vom-hellweg.de\/alex\/wordpress\/index.php?rest_route=\/wp\/v2\/pages\/3353"}],"wp:attachment":[{"href":"https:\/\/www.weinfreunde-vom-hellweg.de\/alex\/wordpress\/index.php?rest_route=%2Fwp%2Fv2%2Fmedia&parent=3576"}],"curies":[{"name":"wp","href":"https:\/\/api.w.org\/{rel}","templated":true}]}}