{"id":3578,"date":"2024-11-25T20:54:02","date_gmt":"2024-11-25T18:54:02","guid":{"rendered":"https:\/\/www.weinfreunde-vom-hellweg.de\/alex\/wordpress\/?page_id=3578"},"modified":"2024-11-26T13:51:51","modified_gmt":"2024-11-26T11:51:51","slug":"mueller-thurgau-rivaner","status":"publish","type":"page","link":"https:\/\/www.weinfreunde-vom-hellweg.de\/alex\/wordpress\/?page_id=3578","title":{"rendered":"M\u00fcller-Thurgau\/Rivaner"},"content":{"rendered":"\n<p>Mittwoch, 27.07.2022, 19:30 Uhr im Atelier der Lindenbrauerei Unna<\/p>\n\n\n\n<p>Der Name der Rebsorte M\u00fcller-Thurgau, auch Rivaner genannt, geht auf ihren Z\u00fcchter, den Schweizer Prof. Hermann M\u00fcller aus dem Schweizer Kanton Thurgau zur\u00fcck, der diese Rebsorte 1882 an der Forschungsanstalt Geisenheim gez\u00fcchtet hat. Lange Zeit war man der Meinung, dass der M\u00fcller-Thurgau eine Kreuzung aus Riesling und Silvaner ist. Erst 1999 konnte mit neuen, erweiterten gendiagnostischen M\u00f6glichkeiten der wirkliche Kreuzungspartner des Rieslings ermittelt werden, die Rebsorte Madeleine Royale.<\/p>\n\n\n\n<p>Wegen seiner geringen Anspr\u00fcche und seiner hohen Ertr\u00e4ge wurde der M\u00fcller-Thurgau nach dem zweiten Weltkrieg zunehmend im Wiederaufbau und bei Umstellungen gepflanzt. Bis Mitte der 1990er Jahre war der M\u00fcller-Thurgau die meistangebaute Rebsorte in Deutschland.<br>Die Vermarktung von Wein aus hohen Ertr\u00e4gen hat dazu gef\u00fchrt, dass der Ruf des M\u00fcller-Thurgau lange Zeit gelitten hat, er galt nur als einfacher Trinkwein. Erst durch Ertragsbegrenzungen konnten die positiven Eigenschaften dieser Rebsorte wieder hergestellt werden. Ein Grund auch, dass viele qualit\u00e4tsbewusste Winzer diesen meist s\u00e4urearmen und blumigen Wein als Rivaner vermarkten.<\/p>\n\n\n\n<p>In unserer Weinveranstaltung haben wir die Gelegenheit, unterschiedliche M\u00fcller-Thurgau\/Rivaner Weine aus verschiedenen Anbaugebieten kennenzulernen und zu verkosten. Lassen wir uns von der Vielfalt und dem Potential dieser Weine \u00fcberraschen.<\/p>\n\n\n\n<p><a href=\"https:\/\/www.weinfreunde-vom-hellweg.de\/alex\/wordpress\/wp-content\/uploads\/2024\/11\/2022-07-27-Weinliste.pdf\" target=\"_blank\" rel=\"noreferrer noopener\">Weinliste<\/a> (PDF)<\/p>\n\n\n\n<p><a href=\"https:\/\/www.weinfreunde-vom-hellweg.de\/alex\/wordpress\/wp-content\/uploads\/2024\/11\/2022-07-27-Weinbewertung.pdf\" target=\"_blank\" rel=\"noreferrer noopener\">Weinbewertung<\/a> (PDF)<\/p>\n","protected":false},"excerpt":{"rendered":"<p>Mittwoch, 27.07.2022, 19:30 Uhr im Atelier der Lindenbrauerei Unna Der Name der Rebsorte M\u00fcller-Thurgau, auch Rivaner genannt, geht auf ihren Z\u00fcchter, den Schweizer Prof. Hermann M\u00fcller aus dem Schweizer Kanton Thurgau zur\u00fcck, der diese Rebsorte 1882 an der Forschungsanstalt Geisenheim &hellip; <a href=\"https:\/\/www.weinfreunde-vom-hellweg.de\/alex\/wordpress\/?page_id=3578\">Weiterlesen <span class=\"meta-nav\">&rarr;<\/span><\/a><\/p>\n","protected":false},"author":14,"featured_media":0,"parent":3353,"menu_order":25,"comment_status":"closed","ping_status":"closed","template":"","meta":{"ngg_post_thumbnail":0,"footnotes":""},"class_list":["post-3578","page","type-page","status-publish","hentry"],"_links":{"self":[{"href":"https:\/\/www.weinfreunde-vom-hellweg.de\/alex\/wordpress\/index.php?rest_route=\/wp\/v2\/pages\/3578","targetHints":{"allow":["GET"]}}],"collection":[{"href":"https:\/\/www.weinfreunde-vom-hellweg.de\/alex\/wordpress\/index.php?rest_route=\/wp\/v2\/pages"}],"about":[{"href":"https:\/\/www.weinfreunde-vom-hellweg.de\/alex\/wordpress\/index.php?rest_route=\/wp\/v2\/types\/page"}],"author":[{"embeddable":true,"href":"https:\/\/www.weinfreunde-vom-hellweg.de\/alex\/wordpress\/index.php?rest_route=\/wp\/v2\/users\/14"}],"replies":[{"embeddable":true,"href":"https:\/\/www.weinfreunde-vom-hellweg.de\/alex\/wordpress\/index.php?rest_route=%2Fwp%2Fv2%2Fcomments&post=3578"}],"version-history":[{"count":2,"href":"https:\/\/www.weinfreunde-vom-hellweg.de\/alex\/wordpress\/index.php?rest_route=\/wp\/v2\/pages\/3578\/revisions"}],"predecessor-version":[{"id":3613,"href":"https:\/\/www.weinfreunde-vom-hellweg.de\/alex\/wordpress\/index.php?rest_route=\/wp\/v2\/pages\/3578\/revisions\/3613"}],"up":[{"embeddable":true,"href":"https:\/\/www.weinfreunde-vom-hellweg.de\/alex\/wordpress\/index.php?rest_route=\/wp\/v2\/pages\/3353"}],"wp:attachment":[{"href":"https:\/\/www.weinfreunde-vom-hellweg.de\/alex\/wordpress\/index.php?rest_route=%2Fwp%2Fv2%2Fmedia&parent=3578"}],"curies":[{"name":"wp","href":"https:\/\/api.w.org\/{rel}","templated":true}]}}