{"id":3580,"date":"2024-11-25T20:55:08","date_gmt":"2024-11-25T18:55:08","guid":{"rendered":"https:\/\/www.weinfreunde-vom-hellweg.de\/alex\/wordpress\/?page_id=3580"},"modified":"2024-11-26T13:59:58","modified_gmt":"2024-11-26T11:59:58","slug":"ahrweinprobe","status":"publish","type":"page","link":"https:\/\/www.weinfreunde-vom-hellweg.de\/alex\/wordpress\/?page_id=3580","title":{"rendered":"Ahrweinprobe"},"content":{"rendered":"\n<p>Freitag, 19.08.2022, 19:30 Uhr im Atelier der Lindenbrauerei Unna<\/p>\n\n\n\n<p>Mit einer Rebfl\u00e4che von 562 ha geh\u00f6rt die Ahr zu den kleinsten deutschen Weinanbaugebieten in Deutschland. Kennzeichnend f\u00fcr die Ahr sind die steilen H\u00e4nge und das einzigartiges Mikroklima, wodurch, trotz der n\u00f6rdlichen Lage, ideale Verh\u00e4ltnisse vor allem f\u00fcr den Rotweinanbau vorliegen. Neben dem Sp\u00e4tburgunder wird auch der einst fast vergessene Fr\u00fchburgunder angebaut. Die Flutkatastrophe am 14. Juli 2021 hat dieses Rotweingebiet so schwer getroffen, dass die meisten Winzer und Genossenschaften um ihre Existenz k\u00e4mpfen mussten und immer noch m\u00fcssen. Allein der Schaden an gelagerten Weinen wird auf ca. 50 Millionen Euro gesch\u00e4tzt. Die Wassermassen haben F\u00e4sser, Weinflaschen und Maschinen mit sich gerissen sowie Geb\u00e4ude und Rebfl\u00e4chen zerst\u00f6rt. Nur durch die Solidarit\u00e4t vieler Helfer und Winzer aus anderen Anbaugebieten, konnte ein Teil der Ernte 2021 \u00fcberhaupt gerettet werden. Auch heute ist Vieles im Ahrtal noch ein Provisorium.<\/p>\n\n\n\n<p>Im Rahmen dieser Weinprobe k\u00f6nnen wir uns von einem Mitarbeiter der Winzergenossenschaft Mayscho\u00df-Altenahr die aktuelle Situation erl\u00e4utern lassen und nat\u00fcrlich auch die verschiedenen Weine genie\u00dfen.<\/p>\n\n\n\n<p>Normalerweise sind unsere Weinabende keine Verkaufsveranstaltungen. Diesmal machen wir wegen der besonderen Situation aber eine Ausnahme. Wer m\u00f6chte, kann im Anschluss an unsere Veranstaltung auch Wein direkt bestellen.<\/p>\n\n\n\n<p><a href=\"https:\/\/www.weinfreunde-vom-hellweg.de\/alex\/wordpress\/wp-content\/uploads\/2024\/11\/2022-08-19-Weinbewertung-Ahrweinprobe.pdf\" target=\"_blank\" rel=\"noreferrer noopener\">Weinbewertung<\/a> (PDF)<\/p>\n","protected":false},"excerpt":{"rendered":"<p>Freitag, 19.08.2022, 19:30 Uhr im Atelier der Lindenbrauerei Unna Mit einer Rebfl\u00e4che von 562 ha geh\u00f6rt die Ahr zu den kleinsten deutschen Weinanbaugebieten in Deutschland. Kennzeichnend f\u00fcr die Ahr sind die steilen H\u00e4nge und das einzigartiges Mikroklima, wodurch, trotz der &hellip; <a href=\"https:\/\/www.weinfreunde-vom-hellweg.de\/alex\/wordpress\/?page_id=3580\">Weiterlesen <span class=\"meta-nav\">&rarr;<\/span><\/a><\/p>\n","protected":false},"author":14,"featured_media":0,"parent":3353,"menu_order":30,"comment_status":"closed","ping_status":"closed","template":"","meta":{"ngg_post_thumbnail":0,"footnotes":""},"class_list":["post-3580","page","type-page","status-publish","hentry"],"_links":{"self":[{"href":"https:\/\/www.weinfreunde-vom-hellweg.de\/alex\/wordpress\/index.php?rest_route=\/wp\/v2\/pages\/3580","targetHints":{"allow":["GET"]}}],"collection":[{"href":"https:\/\/www.weinfreunde-vom-hellweg.de\/alex\/wordpress\/index.php?rest_route=\/wp\/v2\/pages"}],"about":[{"href":"https:\/\/www.weinfreunde-vom-hellweg.de\/alex\/wordpress\/index.php?rest_route=\/wp\/v2\/types\/page"}],"author":[{"embeddable":true,"href":"https:\/\/www.weinfreunde-vom-hellweg.de\/alex\/wordpress\/index.php?rest_route=\/wp\/v2\/users\/14"}],"replies":[{"embeddable":true,"href":"https:\/\/www.weinfreunde-vom-hellweg.de\/alex\/wordpress\/index.php?rest_route=%2Fwp%2Fv2%2Fcomments&post=3580"}],"version-history":[{"count":2,"href":"https:\/\/www.weinfreunde-vom-hellweg.de\/alex\/wordpress\/index.php?rest_route=\/wp\/v2\/pages\/3580\/revisions"}],"predecessor-version":[{"id":3616,"href":"https:\/\/www.weinfreunde-vom-hellweg.de\/alex\/wordpress\/index.php?rest_route=\/wp\/v2\/pages\/3580\/revisions\/3616"}],"up":[{"embeddable":true,"href":"https:\/\/www.weinfreunde-vom-hellweg.de\/alex\/wordpress\/index.php?rest_route=\/wp\/v2\/pages\/3353"}],"wp:attachment":[{"href":"https:\/\/www.weinfreunde-vom-hellweg.de\/alex\/wordpress\/index.php?rest_route=%2Fwp%2Fv2%2Fmedia&parent=3580"}],"curies":[{"name":"wp","href":"https:\/\/api.w.org\/{rel}","templated":true}]}}