{"id":3582,"date":"2024-11-25T20:56:18","date_gmt":"2024-11-25T18:56:18","guid":{"rendered":"https:\/\/www.weinfreunde-vom-hellweg.de\/alex\/wordpress\/?page_id=3582"},"modified":"2024-11-26T14:31:40","modified_gmt":"2024-11-26T12:31:40","slug":"musikalische-weinreisedurch-europaeische-laender","status":"publish","type":"page","link":"https:\/\/www.weinfreunde-vom-hellweg.de\/alex\/wordpress\/?page_id=3582","title":{"rendered":"Musikalische Weinreise durch europ\u00e4ische L\u00e4nder"},"content":{"rendered":"\n<p>Donnerstag, 15.09.2022, 19:30 Uhr im Atelier der Lindenbrauerei Unna<\/p>\n\n\n\n<p>Ein au\u00dfergew\u00f6hnlicher weinmusikalischer H\u00f6hepunkt erwartet uns an diesem Abend. Unter dem Titel \u201eMusikalische Weinreise durch europ\u00e4ische L\u00e4nder&#8220;: wird uns das \u201eDuo Voce Bellissima\u201c &#8211; Marion Winkler und Astrid Gerdsmann- quasi als Rundreise mal heiter, mal nachdenklich mit Liedern erfreuen, die direkt oder indirekt auch mit Wein in Verbindung gebracht werden k\u00f6nnen. Die \u201eWeinreise\u201c beginnt in Deutschland, f\u00fchrt \u00fcber \u00d6sterreich nach Italien, dann nach Westen nach Spanien, nach Norden \u00fcber Frankreich zur\u00fcck nach Deutschland. Passend zu den einzelnen Stationen werden wir Weine des jeweiligen Landes ausschenken.<\/p>\n\n\n\n<p><a href=\"https:\/\/www.weinfreunde-vom-hellweg.de\/alex\/wordpress\/wp-content\/uploads\/2024\/11\/2022-09-15-Weinliste.pdf\" target=\"_blank\" rel=\"noreferrer noopener\">Weinliste<\/a> (PDF)<\/p>\n\n\n\n<p><a href=\"https:\/\/www.weinfreunde-vom-hellweg.de\/alex\/wordpress\/wp-content\/uploads\/2024\/11\/2022-09-15-Zeitungsbericht.pdf\" target=\"_blank\" rel=\"noreferrer noopener\">Zeitungsartikel<\/a> (PDF)<\/p>\n","protected":false},"excerpt":{"rendered":"<p>Donnerstag, 15.09.2022, 19:30 Uhr im Atelier der Lindenbrauerei Unna Ein au\u00dfergew\u00f6hnlicher weinmusikalischer H\u00f6hepunkt erwartet uns an diesem Abend. Unter dem Titel \u201eMusikalische Weinreise durch europ\u00e4ische L\u00e4nder&#8220;: wird uns das \u201eDuo Voce Bellissima\u201c &#8211; Marion Winkler und Astrid Gerdsmann- quasi als &hellip; <a href=\"https:\/\/www.weinfreunde-vom-hellweg.de\/alex\/wordpress\/?page_id=3582\">Weiterlesen <span class=\"meta-nav\">&rarr;<\/span><\/a><\/p>\n","protected":false},"author":14,"featured_media":0,"parent":3353,"menu_order":35,"comment_status":"closed","ping_status":"closed","template":"","meta":{"ngg_post_thumbnail":0,"footnotes":""},"class_list":["post-3582","page","type-page","status-publish","hentry"],"_links":{"self":[{"href":"https:\/\/www.weinfreunde-vom-hellweg.de\/alex\/wordpress\/index.php?rest_route=\/wp\/v2\/pages\/3582","targetHints":{"allow":["GET"]}}],"collection":[{"href":"https:\/\/www.weinfreunde-vom-hellweg.de\/alex\/wordpress\/index.php?rest_route=\/wp\/v2\/pages"}],"about":[{"href":"https:\/\/www.weinfreunde-vom-hellweg.de\/alex\/wordpress\/index.php?rest_route=\/wp\/v2\/types\/page"}],"author":[{"embeddable":true,"href":"https:\/\/www.weinfreunde-vom-hellweg.de\/alex\/wordpress\/index.php?rest_route=\/wp\/v2\/users\/14"}],"replies":[{"embeddable":true,"href":"https:\/\/www.weinfreunde-vom-hellweg.de\/alex\/wordpress\/index.php?rest_route=%2Fwp%2Fv2%2Fcomments&post=3582"}],"version-history":[{"count":4,"href":"https:\/\/www.weinfreunde-vom-hellweg.de\/alex\/wordpress\/index.php?rest_route=\/wp\/v2\/pages\/3582\/revisions"}],"predecessor-version":[{"id":3628,"href":"https:\/\/www.weinfreunde-vom-hellweg.de\/alex\/wordpress\/index.php?rest_route=\/wp\/v2\/pages\/3582\/revisions\/3628"}],"up":[{"embeddable":true,"href":"https:\/\/www.weinfreunde-vom-hellweg.de\/alex\/wordpress\/index.php?rest_route=\/wp\/v2\/pages\/3353"}],"wp:attachment":[{"href":"https:\/\/www.weinfreunde-vom-hellweg.de\/alex\/wordpress\/index.php?rest_route=%2Fwp%2Fv2%2Fmedia&parent=3582"}],"curies":[{"name":"wp","href":"https:\/\/api.w.org\/{rel}","templated":true}]}}