{"id":3591,"date":"2024-11-25T21:00:24","date_gmt":"2024-11-25T19:00:24","guid":{"rendered":"https:\/\/www.weinfreunde-vom-hellweg.de\/alex\/wordpress\/?page_id=3591"},"modified":"2024-11-26T14:39:52","modified_gmt":"2024-11-26T12:39:52","slug":"portweinabend","status":"publish","type":"page","link":"https:\/\/www.weinfreunde-vom-hellweg.de\/alex\/wordpress\/?page_id=3591","title":{"rendered":"Portweinabend"},"content":{"rendered":"\n<p>Donnerstag, 17.11.2022, 19:30 Uhr im Atelier der Lindenbrauerei Unna<\/p>\n\n\n\n<p>Kennzeichnend f\u00fcr den Portwein sind seine Herkunft, seine S\u00fc\u00dfe und sein Alkoholgehalt. F\u00fcr die Herstellung d\u00fcrfen nur festgelegte Trauben aus der Weinbauregion Alto Douro im Norden von Portugal verwendet werden. Nach Beginn der G\u00e4rung wird die Maische mit hochprozentigem Weinbrand aufgesprittet, wodurch die G\u00e4rung gestoppt wird und ein hoher Restzuckergehalt verbleibt. Nach ca. 6 Monaten werden diese Weine mit Tanklastwagen zu den verschiedenen Portweinkellereien (Lodges) nach Porto gefahren, wo sie in verschiedenen Holzf\u00e4ssern zum Teil viele Jahre reifen. Unser Weinfreund Matthias Metzger wird uns an diesen Abend vom kleinen R\u00fcckblick auf die Historie, \u00fcber die Entstehung und Herstellung, die verschiedenen Portweinstile, bis hin zur Verkostung unterschiedlicher Portweine, viel Wissenswertes und ganz viel Gaumenfreuden vermitteln. Aber nicht nur als Aperitif oder Digestif ist Portwein ein Genuss, er macht auch als Speisebegleiter und sogar beim Kochen ganz viel Spa\u00df. Hierzu gibt es Tipps und auch das ein oder andere Schmankerl.<\/p>\n\n\n\n<p><a href=\"https:\/\/www.weinfreunde-vom-hellweg.de\/alex\/wordpress\/wp-content\/uploads\/2024\/11\/2022-11-17-Weinbewertung-Portwein.pdf\" target=\"_blank\" rel=\"noreferrer noopener\">Weinbewertung<\/a> (PDF)<\/p>\n\n\n\n<p><a href=\"https:\/\/www.weinfreunde-vom-hellweg.de\/alex\/wordpress\/wp-content\/uploads\/2024\/11\/2022-11-17-Rueckblick-Portwein.pdf\" target=\"_blank\" rel=\"noreferrer noopener\">Veranstaltungsr\u00fcckblick<\/a> (PDF)<\/p>\n","protected":false},"excerpt":{"rendered":"<p>Donnerstag, 17.11.2022, 19:30 Uhr im Atelier der Lindenbrauerei Unna Kennzeichnend f\u00fcr den Portwein sind seine Herkunft, seine S\u00fc\u00dfe und sein Alkoholgehalt. F\u00fcr die Herstellung d\u00fcrfen nur festgelegte Trauben aus der Weinbauregion Alto Douro im Norden von Portugal verwendet werden. Nach &hellip; <a href=\"https:\/\/www.weinfreunde-vom-hellweg.de\/alex\/wordpress\/?page_id=3591\">Weiterlesen <span class=\"meta-nav\">&rarr;<\/span><\/a><\/p>\n","protected":false},"author":14,"featured_media":0,"parent":3353,"menu_order":50,"comment_status":"closed","ping_status":"closed","template":"","meta":{"ngg_post_thumbnail":0,"footnotes":""},"class_list":["post-3591","page","type-page","status-publish","hentry"],"_links":{"self":[{"href":"https:\/\/www.weinfreunde-vom-hellweg.de\/alex\/wordpress\/index.php?rest_route=\/wp\/v2\/pages\/3591","targetHints":{"allow":["GET"]}}],"collection":[{"href":"https:\/\/www.weinfreunde-vom-hellweg.de\/alex\/wordpress\/index.php?rest_route=\/wp\/v2\/pages"}],"about":[{"href":"https:\/\/www.weinfreunde-vom-hellweg.de\/alex\/wordpress\/index.php?rest_route=\/wp\/v2\/types\/page"}],"author":[{"embeddable":true,"href":"https:\/\/www.weinfreunde-vom-hellweg.de\/alex\/wordpress\/index.php?rest_route=\/wp\/v2\/users\/14"}],"replies":[{"embeddable":true,"href":"https:\/\/www.weinfreunde-vom-hellweg.de\/alex\/wordpress\/index.php?rest_route=%2Fwp%2Fv2%2Fcomments&post=3591"}],"version-history":[{"count":2,"href":"https:\/\/www.weinfreunde-vom-hellweg.de\/alex\/wordpress\/index.php?rest_route=\/wp\/v2\/pages\/3591\/revisions"}],"predecessor-version":[{"id":3632,"href":"https:\/\/www.weinfreunde-vom-hellweg.de\/alex\/wordpress\/index.php?rest_route=\/wp\/v2\/pages\/3591\/revisions\/3632"}],"up":[{"embeddable":true,"href":"https:\/\/www.weinfreunde-vom-hellweg.de\/alex\/wordpress\/index.php?rest_route=\/wp\/v2\/pages\/3353"}],"wp:attachment":[{"href":"https:\/\/www.weinfreunde-vom-hellweg.de\/alex\/wordpress\/index.php?rest_route=%2Fwp%2Fv2%2Fmedia&parent=3591"}],"curies":[{"name":"wp","href":"https:\/\/api.w.org\/{rel}","templated":true}]}}