{"id":4051,"date":"2024-11-27T16:21:28","date_gmt":"2024-11-27T15:21:28","guid":{"rendered":"https:\/\/www.weinfreunde-vom-hellweg.de\/alex\/wordpress\/?page_id=4051"},"modified":"2024-11-27T16:34:07","modified_gmt":"2024-11-27T15:34:07","slug":"es-geht-wieder-los","status":"publish","type":"page","link":"https:\/\/www.weinfreunde-vom-hellweg.de\/alex\/wordpress\/?page_id=4051","title":{"rendered":"\u201eEs geht wieder los\u201c"},"content":{"rendered":"\n<p>Donnerstag, 15.07.2021, 19:30 Uhr im Atelier der Lindenbrauerei Unna<\/p>\n\n\n\n<p>Unter dem Motto \u201eEs geht wieder los\u201c findet unsere Wiedersehensveranstaltung nach den vielen wegen Corona ausgefallenen Veranstaltungen statt.<\/p>\n\n\n\n<p>Wie bereits angek\u00fcndigt, wollen wir nicht nur mit Wein gem\u00fctlich zusammensitzen, sondern uns auch mit der Frage besch\u00e4ftigen, wie es mit den Weinfreunden vom Hellweg nach den bevorstehenden Ver\u00e4nderungen im Vorstand weitergehen kann.<\/p>\n\n\n\n<p>An dieser Veranstaltung k\u00f6nnen nur Mitglieder teilnehmen. Wegen der Hygienebestimmungen m\u00fcssen wir die Anzahl der Teilnehmer begrenzen. Daher wird die Teilnahme von der Reihenfolge der Anmeldungen mittels Zahlungseingang abh\u00e4ngen.<\/p>\n\n\n\n<p>Vor Beginn der Veranstaltung bitten wir euch, uns nachzuweisen, dass eine vollst\u00e4ndige Immunisierung durch Impfschutz bzw. Genesung besteht, oder dass ein aktueller negativer Coronatest durchgef\u00fchrt worden ist. Ohne den entsprechenden Nachweis ist ein Zutritt zu der Veranstaltung leider nicht m\u00f6glich. Wir werden in den Teilnehmerlisten die Immunisierungen vermerken, so dass sie bei zuk\u00fcnftigen Veranstaltungen nicht noch einmal nachgewiesen werden m\u00fcssen. Weiterhin bitten wir um Beachtung der Maskenpflicht bei Betreten der Lindenbrauerei.<\/p>\n\n\n\n<p>Der Teilnahmebeitrag deckt die Kosten f\u00fcr die Saalmiete und einem kleinen Snack. Die Kosten f\u00fcr die Weine tr\u00e4gt die Vereinskasse.<\/p>\n\n\n\n<p><\/p>\n","protected":false},"excerpt":{"rendered":"<p>Donnerstag, 15.07.2021, 19:30 Uhr im Atelier der Lindenbrauerei Unna Unter dem Motto \u201eEs geht wieder los\u201c findet unsere Wiedersehensveranstaltung nach den vielen wegen Corona ausgefallenen Veranstaltungen statt. Wie bereits angek\u00fcndigt, wollen wir nicht nur mit Wein gem\u00fctlich zusammensitzen, sondern uns &hellip; <a href=\"https:\/\/www.weinfreunde-vom-hellweg.de\/alex\/wordpress\/?page_id=4051\">Weiterlesen <span class=\"meta-nav\">&rarr;<\/span><\/a><\/p>\n","protected":false},"author":14,"featured_media":0,"parent":3350,"menu_order":5,"comment_status":"closed","ping_status":"closed","template":"","meta":{"ngg_post_thumbnail":0,"footnotes":""},"class_list":["post-4051","page","type-page","status-publish","hentry"],"_links":{"self":[{"href":"https:\/\/www.weinfreunde-vom-hellweg.de\/alex\/wordpress\/index.php?rest_route=\/wp\/v2\/pages\/4051","targetHints":{"allow":["GET"]}}],"collection":[{"href":"https:\/\/www.weinfreunde-vom-hellweg.de\/alex\/wordpress\/index.php?rest_route=\/wp\/v2\/pages"}],"about":[{"href":"https:\/\/www.weinfreunde-vom-hellweg.de\/alex\/wordpress\/index.php?rest_route=\/wp\/v2\/types\/page"}],"author":[{"embeddable":true,"href":"https:\/\/www.weinfreunde-vom-hellweg.de\/alex\/wordpress\/index.php?rest_route=\/wp\/v2\/users\/14"}],"replies":[{"embeddable":true,"href":"https:\/\/www.weinfreunde-vom-hellweg.de\/alex\/wordpress\/index.php?rest_route=%2Fwp%2Fv2%2Fcomments&post=4051"}],"version-history":[{"count":2,"href":"https:\/\/www.weinfreunde-vom-hellweg.de\/alex\/wordpress\/index.php?rest_route=\/wp\/v2\/pages\/4051\/revisions"}],"predecessor-version":[{"id":4065,"href":"https:\/\/www.weinfreunde-vom-hellweg.de\/alex\/wordpress\/index.php?rest_route=\/wp\/v2\/pages\/4051\/revisions\/4065"}],"up":[{"embeddable":true,"href":"https:\/\/www.weinfreunde-vom-hellweg.de\/alex\/wordpress\/index.php?rest_route=\/wp\/v2\/pages\/3350"}],"wp:attachment":[{"href":"https:\/\/www.weinfreunde-vom-hellweg.de\/alex\/wordpress\/index.php?rest_route=%2Fwp%2Fv2%2Fmedia&parent=4051"}],"curies":[{"name":"wp","href":"https:\/\/api.w.org\/{rel}","templated":true}]}}