{"id":4053,"date":"2024-11-27T16:22:24","date_gmt":"2024-11-27T15:22:24","guid":{"rendered":"https:\/\/www.weinfreunde-vom-hellweg.de\/alex\/wordpress\/?page_id=4053"},"modified":"2024-11-27T16:45:58","modified_gmt":"2024-11-27T15:45:58","slug":"weinregion-wuerttemberg","status":"publish","type":"page","link":"https:\/\/www.weinfreunde-vom-hellweg.de\/alex\/wordpress\/?page_id=4053","title":{"rendered":"Weinregion W\u00fcrttemberg"},"content":{"rendered":"\n<p>Montag, 09.08.2021, 19:30 Uhr im Atelier der Lindenbrauerei Unna<\/p>\n\n\n\n<p>Nach der langen Corona-Pause und unserem Wiedersehenstreffen geht es nun mit unserer ersten Weinveranstaltung weiter. Das Thema lautet: \u201e<em>Weinregion W\u00fcrttemberg mit Impressionen einer Weinreise<\/em>\u201c.<\/p>\n\n\n\n<p>Das Weinanbaugebiet W\u00fcrttemberg mit seinen zwei Zentren in Heilbronn und Stuttgart beginnt am Bodensee und zieht sich entlang des Neckartals bis hin zum Odenwald. Mit 11.345 ha ist W\u00fcrttemberg das viertgr\u00f6\u00dfte deutsche Weinanbaugebiet. Es ist kaum bekannt, dass W\u00fcrttemberg einen sehr hohen Anteil wertvoller Steillagen besitzt. Steillagen und Trockenmauern sind dabei die K\u00f6nigsdisziplin des Weinbaus, denn die Bearbeitung der Rebfl\u00e4chen ist sehr aufwendig und schwei\u00dftreibend. Neben der Ahr ist W\u00fcrttemberg das einzige deutsche Weinanbaugebiet in dem die roten Rebsorten (ca. 70 %) dominieren.<\/p>\n\n\n\n<p>Der Weinkonsum ist in W\u00fcrttemberg deutlich h\u00f6her als anderswo. Hierzu tragen insbesondere der Trollinger, das Nationalgetr\u00e4nk der W\u00fcrttemberger, bei, aber auch Lemberger und Schwarzriesling sind im L\u00e4ndle weitere wichtige Rotweinspezialit\u00e4ten. W\u00fcrttemberg ist auch das Land der Genossenschaften. Rund 80 Prozent der W\u00fcrttemberger Weine werden von den mehr als 50 Weing\u00e4rtnergenossenschaften vermarktet. Dass das Genossenschaftswesen nicht eine mindere Qualit\u00e4t bedeutet, beweisen zahlreiche Weinbewertungen, bei denen W\u00fcrttemberger Weing\u00e4rtnergenossenschaften regelm\u00e4\u00dfig in der Spitzengruppe der deutschen Weinerzeuger zu finden sind. W\u00fcrttemberg gilt auch als Land der Philosophen und Dichter.<\/p>\n\n\n\n<p>Schiller und H\u00f6lderlin wurden wohl h\u00e4ufig beim Genuss von W\u00fcrttemberger Wein inspiriert. Auch unser erster Bundespr\u00e4sident, Theodor Heuss, soll seine Reden immer befl\u00fcgelt bei einem Glas Lemberger geschrieben haben. 31 Weinfreundinnen und Weinfreunde lernten im Oktober 2019 im Rahmen einer Weinreise einen Teil des Weinanbaugebietes W\u00fcrttemberg kennen. Bilder dieser Reise und die Weine an diesem Abend werden bei den Reiseteilnehmern sicherlich manche Erinnerungen wecken. Dieser Abend richtet sich insbesondere auch an Nichtteilnehmer der Reise, denn viele Informationen \u00fcber W\u00fcrttemberg gehen weit \u00fcber die Impressionen dieser Weinreise hinaus.<\/p>\n\n\n\n<p><a href=\"https:\/\/www.weinfreunde-vom-hellweg.de\/alex\/wordpress\/wp-content\/uploads\/2024\/11\/2021-08-09-Weinliste.pdf\" target=\"_blank\" rel=\"noreferrer noopener\">Weinliste<\/a> (PDF)<\/p>\n\n\n\n<p><a href=\"https:\/\/www.weinfreunde-vom-hellweg.de\/alex\/wordpress\/wp-content\/uploads\/2024\/11\/2021-08-09-Weinbewertung-Weinregion-Wuerttemberg.pdf\" target=\"_blank\" rel=\"noreferrer noopener\">Weinbewertung<\/a> (PDF)<\/p>\n","protected":false},"excerpt":{"rendered":"<p>Montag, 09.08.2021, 19:30 Uhr im Atelier der Lindenbrauerei Unna Nach der langen Corona-Pause und unserem Wiedersehenstreffen geht es nun mit unserer ersten Weinveranstaltung weiter. Das Thema lautet: \u201eWeinregion W\u00fcrttemberg mit Impressionen einer Weinreise\u201c. Das Weinanbaugebiet W\u00fcrttemberg mit seinen zwei Zentren &hellip; <a href=\"https:\/\/www.weinfreunde-vom-hellweg.de\/alex\/wordpress\/?page_id=4053\">Weiterlesen <span class=\"meta-nav\">&rarr;<\/span><\/a><\/p>\n","protected":false},"author":14,"featured_media":0,"parent":3350,"menu_order":10,"comment_status":"closed","ping_status":"closed","template":"","meta":{"ngg_post_thumbnail":0,"footnotes":""},"class_list":["post-4053","page","type-page","status-publish","hentry"],"_links":{"self":[{"href":"https:\/\/www.weinfreunde-vom-hellweg.de\/alex\/wordpress\/index.php?rest_route=\/wp\/v2\/pages\/4053","targetHints":{"allow":["GET"]}}],"collection":[{"href":"https:\/\/www.weinfreunde-vom-hellweg.de\/alex\/wordpress\/index.php?rest_route=\/wp\/v2\/pages"}],"about":[{"href":"https:\/\/www.weinfreunde-vom-hellweg.de\/alex\/wordpress\/index.php?rest_route=\/wp\/v2\/types\/page"}],"author":[{"embeddable":true,"href":"https:\/\/www.weinfreunde-vom-hellweg.de\/alex\/wordpress\/index.php?rest_route=\/wp\/v2\/users\/14"}],"replies":[{"embeddable":true,"href":"https:\/\/www.weinfreunde-vom-hellweg.de\/alex\/wordpress\/index.php?rest_route=%2Fwp%2Fv2%2Fcomments&post=4053"}],"version-history":[{"count":2,"href":"https:\/\/www.weinfreunde-vom-hellweg.de\/alex\/wordpress\/index.php?rest_route=\/wp\/v2\/pages\/4053\/revisions"}],"predecessor-version":[{"id":4069,"href":"https:\/\/www.weinfreunde-vom-hellweg.de\/alex\/wordpress\/index.php?rest_route=\/wp\/v2\/pages\/4053\/revisions\/4069"}],"up":[{"embeddable":true,"href":"https:\/\/www.weinfreunde-vom-hellweg.de\/alex\/wordpress\/index.php?rest_route=\/wp\/v2\/pages\/3350"}],"wp:attachment":[{"href":"https:\/\/www.weinfreunde-vom-hellweg.de\/alex\/wordpress\/index.php?rest_route=%2Fwp%2Fv2%2Fmedia&parent=4053"}],"curies":[{"name":"wp","href":"https:\/\/api.w.org\/{rel}","templated":true}]}}