{"id":4056,"date":"2024-11-27T16:23:20","date_gmt":"2024-11-27T15:23:20","guid":{"rendered":"https:\/\/www.weinfreunde-vom-hellweg.de\/alex\/wordpress\/?page_id=4056"},"modified":"2024-11-27T16:54:10","modified_gmt":"2024-11-27T15:54:10","slug":"suedtirol","status":"publish","type":"page","link":"https:\/\/www.weinfreunde-vom-hellweg.de\/alex\/wordpress\/?page_id=4056","title":{"rendered":"S\u00fcdtirol"},"content":{"rendered":"\n<p>Donnerstag, 16.09.2021, 19:30 Uhr im Atelier der Lindenbrauerei Unna<\/p>\n\n\n\n<p>S\u00fcdtirol ist auf Grund seiner geografischen Lage, seiner geologischen Struktur, seiner Geschichte und seinen daraus resultierenden unterschiedlichen, bis heute wirkm\u00e4chtigen kulturellen Traditionen, ein vielschichtiges, spannendes Reiseland genau an der Schnittstelle zwischen Nord und S\u00fcdeuropa. Mit den m\u00e4chtigen, wundersch\u00f6nen Dolomiten oder dem Ortler besitzt es hochalpine Regionen. Diese \u00f6ffnen sich jedoch nach S\u00fcden und atmen mediterranes Klima. Daher breiten sich an den H\u00e4ngen und in den Tallagen Obstplantagen aus. Und der Weinbau findet ganz unterschiedliche territoriale und klimatische Regionen vor, die sich in der Charakteristik der Weine widerspiegeln.<\/p>\n\n\n\n<p>Bedingt durch das Klima ist es nicht die italienische, sondern die f\u00fcr \u00d6sterreich, Venetien, Friaul oder Slowenien typische Weincharakteristik, auf die wir in S\u00fcdtirol treffen. Neben internationalen Rebsorten werden autochthone Weine angebaut und besonders gepflegt. Die Qualit\u00e4ten sind hervorragend. Daher hat sich S\u00fcdtirol in den letzten Jahrzehnten einen Spitzenplatz auf dem europ\u00e4ischen Weinatlas erobert. Das spiegelt sich leider auch im Preisniveau wider. Erstaunlich ist, dass neben einzelnen Vorzeigewinzern insbesondere die zahlreichen Genossenschaften bei Bewertungen immer wieder auf den vorderen Pl\u00e4tzen auftauchen.<\/p>\n\n\n\n<p>Unsere Weinfreunde Andreas Braier und Helmut Eichhorst -beide erkl\u00e4rte S\u00fcdtirol Liebhaber- werden uns an diesem Abend nicht nur zahlreiche Informationen \u00fcber das Weinland S\u00fcdtirol geben, sondern auch eine Auswahl von Weinen vorstellen, die bei weitem nur einen kleinen Teil der Angebotsvielfalt darstellen kann.<\/p>\n\n\n\n<p>Nach der ab 20.08.2021 g\u00fcltigen Coronaschutzverordnung d\u00fcrfen an dieser Veranstaltung nur immunisierte oder getestete Personen teilnehmen. Weiterhin besteht eine Maskenpflicht bis zur Einnahme der festen Pl\u00e4tze.<\/p>\n\n\n\n<p><a href=\"https:\/\/www.weinfreunde-vom-hellweg.de\/alex\/wordpress\/wp-content\/uploads\/2024\/11\/2021-09-16-Weinbewertung-Suedtirol.pdf\" target=\"_blank\" rel=\"noreferrer noopener\">Weinbewertung<\/a> (PDF)<\/p>\n","protected":false},"excerpt":{"rendered":"<p>Donnerstag, 16.09.2021, 19:30 Uhr im Atelier der Lindenbrauerei Unna S\u00fcdtirol ist auf Grund seiner geografischen Lage, seiner geologischen Struktur, seiner Geschichte und seinen daraus resultierenden unterschiedlichen, bis heute wirkm\u00e4chtigen kulturellen Traditionen, ein vielschichtiges, spannendes Reiseland genau an der Schnittstelle zwischen &hellip; <a href=\"https:\/\/www.weinfreunde-vom-hellweg.de\/alex\/wordpress\/?page_id=4056\">Weiterlesen <span class=\"meta-nav\">&rarr;<\/span><\/a><\/p>\n","protected":false},"author":14,"featured_media":0,"parent":3350,"menu_order":15,"comment_status":"closed","ping_status":"closed","template":"","meta":{"ngg_post_thumbnail":0,"footnotes":""},"class_list":["post-4056","page","type-page","status-publish","hentry"],"_links":{"self":[{"href":"https:\/\/www.weinfreunde-vom-hellweg.de\/alex\/wordpress\/index.php?rest_route=\/wp\/v2\/pages\/4056","targetHints":{"allow":["GET"]}}],"collection":[{"href":"https:\/\/www.weinfreunde-vom-hellweg.de\/alex\/wordpress\/index.php?rest_route=\/wp\/v2\/pages"}],"about":[{"href":"https:\/\/www.weinfreunde-vom-hellweg.de\/alex\/wordpress\/index.php?rest_route=\/wp\/v2\/types\/page"}],"author":[{"embeddable":true,"href":"https:\/\/www.weinfreunde-vom-hellweg.de\/alex\/wordpress\/index.php?rest_route=\/wp\/v2\/users\/14"}],"replies":[{"embeddable":true,"href":"https:\/\/www.weinfreunde-vom-hellweg.de\/alex\/wordpress\/index.php?rest_route=%2Fwp%2Fv2%2Fcomments&post=4056"}],"version-history":[{"count":2,"href":"https:\/\/www.weinfreunde-vom-hellweg.de\/alex\/wordpress\/index.php?rest_route=\/wp\/v2\/pages\/4056\/revisions"}],"predecessor-version":[{"id":4072,"href":"https:\/\/www.weinfreunde-vom-hellweg.de\/alex\/wordpress\/index.php?rest_route=\/wp\/v2\/pages\/4056\/revisions\/4072"}],"up":[{"embeddable":true,"href":"https:\/\/www.weinfreunde-vom-hellweg.de\/alex\/wordpress\/index.php?rest_route=\/wp\/v2\/pages\/3350"}],"wp:attachment":[{"href":"https:\/\/www.weinfreunde-vom-hellweg.de\/alex\/wordpress\/index.php?rest_route=%2Fwp%2Fv2%2Fmedia&parent=4056"}],"curies":[{"name":"wp","href":"https:\/\/api.w.org\/{rel}","templated":true}]}}