{"id":4372,"date":"2024-11-28T12:45:12","date_gmt":"2024-11-28T11:45:12","guid":{"rendered":"https:\/\/www.weinfreunde-vom-hellweg.de\/alex\/wordpress\/?page_id=4372"},"modified":"2024-11-28T13:06:09","modified_gmt":"2024-11-28T12:06:09","slug":"beaujolais-eine-verkannte-weinbauregion","status":"publish","type":"page","link":"https:\/\/www.weinfreunde-vom-hellweg.de\/alex\/wordpress\/?page_id=4372","title":{"rendered":"Beaujolais &#8211; eine verkannte Weinbauregion"},"content":{"rendered":"\n<p>Donnerstag, 20.02.2020, 19:30 Uhr im Atelier der Lindenbrauerei Unna<\/p>\n\n\n\n<p>Kennen Sie Saint-Amour? Nur wenige Weinfreunde werden diese ca. 300 ha gro\u00dfe Appellation kennen und mit noch geringerer Wahrscheinlichkeit werden sie diese dem Beaujolais zuordnen k\u00f6nnen. Mit einer gesamten Anbaufl\u00e4che von mehr als 22.500 ha weist das Beaujolais etwa die gleiche Rebfl\u00e4che auf wie die Pfalz als zweitgr\u00f6\u00dftes deutsches Gebiet. Die meisten Menschen verbinden mit dieser Region im s\u00fcdlichen Teil von Burgund den durchgeschickte Marketingma\u00dfnahmen ab November jeden Jahres \u00fcberall im Handel anzutreffenden \u201eBeaujolais Nouveau\u201c bzw. \u201eBeaujolais Primeur\u201c, der noch im Erzeugungsjahr in gro\u00dfen Mengen auf den Markt gelangt, und das immerhin schon seit 1951!<\/p>\n\n\n\n<p>Die Verkaufszahlen dieses bei vielen Weinfreunden nicht unumstrittenen Weines sind hier allerdings seit dem H\u00f6hepunkt in den 1990er Jahren zumindest in Deutschland stark r\u00fcckl\u00e4ufig. Zunehmend werden in den letzten Jahrzehnten jedoch im Beaujolais qualitativ hochwertige Weine produziert, die bei aller Eigenst\u00e4ndigkeit keinen Vergleich mit den Erzeugnissen aus den anderen, teils wesentlich ber\u00fchmteren Anbaugebieten in Frankreich scheuen m\u00fcssen.<\/p>\n\n\n\n<p>Im Rahmen einer ausf\u00fchrlichen Probe wird uns Ralph Tegethoff einen \u00dcberblick der Region mit all ihren Besonderheiten verschaffen. Dabei wird es sehr spannend sein zu schmecken, welche Unterschiede die einzelnen Appellationen aufweisen, obwohl die Rotweine ausschlie\u00dflich aus einer Rebsorte (der Gamay-Traube) gekeltert werden. Als au\u00dfergew\u00f6hnlicher Teil der Probe wird zudem einer der extrem seltenen Wei\u00dfweine sowie ein Sekt vorgestellt. \u00dcbrigens: ein Wein aus Saint-Amour ist auch dabei!<\/p>\n\n\n\n<p><a href=\"https:\/\/www.weinfreunde-vom-hellweg.de\/alex\/wordpress\/wp-content\/uploads\/2024\/11\/2020-02-20-Weinliste-Beaujolais-Weinprobe.pdf\" target=\"_blank\" rel=\"noreferrer noopener\">Weinliste<\/a> (PDF)<\/p>\n\n\n\n<p><a href=\"https:\/\/www.weinfreunde-vom-hellweg.de\/alex\/wordpress\/wp-content\/uploads\/2024\/11\/2020-02-20-Weinbewertung-Beaujolais-Weinprobe.pdf\" target=\"_blank\" rel=\"noreferrer noopener\">Weinbewertung<\/a> (PDF)<\/p>\n","protected":false},"excerpt":{"rendered":"<p>Donnerstag, 20.02.2020, 19:30 Uhr im Atelier der Lindenbrauerei Unna Kennen Sie Saint-Amour? Nur wenige Weinfreunde werden diese ca. 300 ha gro\u00dfe Appellation kennen und mit noch geringerer Wahrscheinlichkeit werden sie diese dem Beaujolais zuordnen k\u00f6nnen. Mit einer gesamten Anbaufl\u00e4che von &hellip; <a href=\"https:\/\/www.weinfreunde-vom-hellweg.de\/alex\/wordpress\/?page_id=4372\">Weiterlesen <span class=\"meta-nav\">&rarr;<\/span><\/a><\/p>\n","protected":false},"author":14,"featured_media":0,"parent":3347,"menu_order":10,"comment_status":"closed","ping_status":"closed","template":"","meta":{"ngg_post_thumbnail":0,"footnotes":""},"class_list":["post-4372","page","type-page","status-publish","hentry"],"_links":{"self":[{"href":"https:\/\/www.weinfreunde-vom-hellweg.de\/alex\/wordpress\/index.php?rest_route=\/wp\/v2\/pages\/4372","targetHints":{"allow":["GET"]}}],"collection":[{"href":"https:\/\/www.weinfreunde-vom-hellweg.de\/alex\/wordpress\/index.php?rest_route=\/wp\/v2\/pages"}],"about":[{"href":"https:\/\/www.weinfreunde-vom-hellweg.de\/alex\/wordpress\/index.php?rest_route=\/wp\/v2\/types\/page"}],"author":[{"embeddable":true,"href":"https:\/\/www.weinfreunde-vom-hellweg.de\/alex\/wordpress\/index.php?rest_route=\/wp\/v2\/users\/14"}],"replies":[{"embeddable":true,"href":"https:\/\/www.weinfreunde-vom-hellweg.de\/alex\/wordpress\/index.php?rest_route=%2Fwp%2Fv2%2Fcomments&post=4372"}],"version-history":[{"count":2,"href":"https:\/\/www.weinfreunde-vom-hellweg.de\/alex\/wordpress\/index.php?rest_route=\/wp\/v2\/pages\/4372\/revisions"}],"predecessor-version":[{"id":4383,"href":"https:\/\/www.weinfreunde-vom-hellweg.de\/alex\/wordpress\/index.php?rest_route=\/wp\/v2\/pages\/4372\/revisions\/4383"}],"up":[{"embeddable":true,"href":"https:\/\/www.weinfreunde-vom-hellweg.de\/alex\/wordpress\/index.php?rest_route=\/wp\/v2\/pages\/3347"}],"wp:attachment":[{"href":"https:\/\/www.weinfreunde-vom-hellweg.de\/alex\/wordpress\/index.php?rest_route=%2Fwp%2Fv2%2Fmedia&parent=4372"}],"curies":[{"name":"wp","href":"https:\/\/api.w.org\/{rel}","templated":true}]}}