{"id":4396,"date":"2024-11-28T17:22:09","date_gmt":"2024-11-28T16:22:09","guid":{"rendered":"https:\/\/www.weinfreunde-vom-hellweg.de\/alex\/wordpress\/?page_id=4396"},"modified":"2024-11-28T18:38:17","modified_gmt":"2024-11-28T17:38:17","slug":"neujahrsempfang","status":"publish","type":"page","link":"https:\/\/www.weinfreunde-vom-hellweg.de\/alex\/wordpress\/?page_id=4396","title":{"rendered":"Neujahrsempfang"},"content":{"rendered":"\n<p>Donnerstag, 08.01.2019, 19:30 Uhr im Atelier der Lindenbrauerei Unn <\/p>\n\n\n\n<p>Zu Beginn des neuen Jahres m\u00f6chten wir wieder zu unserem inzwischen zur Tradition gewordenen gem\u00fctlichen Treffen einladen. Bei Handschnittchen und diversen Weinen aus unserem Weinkeller wollen wir miteinander im Gespr\u00e4ch bleiben und einen Ausblick auf die Veranstaltungen im neuen Jahr geben.<\/p>\n\n\n\n<p class=\"has-drop-cap\"><em>Wer Wein gut trinkt, schl\u00e4ft gut.<br>Wer gut schl\u00e4ft, s\u00fcndigt nicht.<br>Wer nicht s\u00fcndigt wird selig.<br>Wer also gut Wein trinkt, wird selig.<br>(William Shakespeare)<\/em><\/p>\n","protected":false},"excerpt":{"rendered":"<p>Donnerstag, 08.01.2019, 19:30 Uhr im Atelier der Lindenbrauerei Unn Zu Beginn des neuen Jahres m\u00f6chten wir wieder zu unserem inzwischen zur Tradition gewordenen gem\u00fctlichen Treffen einladen. Bei Handschnittchen und diversen Weinen aus unserem Weinkeller wollen wir miteinander im Gespr\u00e4ch bleiben &hellip; <a href=\"https:\/\/www.weinfreunde-vom-hellweg.de\/alex\/wordpress\/?page_id=4396\">Weiterlesen <span class=\"meta-nav\">&rarr;<\/span><\/a><\/p>\n","protected":false},"author":14,"featured_media":0,"parent":4386,"menu_order":5,"comment_status":"closed","ping_status":"closed","template":"","meta":{"ngg_post_thumbnail":0,"footnotes":""},"class_list":["post-4396","page","type-page","status-publish","hentry"],"_links":{"self":[{"href":"https:\/\/www.weinfreunde-vom-hellweg.de\/alex\/wordpress\/index.php?rest_route=\/wp\/v2\/pages\/4396","targetHints":{"allow":["GET"]}}],"collection":[{"href":"https:\/\/www.weinfreunde-vom-hellweg.de\/alex\/wordpress\/index.php?rest_route=\/wp\/v2\/pages"}],"about":[{"href":"https:\/\/www.weinfreunde-vom-hellweg.de\/alex\/wordpress\/index.php?rest_route=\/wp\/v2\/types\/page"}],"author":[{"embeddable":true,"href":"https:\/\/www.weinfreunde-vom-hellweg.de\/alex\/wordpress\/index.php?rest_route=\/wp\/v2\/users\/14"}],"replies":[{"embeddable":true,"href":"https:\/\/www.weinfreunde-vom-hellweg.de\/alex\/wordpress\/index.php?rest_route=%2Fwp%2Fv2%2Fcomments&post=4396"}],"version-history":[{"count":2,"href":"https:\/\/www.weinfreunde-vom-hellweg.de\/alex\/wordpress\/index.php?rest_route=\/wp\/v2\/pages\/4396\/revisions"}],"predecessor-version":[{"id":4435,"href":"https:\/\/www.weinfreunde-vom-hellweg.de\/alex\/wordpress\/index.php?rest_route=\/wp\/v2\/pages\/4396\/revisions\/4435"}],"up":[{"embeddable":true,"href":"https:\/\/www.weinfreunde-vom-hellweg.de\/alex\/wordpress\/index.php?rest_route=\/wp\/v2\/pages\/4386"}],"wp:attachment":[{"href":"https:\/\/www.weinfreunde-vom-hellweg.de\/alex\/wordpress\/index.php?rest_route=%2Fwp%2Fv2%2Fmedia&parent=4396"}],"curies":[{"name":"wp","href":"https:\/\/api.w.org\/{rel}","templated":true}]}}