{"id":4402,"date":"2024-11-28T17:25:22","date_gmt":"2024-11-28T16:25:22","guid":{"rendered":"https:\/\/www.weinfreunde-vom-hellweg.de\/alex\/wordpress\/?page_id=4402"},"modified":"2024-11-28T18:55:29","modified_gmt":"2024-11-28T17:55:29","slug":"alt-und-jung-im-weingut","status":"publish","type":"page","link":"https:\/\/www.weinfreunde-vom-hellweg.de\/alex\/wordpress\/?page_id=4402","title":{"rendered":"Alt und Jung im Weingut"},"content":{"rendered":"\n<p>Donnerstag, 21.03.2019, 19:30 Uhr im Atelier der Lindenbrauerei Unna<\/p>\n\n\n\n<p>Ein gro\u00dfer Anteil an dem Qualit\u00e4tssprung, den der deutsche Wein im letzten Jahrzehnt gemacht hat, ist auch der jungen Winzergeneration zuzuschreiben, die nach und nach in die Betriebe eingestiegen ist. Gut ausgebildet, experimentierfreudig, mit neuen Ideen und dem Wissen \u00fcber neue \u00f6nologische Verfahren sowie internationalen Erfahrungen, tragen sie mit ihrer Kreativit\u00e4t und mit Innovationen erheblich zur Weiterentwicklung der Weinbauregionen bei.<\/p>\n\n\n\n<p>Aber wie gestaltet sich der Einstieg in den elterlichen Betrieb in der Praxis? Wie arbeiten Alt und Jung kooperativ zusammen? Kann ein experimentierfreudiger Jungwinzer seine neuen Ideen und Ausbaustile tats\u00e4chlich umsetzen oder gef\u00e4hrdet er m\u00f6glicherweise damit den Absatz an Bestandskunden? Wie k\u00f6nnen Tradition und neue Ideen in \u00dcbereinstimmung gebracht werden?<\/p>\n\n\n\n<p>Diese und weitere Fragen beantwortet unser heutiger Gast und Referent des Abends, der Winzer und Dipl.-Ing f\u00fcr Weinbau und \u00d6nologie Kai Saulheimer aus Zotzenheim in Rheinhessen, der nach seinem Studium in Geisenheim und einem Auslandaufenthalt in Neuseeland vor acht Jahren in den elterlichen Betrieb eingestiegen ist.<\/p>\n\n\n\n<p>Das Familienweingut Saulheimer, dessen Wurzeln bis 1797 zur\u00fcckgehen, bewirtschaftet heute eine Rebfl\u00e4che von 14,5 ha. Zum Weingut geh\u00f6rt auch ein G\u00e4stehaus. Kai Saulheimer k\u00fcmmert sich schwerpunktm\u00e4\u00dfig um die Weinbereitung, w\u00e4hrend der Senior Volker eher f\u00fcr die Vermarktung zust\u00e4ndig ist. Dagmar und Jasmin Saulheimer managen gemeinsam das B\u00fcro, das G\u00e4stehaus und den Weinverkauf und nicht zuletzt die n\u00e4chste Wein- &amp; Winzergeneration Aurelia und Liam.<\/p>\n\n\n\n<p>Selbstverst\u00e4ndlich kommt an diesem Abend auch der Weingenuss nicht zu kurz. Begleitend zu seinen Ausf\u00fchrungen wird Kai Saulheimer uns ein Querschnitt der Weine des Weingutes pr\u00e4sentieren.<\/p>\n\n\n\n<p><a href=\"https:\/\/www.weinfreunde-vom-hellweg.de\/alex\/wordpress\/wp-content\/uploads\/2024\/11\/2019-03-21-Weinliste-Alt-und-Jung.pdf\" target=\"_blank\" rel=\"noreferrer noopener\">Weinliste<\/a> (PDF)<\/p>\n\n\n\n<p><a href=\"https:\/\/www.weinfreunde-vom-hellweg.de\/alex\/wordpress\/wp-content\/uploads\/2024\/11\/2019-03-21-Weinbewertung-Alt-und-Jung.pdf\" target=\"_blank\" rel=\"noreferrer noopener\">Weinbewertung<\/a> (PDF)<\/p>\n","protected":false},"excerpt":{"rendered":"<p>Donnerstag, 21.03.2019, 19:30 Uhr im Atelier der Lindenbrauerei Unna Ein gro\u00dfer Anteil an dem Qualit\u00e4tssprung, den der deutsche Wein im letzten Jahrzehnt gemacht hat, ist auch der jungen Winzergeneration zuzuschreiben, die nach und nach in die Betriebe eingestiegen ist. Gut &hellip; <a href=\"https:\/\/www.weinfreunde-vom-hellweg.de\/alex\/wordpress\/?page_id=4402\">Weiterlesen <span class=\"meta-nav\">&rarr;<\/span><\/a><\/p>\n","protected":false},"author":14,"featured_media":0,"parent":4386,"menu_order":15,"comment_status":"closed","ping_status":"closed","template":"","meta":{"ngg_post_thumbnail":0,"footnotes":""},"class_list":["post-4402","page","type-page","status-publish","hentry"],"_links":{"self":[{"href":"https:\/\/www.weinfreunde-vom-hellweg.de\/alex\/wordpress\/index.php?rest_route=\/wp\/v2\/pages\/4402","targetHints":{"allow":["GET"]}}],"collection":[{"href":"https:\/\/www.weinfreunde-vom-hellweg.de\/alex\/wordpress\/index.php?rest_route=\/wp\/v2\/pages"}],"about":[{"href":"https:\/\/www.weinfreunde-vom-hellweg.de\/alex\/wordpress\/index.php?rest_route=\/wp\/v2\/types\/page"}],"author":[{"embeddable":true,"href":"https:\/\/www.weinfreunde-vom-hellweg.de\/alex\/wordpress\/index.php?rest_route=\/wp\/v2\/users\/14"}],"replies":[{"embeddable":true,"href":"https:\/\/www.weinfreunde-vom-hellweg.de\/alex\/wordpress\/index.php?rest_route=%2Fwp%2Fv2%2Fcomments&post=4402"}],"version-history":[{"count":2,"href":"https:\/\/www.weinfreunde-vom-hellweg.de\/alex\/wordpress\/index.php?rest_route=\/wp\/v2\/pages\/4402\/revisions"}],"predecessor-version":[{"id":4445,"href":"https:\/\/www.weinfreunde-vom-hellweg.de\/alex\/wordpress\/index.php?rest_route=\/wp\/v2\/pages\/4402\/revisions\/4445"}],"up":[{"embeddable":true,"href":"https:\/\/www.weinfreunde-vom-hellweg.de\/alex\/wordpress\/index.php?rest_route=\/wp\/v2\/pages\/4386"}],"wp:attachment":[{"href":"https:\/\/www.weinfreunde-vom-hellweg.de\/alex\/wordpress\/index.php?rest_route=%2Fwp%2Fv2%2Fmedia&parent=4402"}],"curies":[{"name":"wp","href":"https:\/\/api.w.org\/{rel}","templated":true}]}}