{"id":4404,"date":"2024-11-28T17:26:53","date_gmt":"2024-11-28T16:26:53","guid":{"rendered":"https:\/\/www.weinfreunde-vom-hellweg.de\/alex\/wordpress\/?page_id=4404"},"modified":"2024-11-28T19:01:45","modified_gmt":"2024-11-28T18:01:45","slug":"sensorische-vielfalt-deutscher-weine","status":"publish","type":"page","link":"https:\/\/www.weinfreunde-vom-hellweg.de\/alex\/wordpress\/?page_id=4404","title":{"rendered":"Sensorische Vielfalt Deutscher Weine"},"content":{"rendered":"\n<p>Donnerstag, 11.04.2019, 19:30 Uhr im Atelier der Lindenbrauerei Unna<\/p>\n\n\n\n<p>Die Vielfalt deutscher Weine ist beispiellos. Nicht nur unterschiedlichste Bodenverh\u00e4ltnisse, klimatische Bedingungen und Rebsorten der 13 deutschen Anbaugebiete sorgen f\u00fcr genussvolle Variationen, sondern zus\u00e4tzlich auch die Handschrift und Philosophie der Winzer. <\/p>\n\n\n\n<p>Kann man Terroir schmecken? Wie zeigen sich Qualit\u00e4tsunterschiede im Geschmack? Welchen Einfluss haben unterschiedliche Ausbaumethoden? Welchen sensorischen Einfluss haben Minerale?<\/p>\n\n\n\n<p>Wir freuen uns, dass wir zu diesem Thema wieder einmal Kurt Jannett vom Deutschen Weininstitut gewinnen konnten. Mit \u00fcber 1.000 durchgef\u00fchrten Seminaren und mehr als 20.000 Teilnehmern z\u00e4hlt Kurt Jannett zu den erfahrensten Seminarleitern im deutschsprachigen Raum.<\/p>\n\n\n\n<p>Im Rahmen einer Degustation unterschiedlichster Weine werden wir die Geschmacksvielfalt und das Potential verschiedener deutscher Weine herausarbeiten und genie\u00dfen.<\/p>\n\n\n\n<p><a href=\"https:\/\/www.weinfreunde-vom-hellweg.de\/alex\/wordpress\/wp-content\/uploads\/2024\/11\/2019-04-11-Weinliste-Sensorische-Vielfalt.pdf\" target=\"_blank\" rel=\"noreferrer noopener\">Weinliste<\/a> (PDF)<\/p>\n\n\n\n<p><a href=\"https:\/\/www.weinfreunde-vom-hellweg.de\/alex\/wordpress\/wp-content\/uploads\/2024\/11\/2019-04-11-Weinbewertung-Sensorische-Vielfalt.pdf\" target=\"_blank\" rel=\"noreferrer noopener\">Weinbewertung<\/a> (PDF)<\/p>\n","protected":false},"excerpt":{"rendered":"<p>Donnerstag, 11.04.2019, 19:30 Uhr im Atelier der Lindenbrauerei Unna Die Vielfalt deutscher Weine ist beispiellos. Nicht nur unterschiedlichste Bodenverh\u00e4ltnisse, klimatische Bedingungen und Rebsorten der 13 deutschen Anbaugebiete sorgen f\u00fcr genussvolle Variationen, sondern zus\u00e4tzlich auch die Handschrift und Philosophie der Winzer. &hellip; <a href=\"https:\/\/www.weinfreunde-vom-hellweg.de\/alex\/wordpress\/?page_id=4404\">Weiterlesen <span class=\"meta-nav\">&rarr;<\/span><\/a><\/p>\n","protected":false},"author":14,"featured_media":0,"parent":4386,"menu_order":20,"comment_status":"closed","ping_status":"closed","template":"","meta":{"ngg_post_thumbnail":0,"footnotes":""},"class_list":["post-4404","page","type-page","status-publish","hentry"],"_links":{"self":[{"href":"https:\/\/www.weinfreunde-vom-hellweg.de\/alex\/wordpress\/index.php?rest_route=\/wp\/v2\/pages\/4404","targetHints":{"allow":["GET"]}}],"collection":[{"href":"https:\/\/www.weinfreunde-vom-hellweg.de\/alex\/wordpress\/index.php?rest_route=\/wp\/v2\/pages"}],"about":[{"href":"https:\/\/www.weinfreunde-vom-hellweg.de\/alex\/wordpress\/index.php?rest_route=\/wp\/v2\/types\/page"}],"author":[{"embeddable":true,"href":"https:\/\/www.weinfreunde-vom-hellweg.de\/alex\/wordpress\/index.php?rest_route=\/wp\/v2\/users\/14"}],"replies":[{"embeddable":true,"href":"https:\/\/www.weinfreunde-vom-hellweg.de\/alex\/wordpress\/index.php?rest_route=%2Fwp%2Fv2%2Fcomments&post=4404"}],"version-history":[{"count":2,"href":"https:\/\/www.weinfreunde-vom-hellweg.de\/alex\/wordpress\/index.php?rest_route=\/wp\/v2\/pages\/4404\/revisions"}],"predecessor-version":[{"id":4449,"href":"https:\/\/www.weinfreunde-vom-hellweg.de\/alex\/wordpress\/index.php?rest_route=\/wp\/v2\/pages\/4404\/revisions\/4449"}],"up":[{"embeddable":true,"href":"https:\/\/www.weinfreunde-vom-hellweg.de\/alex\/wordpress\/index.php?rest_route=\/wp\/v2\/pages\/4386"}],"wp:attachment":[{"href":"https:\/\/www.weinfreunde-vom-hellweg.de\/alex\/wordpress\/index.php?rest_route=%2Fwp%2Fv2%2Fmedia&parent=4404"}],"curies":[{"name":"wp","href":"https:\/\/api.w.org\/{rel}","templated":true}]}}